{"id":41159,"date":"2024-07-24T09:24:24","date_gmt":"2024-07-24T09:24:24","guid":{"rendered":"https:\/\/www.customywear.com\/?post_type=product&#038;p=41159"},"modified":"2026-05-05T20:23:27","modified_gmt":"2026-05-05T20:23:27","slug":"koszulka-z-zenskim-pajakiem","status":"publish","type":"product","link":"https:\/\/www.customywear.com\/pl\/female-spider-tee\/","title":{"rendered":"Damskie koszulki z superbohaterkami \u2013 spersonalizowana modna koszulka z superbohaterem paj\u0105kiem"},"content":{"rendered":"<p>Koszulki z superbohaterkami dla kobiet \u2013 spersonalizowana koszulka Spider Superhero Fashion: \u015awi\u0119tuj sw\u00f3j superbohaterski styl dzi\u0119ki naszym koszulkom z superbohaterkami dla kobiet \u2013 spersonalizowana koszulka Spider Superhero Fashion! Ta spersonalizowana koszulka ma superbohaterski wz\u00f3r na podstawie Twojego zdj\u0119cia, nadrukowany na mi\u0119kkiej 100% bawe\u0142nie przy u\u017cyciu wysokiej jako\u015bci technologii DTG. Dzi\u0119ki regularnemu dopasowaniu i stylowi unisex idealnie nadaje si\u0119 do codziennego noszenia, a utalentowani arty\u015bci tworz\u0105 \u017cyw\u0105, spersonalizowan\u0105 grafik\u0119 superbohatera, kt\u00f3ra jest zar\u00f3wno stylowa, jak i wyj\u0105tkowa.<\/p>","protected":false},"excerpt":{"rendered":"<p>Wzmocnij z kobiecymi koszulkami superbohater\u00f3w. Niestandardowe koszulki z superbohaterami Spider zamieniaj\u0105 ka\u017cde zdj\u0119cie w odwa\u017cn\u0105, stylow\u0105 koszulk\u0119.<\/p>","protected":false},"featured_media":135223,"comment_status":"open","ping_status":"closed","template":"","meta":{"_acf_changed":false},"product_brand":[],"product_cat":[6191,6151,6412,515,6428,75],"product_tag":[6214,6433,6328,229,6215],"class_list":{"0":"post-41159","1":"product","2":"type-product","3":"status-publish","4":"has-post-thumbnail","6":"product_cat-t-shirts-women","7":"product_cat-custom-gifts-spiderman","8":"product_cat-photo-to-tees","9":"product_cat-superhero","10":"product_cat-translate-products","11":"product_cat-women","12":"product_tag-affordable-custom-t-shirts","13":"product_tag-ai-artwork","14":"product_tag-custom-image-t-shirt-for-women","15":"product_tag-custom-tee-shirts","16":"product_tag-screen-printing-near-me","18":"first","19":"instock","20":"taxable","21":"shipping-taxable","22":"purchasable","23":"product-type-simple"},"acf":[],"wcpa_form_fields":null,"_links":{"self":[{"href":"https:\/\/www.customywear.com\/pl\/wp-json\/wp\/v2\/product\/41159","targetHints":{"allow":["GET"]}}],"collection":[{"href":"https:\/\/www.customywear.com\/pl\/wp-json\/wp\/v2\/product"}],"about":[{"href":"https:\/\/www.customywear.com\/pl\/wp-json\/wp\/v2\/types\/product"}],"replies":[{"embeddable":true,"href":"https:\/\/www.customywear.com\/pl\/wp-json\/wp\/v2\/comments?post=41159"}],"wp:featuredmedia":[{"embeddable":true,"href":"https:\/\/www.customywear.com\/pl\/wp-json\/wp\/v2\/media\/135223"}],"wp:attachment":[{"href":"https:\/\/www.customywear.com\/pl\/wp-json\/wp\/v2\/media?parent=41159"}],"wp:term":[{"taxonomy":"product_brand","embeddable":true,"href":"https:\/\/www.customywear.com\/pl\/wp-json\/wp\/v2\/product_brand?post=41159"},{"taxonomy":"product_cat","embeddable":true,"href":"https:\/\/www.customywear.com\/pl\/wp-json\/wp\/v2\/product_cat?post=41159"},{"taxonomy":"product_tag","embeddable":true,"href":"https:\/\/www.customywear.com\/pl\/wp-json\/wp\/v2\/product_tag?post=41159"}],"curies":[{"name":"wp","href":"https:\/\/api.w.org\/{rel}","templated":true}]}}