{"id":41241,"date":"2024-07-24T09:26:15","date_gmt":"2024-07-24T09:26:15","guid":{"rendered":"https:\/\/www.customywear.com\/?post_type=product&#038;p=41241"},"modified":"2026-05-07T15:29:43","modified_gmt":"2026-05-07T15:29:43","slug":"koszulka-dziewczyny-pajak-superbohater","status":"publish","type":"product","link":"https:\/\/www.customywear.com\/pl\/girls-spider-superhero-shirt\/","title":{"rendered":"Koszulka z nadrukiem dla dziewczynek \u2013 Koszulka z nadrukiem Superbohaterki Art Spider"},"content":{"rendered":"<p>Koszulka z nadrukiem dla dziewczynek \u2013 Koszulka z nadrukiem Art Spider Superhero: Wzmocnij swoj\u0105 ma\u0142\u0105 superbohaterk\u0119 dzi\u0119ki naszej koszulce z nadrukiem dla dziewczynek \u2013 Koszulka z nadrukiem Art Spider Superhero! Ta spersonalizowana koszulka prezentuje superbohaterski wz\u00f3r inspirowany jej zdj\u0119ciem, wydrukowany na mi\u0119kkiej 100% bawe\u0142nie przy u\u017cyciu wysokiej jako\u015bci technologii DTG. Regularny kr\u00f3j i styl unisex zapewniaj\u0105 wygod\u0119 podczas codziennych przyg\u00f3d, a ka\u017cda koszulka jest unikalnie wykonana, aby mie\u0107 \u017cyw\u0105, spersonalizowan\u0105 grafik\u0119 superbohaterki, kt\u00f3ra j\u0105 wyr\u00f3\u017cnia.<\/p>","protected":false},"excerpt":{"rendered":"<p>Wzmocnij m\u0142ode dziewczyny dzi\u0119ki niestandardowej koszulce dla dziewczyn. Custom Art Spider Superhero Shirts przekszta\u0142ca ka\u017cde zdj\u0119cie w zabawn\u0105, wyj\u0105tkow\u0105 koszulk\u0119.<\/p>","protected":false},"featured_media":135135,"comment_status":"open","ping_status":"closed","template":"","meta":{"_acf_changed":false},"product_brand":[],"product_cat":[6193,496,6151,152,6412,515,6428],"product_tag":[6433,6439,6331,6221],"class_list":{"0":"post-41241","1":"product","2":"type-product","3":"status-publish","4":"has-post-thumbnail","6":"product_cat-girls-t-shirts","7":"product_cat-birthday","8":"product_cat-custom-gifts-spiderman","9":"product_cat-girls","10":"product_cat-photo-to-tees","11":"product_cat-superhero","12":"product_cat-translate-products","13":"product_tag-ai-artwork","14":"product_tag-ai-kids-artwork","15":"product_tag-custom-picture-t-shirt-for-girls","16":"product_tag-custom-t-shirts-near-me","18":"first","19":"instock","20":"taxable","21":"shipping-taxable","22":"purchasable","23":"product-type-simple"},"acf":[],"wcpa_form_fields":null,"_links":{"self":[{"href":"https:\/\/www.customywear.com\/pl\/wp-json\/wp\/v2\/product\/41241","targetHints":{"allow":["GET"]}}],"collection":[{"href":"https:\/\/www.customywear.com\/pl\/wp-json\/wp\/v2\/product"}],"about":[{"href":"https:\/\/www.customywear.com\/pl\/wp-json\/wp\/v2\/types\/product"}],"replies":[{"embeddable":true,"href":"https:\/\/www.customywear.com\/pl\/wp-json\/wp\/v2\/comments?post=41241"}],"wp:featuredmedia":[{"embeddable":true,"href":"https:\/\/www.customywear.com\/pl\/wp-json\/wp\/v2\/media\/135135"}],"wp:attachment":[{"href":"https:\/\/www.customywear.com\/pl\/wp-json\/wp\/v2\/media?parent=41241"}],"wp:term":[{"taxonomy":"product_brand","embeddable":true,"href":"https:\/\/www.customywear.com\/pl\/wp-json\/wp\/v2\/product_brand?post=41241"},{"taxonomy":"product_cat","embeddable":true,"href":"https:\/\/www.customywear.com\/pl\/wp-json\/wp\/v2\/product_cat?post=41241"},{"taxonomy":"product_tag","embeddable":true,"href":"https:\/\/www.customywear.com\/pl\/wp-json\/wp\/v2\/product_tag?post=41241"}],"curies":[{"name":"wp","href":"https:\/\/api.w.org\/{rel}","templated":true}]}}