{"id":42534,"date":"2024-09-11T15:29:21","date_gmt":"2024-09-11T15:29:21","guid":{"rendered":"https:\/\/www.customywear.com\/?post_type=product&#038;p=42534"},"modified":"2026-05-16T11:41:45","modified_gmt":"2026-05-16T11:41:45","slug":"koszulka-gitara-chlopcy","status":"publish","type":"product","link":"https:\/\/www.customywear.com\/pl\/guitar-t-shirt-boys\/","title":{"rendered":"Koszulka z nadrukiem gitarowym \u2013 spersonalizowana koszulka z nadrukiem gitarowym dla ch\u0142opc\u00f3w"},"content":{"rendered":"<p>Koszulka z nadrukiem gitarowym \u2013 Podnie\u015b styl swojego ch\u0142opca dzi\u0119ki naszej koszulce z nadrukiem gitarowym dla ch\u0142opc\u00f3w, prezentuj\u0105cej wyj\u0105tkowy projekt wykonany na podstawie Twoich zdj\u0119\u0107. Ta koszulka z nadrukiem gitarowym jest wykonana z mi\u0119kkiej bawe\u0142ny w 100%, co zapewnia wyj\u0105tkowy komfort, oraz najwy\u017cszej jako\u015bci, co zapewnia trwa\u0142o\u015b\u0107. Dzi\u0119ki regularnemu dopasowaniu i projektowi unisex, \u015bwietnie nadaje si\u0119 do codziennego u\u017cytku. Ciesz si\u0119 \u017cywymi, trwa\u0142ymi nadrukami z wysokiej jako\u015bci nadrukiem DTG i spersonalizowan\u0105 grafik\u0105 cyfrow\u0105.<\/p>","protected":false},"excerpt":{"rendered":"<p>Inspiruj ch\u0142opc\u00f3w z gitarow\u0105 koszul\u0105 z nadrukiem. Niestandardowe koszulki z gitar\u0105 zamieniaj\u0105 ka\u017cde zdj\u0119cie w zabawn\u0105, jedyn\u0105 w swoim rodzaju koszulk\u0119.<\/p>","protected":false},"featured_media":134538,"comment_status":"open","ping_status":"closed","template":"","meta":{"_acf_changed":false},"product_brand":[],"product_cat":[6189,6123,6412,6428,58],"product_tag":[6433,6439,6221],"class_list":{"0":"post-42534","1":"product","2":"type-product","3":"status-publish","4":"has-post-thumbnail","6":"product_cat-boys-t-shirts","7":"product_cat-custom-gifts-ai-guitar","8":"product_cat-photo-to-tees","9":"product_cat-translate-products","10":"product_cat-youth-kids","11":"product_tag-ai-artwork","12":"product_tag-ai-kids-artwork","13":"product_tag-custom-t-shirts-near-me","15":"first","16":"instock","17":"taxable","18":"shipping-taxable","19":"purchasable","20":"product-type-simple"},"acf":[],"wcpa_form_fields":null,"_links":{"self":[{"href":"https:\/\/www.customywear.com\/pl\/wp-json\/wp\/v2\/product\/42534","targetHints":{"allow":["GET"]}}],"collection":[{"href":"https:\/\/www.customywear.com\/pl\/wp-json\/wp\/v2\/product"}],"about":[{"href":"https:\/\/www.customywear.com\/pl\/wp-json\/wp\/v2\/types\/product"}],"replies":[{"embeddable":true,"href":"https:\/\/www.customywear.com\/pl\/wp-json\/wp\/v2\/comments?post=42534"}],"wp:featuredmedia":[{"embeddable":true,"href":"https:\/\/www.customywear.com\/pl\/wp-json\/wp\/v2\/media\/134538"}],"wp:attachment":[{"href":"https:\/\/www.customywear.com\/pl\/wp-json\/wp\/v2\/media?parent=42534"}],"wp:term":[{"taxonomy":"product_brand","embeddable":true,"href":"https:\/\/www.customywear.com\/pl\/wp-json\/wp\/v2\/product_brand?post=42534"},{"taxonomy":"product_cat","embeddable":true,"href":"https:\/\/www.customywear.com\/pl\/wp-json\/wp\/v2\/product_cat?post=42534"},{"taxonomy":"product_tag","embeddable":true,"href":"https:\/\/www.customywear.com\/pl\/wp-json\/wp\/v2\/product_tag?post=42534"}],"curies":[{"name":"wp","href":"https:\/\/api.w.org\/{rel}","templated":true}]}}