{"id":42542,"date":"2024-09-11T15:29:39","date_gmt":"2024-09-11T15:29:39","guid":{"rendered":"https:\/\/www.customywear.com\/?post_type=product&#038;p=42542"},"modified":"2026-05-07T15:29:43","modified_gmt":"2026-05-07T15:29:43","slug":"koszulka-z-gitara-na-urodziny-malucha","status":"publish","type":"product","link":"https:\/\/www.customywear.com\/pl\/toddler-birthday-guitar-tee\/","title":{"rendered":"Koszulka Basista \u2013 Urodzinowa koszulka dla dziewczynki z gitar\u0105"},"content":{"rendered":"<p>Koszulka Basista \u2013 Uczy\u0144 urodziny swojej ma\u0142ej dziewczynki wyj\u0105tkowymi dzi\u0119ki naszej koszulce z gitar\u0105 urodzinow\u0105 dla ma\u0142ych dziewczynek, prezentuj\u0105c wyj\u0105tkowy wz\u00f3r stworzony na podstawie Twoich zdj\u0119\u0107. Ta koszulka Basista jest wykonana z mi\u0119kkiej bawe\u0142ny w 100% dla najwy\u017cszego komfortu i najwy\u017cszej jako\u015bci dla trwa\u0142o\u015bci. Posiada regularny kr\u00f3j i design unisex, \u015bwietnie nadaje si\u0119 do noszenia na co dzie\u0144. Ciesz si\u0119 \u017cywymi, trwa\u0142ymi nadrukami z wysokiej jako\u015bci nadrukiem DTG i spersonalizowan\u0105 grafik\u0105 cyfrow\u0105.<\/p>","protected":false},"excerpt":{"rendered":"<p>\u015awi\u0119tuj muzyk\u0119 za pomoc\u0105 basisty T-shirt. Koszulki na gitar\u0119 urodzinow\u0105 Toddler Girl zamieniaj\u0105 ka\u017cde zdj\u0119cie w zabawn\u0105, wyj\u0105tkow\u0105 koszulk\u0119.<\/p>","protected":false},"featured_media":95523,"comment_status":"open","ping_status":"closed","template":"","meta":{"_acf_changed":false},"product_brand":[],"product_cat":[6207,6123,6412,6428],"product_tag":[6433,6439,6221],"class_list":{"0":"post-42542","1":"product","2":"type-product","3":"status-publish","4":"has-post-thumbnail","6":"product_cat-toddler-girl-t-shirts","7":"product_cat-custom-gifts-ai-guitar","8":"product_cat-photo-to-tees","9":"product_cat-translate-products","10":"product_tag-ai-artwork","11":"product_tag-ai-kids-artwork","12":"product_tag-custom-t-shirts-near-me","14":"first","15":"instock","16":"taxable","17":"shipping-taxable","18":"purchasable","19":"product-type-simple"},"acf":[],"wcpa_form_fields":null,"_links":{"self":[{"href":"https:\/\/www.customywear.com\/pl\/wp-json\/wp\/v2\/product\/42542","targetHints":{"allow":["GET"]}}],"collection":[{"href":"https:\/\/www.customywear.com\/pl\/wp-json\/wp\/v2\/product"}],"about":[{"href":"https:\/\/www.customywear.com\/pl\/wp-json\/wp\/v2\/types\/product"}],"replies":[{"embeddable":true,"href":"https:\/\/www.customywear.com\/pl\/wp-json\/wp\/v2\/comments?post=42542"}],"wp:featuredmedia":[{"embeddable":true,"href":"https:\/\/www.customywear.com\/pl\/wp-json\/wp\/v2\/media\/95523"}],"wp:attachment":[{"href":"https:\/\/www.customywear.com\/pl\/wp-json\/wp\/v2\/media?parent=42542"}],"wp:term":[{"taxonomy":"product_brand","embeddable":true,"href":"https:\/\/www.customywear.com\/pl\/wp-json\/wp\/v2\/product_brand?post=42542"},{"taxonomy":"product_cat","embeddable":true,"href":"https:\/\/www.customywear.com\/pl\/wp-json\/wp\/v2\/product_cat?post=42542"},{"taxonomy":"product_tag","embeddable":true,"href":"https:\/\/www.customywear.com\/pl\/wp-json\/wp\/v2\/product_tag?post=42542"}],"curies":[{"name":"wp","href":"https:\/\/api.w.org\/{rel}","templated":true}]}}