{"id":7243,"date":"2024-09-27T07:25:56","date_gmt":"2024-09-27T07:25:56","guid":{"rendered":"https:\/\/www.customywear.com\/?page_id=7243"},"modified":"2024-10-15T15:35:53","modified_gmt":"2024-10-15T15:35:53","slug":"perguntas-frequentes","status":"publish","type":"page","link":"https:\/\/www.customywear.com\/pt\/faqs\/","title":{"rendered":"Perguntas frequentes"},"content":{"rendered":"<h2 class=\"wp-block-heading alignfull has-text-align-center has-white-color has-text-color has-background has-link-color wp-elements-acc56bf3ea8d88e38c69b4c747345d3b\" style=\"background:linear-gradient(180deg,rgb(35,154,221) 0%,rgb(30,59,102) 100%)\">Perguntas frequentes<\/h2>\n\n\n<div id=\"rank-math-faq\" class=\"rank-math-block\">\n<div class=\"rank-math-list\">\n<div id=\"faq-question-1729006435376\" class=\"rank-math-list-item\">\n<h3 class=\"rank-math-question\"><a>Como encomendar produtos personalizados?<\/a><\/h3>\n<div class=\"rank-math-answer\">\n\n<p>Navegue pelas nossas cole\u00e7\u00f5es e selecione o produto desejado. Na p\u00e1gina do produto, selecione o tamanho e a cor, carregue sua foto e adicione as descri\u00e7\u00f5es desejadas (por exemplo, textos personalizados, nome da fonte, etc.) e, se desejar, compre. Enviaremos atualiza\u00e7\u00f5es do pedido por e-mail.<\/p>\n\n<\/div>\n<\/div>\n<div id=\"faq-question-1729006444323\" class=\"rank-math-list-item\">\n<h3 class=\"rank-math-question\"><a>Qual \u00e9 o custo de envio e o prazo de entrega?<\/a><\/h3>\n<div class=\"rank-math-answer\">\n\n<p>Navegue pelas nossas cole\u00e7\u00f5es e selecione o produto desejado. Na p\u00e1gina do produto, selecione o tamanho e a cor, carregue sua foto e adicione as descri\u00e7\u00f5es desejadas (por exemplo, textos personalizados, nome da fonte, etc.) e, se desejar, compre. Enviaremos atualiza\u00e7\u00f5es do pedido por e-mail.<\/p>\n\n<\/div>\n<\/div>\n<div id=\"faq-question-1729006488594\" class=\"rank-math-list-item\">\n<h3 class=\"rank-math-question\"><a>N\u00e3o consigo enviar fotos, como posso fazer o pedido?<\/a><\/h3>\n<div class=\"rank-math-answer\">\n\n<p>Aguarde um minuto para enviar as fotos quando clicar em \u201cAdicionar ao carrinho\u201d. Se houver algum problema, voc\u00ea pode pular o upload e prosseguir para a finaliza\u00e7\u00e3o da compra e nos enviar suas fotos diretamente para nosso e-mail com o n\u00famero do seu pedido: <a href=\"mailto:support@customywear.com\"><strong>support@customywear.com<\/strong><\/a><\/p>\n<p>Tamb\u00e9m entraremos em contato caso a foto esteja faltando.<\/p>\n\n<\/div>\n<\/div>\n<div id=\"faq-question-1729006503315\" class=\"rank-math-list-item\">\n<h3 class=\"rank-math-question\"><a>Voc\u00eas aceitam fotos de baixa qualidade?<\/a><\/h3>\n<div class=\"rank-math-answer\">\n\n<p>Depende. Contanto que a foto pare\u00e7a n\u00edtida na tela do celular ou do monitor, ela estar\u00e1 boa.<\/p>\n\n<\/div>\n<\/div>\n<div id=\"faq-question-1729006532466\" class=\"rank-math-list-item\">\n<h3 class=\"rank-math-question\"><a>N\u00e3o consigo encontrar um produto para o tamanho Infantil \/ Adulto \/ Beb\u00ea. O que posso fazer?<\/a><\/h3>\n<div class=\"rank-math-answer\">\n\n<p>Temos todos os designs dispon\u00edveis para todos os g\u00eaneros e idades. \u00c0s vezes, n\u00e3o conseguimos exibir todos os estilos de produtos facilmente. Portanto, voc\u00ea pode simplesmente entrar em contato conosco pelo chat ao vivo ou nos enviar um e-mail com o que procura.<\/p>\n\n<\/div>\n<\/div>\n<\/div>\n<\/div>\n\n\n<p><br><br><\/p>\n\n\n\n<p><\/p>","protected":false},"excerpt":{"rendered":"<p>Perguntas frequentes<\/p>","protected":false},"author":2,"featured_media":0,"parent":0,"menu_order":0,"comment_status":"closed","ping_status":"closed","template":"template-fullwidth-no-heading.php","meta":{"_acf_changed":false,"footnotes":""},"class_list":["post-7243","page","type-page","status-publish","hentry"],"acf":[],"_links":{"self":[{"href":"https:\/\/www.customywear.com\/pt\/wp-json\/wp\/v2\/pages\/7243","targetHints":{"allow":["GET"]}}],"collection":[{"href":"https:\/\/www.customywear.com\/pt\/wp-json\/wp\/v2\/pages"}],"about":[{"href":"https:\/\/www.customywear.com\/pt\/wp-json\/wp\/v2\/types\/page"}],"author":[{"embeddable":true,"href":"https:\/\/www.customywear.com\/pt\/wp-json\/wp\/v2\/users\/2"}],"replies":[{"embeddable":true,"href":"https:\/\/www.customywear.com\/pt\/wp-json\/wp\/v2\/comments?post=7243"}],"version-history":[{"count":0,"href":"https:\/\/www.customywear.com\/pt\/wp-json\/wp\/v2\/pages\/7243\/revisions"}],"wp:attachment":[{"href":"https:\/\/www.customywear.com\/pt\/wp-json\/wp\/v2\/media?parent=7243"}],"curies":[{"name":"wp","href":"https:\/\/api.w.org\/{rel}","templated":true}]}}