{"id":129109,"date":"2025-03-29T13:55:42","date_gmt":"2025-03-29T13:55:42","guid":{"rendered":"https:\/\/www.customywear.com\/?post_type=product&#038;p=129109"},"modified":"2026-05-05T20:23:26","modified_gmt":"2026-05-05T20:23:26","slug":"camiseta-feminina-personalizada-com-tema-frances","status":"publish","type":"product","link":"https:\/\/www.customywear.com\/pt\/custom-french-themed-tshirt-women\/","title":{"rendered":"Personalizado franc\u00eas-Tem\u00e1tico T-Shirt para as Mulheres \u2013 Personalizadas com Foto Personagem Tee"},"content":{"rendered":"<p>Abrace o charme da Fran\u00e7a com nossa camiseta feminina personalizada com tema franc\u00eas! Transforme sua foto favorita em um personagem vibrante e personalizado, vestido com as cores da bandeira francesa, em um cen\u00e1rio pitoresco de playground franc\u00eas. Confeccionada em 100% algod\u00e3o macio, esta camiseta de qualidade premium apresenta impress\u00e3o DTG de alta qualidade para designs vibrantes e duradouros que refletem seu estilo \u00fanico. Perfeita como um presente atencioso para anivers\u00e1rios, Natal, casamentos ou simplesmente para aqueles que prezam a cultura francesa e sonham em viajar para a Fran\u00e7a.<\/p>","protected":false},"excerpt":{"rendered":"<p>Eleve a moda com uma camiseta personalizada com tema franc\u00eas para mulheres. As camisetas personalizadas de personagens transformam qualquer foto em uma camiseta elegante e \u00fanica.<\/p>","protected":false},"featured_media":129196,"comment_status":"open","ping_status":"closed","template":"","meta":{"_acf_changed":false},"product_brand":[],"product_cat":[6191,6320,6412,6428,75,6358,6355],"product_tag":[6214,6433,6328,229,6215],"class_list":{"0":"post-129109","1":"product","2":"type-product","3":"status-publish","4":"has-post-thumbnail","6":"product_cat-t-shirts-women","7":"product_cat-custom-gifts-french-culture","8":"product_cat-photo-to-tees","9":"product_cat-translate-products","10":"product_cat-women","11":"product_cat-womens-anniversary-t-shirts","12":"product_cat-womens-culture-country-t-shirts","13":"product_tag-affordable-custom-t-shirts","14":"product_tag-ai-artwork","15":"product_tag-custom-image-t-shirt-for-women","16":"product_tag-custom-tee-shirts","17":"product_tag-screen-printing-near-me","19":"first","20":"instock","21":"taxable","22":"shipping-taxable","23":"purchasable","24":"product-type-simple"},"acf":[],"wcpa_form_fields":null,"_links":{"self":[{"href":"https:\/\/www.customywear.com\/pt\/wp-json\/wp\/v2\/product\/129109","targetHints":{"allow":["GET"]}}],"collection":[{"href":"https:\/\/www.customywear.com\/pt\/wp-json\/wp\/v2\/product"}],"about":[{"href":"https:\/\/www.customywear.com\/pt\/wp-json\/wp\/v2\/types\/product"}],"replies":[{"embeddable":true,"href":"https:\/\/www.customywear.com\/pt\/wp-json\/wp\/v2\/comments?post=129109"}],"wp:featuredmedia":[{"embeddable":true,"href":"https:\/\/www.customywear.com\/pt\/wp-json\/wp\/v2\/media\/129196"}],"wp:attachment":[{"href":"https:\/\/www.customywear.com\/pt\/wp-json\/wp\/v2\/media?parent=129109"}],"wp:term":[{"taxonomy":"product_brand","embeddable":true,"href":"https:\/\/www.customywear.com\/pt\/wp-json\/wp\/v2\/product_brand?post=129109"},{"taxonomy":"product_cat","embeddable":true,"href":"https:\/\/www.customywear.com\/pt\/wp-json\/wp\/v2\/product_cat?post=129109"},{"taxonomy":"product_tag","embeddable":true,"href":"https:\/\/www.customywear.com\/pt\/wp-json\/wp\/v2\/product_tag?post=129109"}],"curies":[{"name":"wp","href":"https:\/\/api.w.org\/{rel}","templated":true}]}}