{"id":129329,"date":"2025-03-29T16:15:55","date_gmt":"2025-03-29T16:15:55","guid":{"rendered":"https:\/\/www.customywear.com\/?post_type=product&#038;p=129329"},"modified":"2026-05-05T20:24:06","modified_gmt":"2026-05-05T20:24:06","slug":"camiseta-masculina-personalizada-para-dj","status":"publish","type":"product","link":"https:\/\/www.customywear.com\/pt\/custom-mens-dj-tshirt\/","title":{"rendered":"Camiseta masculina personalizada para DJ \u2013 Presente personalizado para amantes da m\u00fasica, roupas para festas e eventos"},"content":{"rendered":"<p>Prepare-se para se destacar na sua pr\u00f3xima festa ou evento com a nossa camiseta masculina personalizada de DJ! Esta camiseta exclusiva apresenta um design vibrante que transforma sua foto pessoal em um DJ estiloso mixando m\u00fasicas em um cen\u00e1rio colorido para a festa. Confeccionada em 100% algod\u00e3o macio, esta camiseta de alta qualidade \u00e9 dur\u00e1vel e confort\u00e1vel, garantindo que voc\u00ea tenha uma \u00f3tima apar\u00eancia e se sinta bem. Nossa impress\u00e3o DTG de alta qualidade garante que seu design personalizado n\u00e3o seja apenas vibrante, mas tamb\u00e9m duradouro. Perfeito como presente para DJs, amantes da m\u00fasica ou para qualquer ocasi\u00e3o especial, como anivers\u00e1rios, Natal ou casamentos. Mostre sua paix\u00e3o pela m\u00fasica com estilo!<\/p>","protected":false},"excerpt":{"rendered":"<p>Gire a m\u00fasica com uma camiseta de DJ masculina personalizada. As camisetas personalizadas transformam as fotos em obras de arte com tema de m\u00fasica ousadas, perfeitas para festas, eventos ou DJs.<\/p>","protected":false},"featured_media":129359,"comment_status":"open","ping_status":"closed","template":"","meta":{"_acf_changed":false},"product_brand":[],"product_cat":[6195,186,6322,6340,6341,1582,6412,6434,6428],"product_tag":[6327,6216],"class_list":{"0":"post-129329","1":"product","2":"type-product","3":"status-publish","4":"has-post-thumbnail","6":"product_cat-t-shirts-men","7":"product_cat-men","8":"product_cat-mens-dj-t-shirts","9":"product_cat-mens-music-t-shirts","10":"product_cat-mens-profession-t-shirts","11":"product_cat-music","12":"product_cat-photo-to-tees","13":"product_cat-t-shirts-for-men-v2","14":"product_cat-translate-products","15":"product_tag-custom-photo-t-shirt-for-men","16":"product_tag-mens-custom-t-shirts","17":"wcpa_has_options","19":"first","20":"instock","21":"taxable","22":"shipping-taxable","23":"purchasable","24":"product-type-simple"},"acf":[],"wcpa_form_fields":{"wcpaData":{"product":{"product_price":24.99,"price_html":"<span class=\"wmc-wc-price\" ><span class=\"woocommerce-Price-amount amount\"><bdi><span class=\"woocommerce-Price-currencySymbol\">&euro;<\/span>24,99<\/bdi><\/span><span data-wmc_price_cache=\"{&quot;USD&quot;:&quot;&lt;span class=\\&quot;woocommerce-Price-amount amount\\&quot;&gt;&lt;bdi&gt;&lt;span class=\\&quot;woocommerce-Price-currencySymbol\\&quot;&gt;&amp;#36;&lt;\\\/span&gt;28,99&lt;\\\/bdi&gt;&lt;\\\/span&gt;&quot;,&quot;EUR&quot;:&quot;&lt;span class=\\&quot;woocommerce-Price-amount amount\\&quot;&gt;&lt;bdi&gt;&lt;span class=\\&quot;woocommerce-Price-currencySymbol\\&quot;&gt;&amp;euro;&lt;\\\/span&gt;24,99&lt;\\\/bdi&gt;&lt;\\\/span&gt;&quot;,&quot;CAD&quot;:&quot;&lt;span class=\\&quot;woocommerce-Price-amount amount\\&quot;&gt;&lt;bdi&gt;&lt;span class=\\&quot;woocommerce-Price-currencySymbol\\&quot;&gt;CAD$ &lt;\\\/span&gt;39,98&lt;\\\/bdi&gt;&lt;\\\/span&gt;&quot;,&quot;GBP&quot;:&quot;&lt;span class=\\&quot;woocommerce-Price-amount amount\\&quot;&gt;&lt;bdi&gt;&lt;span class=\\&quot;woocommerce-Price-currencySymbol\\&quot;&gt;&amp;pound;&lt;\\\/span&gt;21,74&lt;\\\/bdi&gt;&lt;\\\/span&gt;&quot;,&quot;PLN&quot;:&quot;&lt;span class=\\&quot;woocommerce-Price-amount amount\\&quot;&gt;&lt;bdi&gt;&lt;span class=\\&quot;woocommerce-Price-currencySymbol\\&quot;&gt;z\\u0142 &lt;\\\/span&gt;106,21&lt;\\\/bdi&gt;&lt;\\\/span&gt;&quot;,&quot;SEK&quot;:&quot;&lt;span class=\\&quot;woocommerce-Price-amount amount\\&quot;&gt;&lt;bdi&gt;&lt;span class=\\&quot;woocommerce-Price-currencySymbol\\&quot;&gt;kr &lt;\\\/span&gt;274,14&lt;\\\/bdi&gt;&lt;\\\/span&gt;&quot;,&quot;AUD&quot;:&quot;&lt;span class=\\&quot;woocommerce-Price-amount amount\\&quot;&gt;&lt;bdi&gt;&lt;span class=\\&quot;woocommerce-Price-currencySymbol\\&quot;&gt;AUD$ &lt;\\\/span&gt;40,73&lt;\\\/bdi&gt;&lt;\\\/span&gt;&quot;,&quot;JPY&quot;:&quot;&lt;span class=\\&quot;woocommerce-Price-amount amount\\&quot;&gt;&lt;bdi&gt;&lt;span class=\\&quot;woocommerce-Price-currencySymbol\\&quot;&gt;&amp;yen;&lt;\\\/span&gt;4.609,16&lt;\\\/bdi&gt;&lt;\\\/span&gt;&quot;,&quot;CZK&quot;:&quot;&lt;span class=\\&quot;woocommerce-Price-amount amount\\&quot;&gt;&lt;bdi&gt;&lt;span class=\\&quot;woocommerce-Price-currencySymbol\\&quot;&gt;K\\u010d &lt;\\\/span&gt;607,76&lt;\\\/bdi&gt;&lt;\\\/span&gt;&quot;,&quot;NZD&quot;:&quot;&lt;span class=\\&quot;woocommerce-Price-amount amount\\&quot;&gt;&lt;bdi&gt;&lt;span class=\\&quot;woocommerce-Price-currencySymbol\\&quot;&gt;NZD$ &lt;\\\/span&gt;49,73&lt;\\\/bdi&gt;&lt;\\\/span&gt;&quot;,&quot;CHF&quot;:&quot;&lt;span class=\\&quot;woocommerce-Price-amount amount\\&quot;&gt;&lt;bdi&gt;&lt;span class=\\&quot;woocommerce-Price-currencySymbol\\&quot;&gt;CHF &lt;\\\/span&gt;22,74&lt;\\\/bdi&gt;&lt;\\\/span&gt;&quot;}\" style=\"display: none;\" class=\"wmc-price-cache-list\"><\/span><\/span>","original_product_price":24.99,"price_including_tax":24.99,"price_excluding_tax":20.825,"product_id":{"parent":129329,"variation":false},"is_variable":false,"stock_status":"instock","stock_quantity":null,"parent_sku":"Personalized-Gifts-Z1SRPG82L196_CW-1","product_attributes":{"pa_style":{"is_variation":false,"values":["mens-t-shirt"]},"pa_customization":{"is_variation":false,"values":["add-your-photo","add-your-text-or-name","add-your-logo"]},"pa_material":{"is_variation":false,"values":["100-cotton"]},"pa_key-details":{"is_variation":false,"values":["unisex","regular-fit","premium-quality","digital-art"]},"pa_brand":{"is_variation":false,"values":["customywear"]},"pa_age-group":{"is_variation":false,"values":["adult"]},"pa_color":{"is_variation":false,"values":["black","white","navy","red"]},"pa_print-type":{"is_variation":false,"values":["dtg-print-direct-to-garment"]},"pa_gender":{"is_variation":false,"values":["male"]},"pa_size":{"is_variation":false,"values":["xs","s","m","l","xl","2xl","3xl"]}},"custom_fields":[],"is_taxable":true,"product_name":"Custom Men's DJ T-Shirt \u2013 Personalized Music Lover Gift, Party & Event Wear"},"fields":{"sec_1068de9b44c0f6f":{"extra":{"key":"sec_1068de9b44c0f6f","section_id":"sec_1068de9b44c0f6f","name":"T-shirt size and color","status":1,"cl_rule":"show","enableCl":false,"relations":[],"toggle":true,"title_tag":"h4","show_title":false,"showPrice":"default","form_id":137485,"form_rules":{"exclude_from_discount":false,"fee_label":"Fee","disp_hide_options_price":false,"disp_show_section_price":false,"disp_show_field_price":true,"layout_option":"standard","pric_use_as_fee":false,"process_fee_as":"woo_fee"},"layout_option":"standard"},"fields":[[{"active":true,"col":6,"relations":false,"cl_rule":"show","enableCl":false,"price":"","enablePrice":false,"className":"","label_position":"default","desc_position":"default","type":"color-group","required":false,"elementId":"color_group_4192445621","label":"Color","name":"color_group_4192445621","disp_type":"circle","values":[{"label":"Black","value":"Black","selected":false,"color":"#000000","tempId":"aco_50","gt_translate_keys":["label"]},{"label":"White","value":"White","selected":false,"color":"#ffffff","tempId":"aco_51","gt_translate_keys":["label"]},{"label":"Navy","value":"Navy","selected":false,"color":"#213a92","tempId":"aco_52","gt_translate_keys":["label"]},{"label":"Red","value":"Red","selected":false,"color":"#d0021b","tempId":"aco_123","gt_translate_keys":["label"]}],"layOut":"inline","error":false,"selection_type":"tick-border","show_selected_option":true,"adjust_width":true,"cart_display_type":"text","gt_translate_keys":["label"],"price_dependency":false,"cl_dependency":false,"value":""}],[{"active":true,"col":6,"relations":false,"cl_rule":"show","enableCl":false,"price":"","enablePrice":false,"className":"","label_position":"default","desc_position":"default","type":"radio-group","required":false,"elementId":"radio-group_068de9b44c0fb0","label":"Size ","name":"radio-group_068de9b44c0fb0","values":[{"label":"XS","value":"XS","selected":false,"tempId":"aco_80","gt_translate_keys":["label"]},{"label":"S","value":"S","selected":false,"tempId":"aco_81","gt_translate_keys":["label"]},{"label":"M","value":"M","selected":false,"tempId":"aco_82","gt_translate_keys":["label"]},{"label":"L","value":"L","selected":false,"tempId":"aco_155","gt_translate_keys":["label"]},{"label":"XL","value":"XL","selected":false,"tempId":"aco_165","gt_translate_keys":["label"]},{"label":"2Xl","value":"2Xl","selected":false,"tempId":"aco_175","gt_translate_keys":["label"]},{"label":"3XL","value":"3XL","selected":false,"tempId":"aco_185","gt_translate_keys":["label"]}],"layOut":"inline","error":false,"checkUi":"button","show_selected_option":true,"gt_translate_keys":["label"],"price_dependency":false,"cl_dependency":false,"value":""}],[{"active":true,"col":6,"relations":[{"operator":false,"rules":[{"operator":"AND","rules":{"cl_field":"select_1672e1bffc57b9","cl_relation":"is_empty","cl_val":true}}]}],"cl_rule":"hide","enableCl":false,"price":"","enablePrice":false,"className":"","label_position":"default","desc_position":"default","type":"file","required":false,"elementId":"file_868de9b44c0fc8","name":"file_868de9b44c0fc8","label":"Upload your photo(s)","upload_type":"droppable","uploadSize":"50","file_types":["images","docs","design"],"exts_supported":[],"error":false,"hideImageIn_email":true,"multiple_upload":true,"max_file_count":"25","tooltip":"Please upload clear photos where the person is looking directly at the camera","cartLabel":"Photo(s)","allowedFileTypes":"image\/*,.doc,.docx,.xml,.dot,.docm,.dotm,.dotx,.htm,.html,.odt,.pdf,.rtf,.txt,.wps,.xps,application\/msword,application\/vnd,.psd,.eps,.ai,.indd,.raw","gt_translate_keys":["label","tooltip"],"price_dependency":false,"cl_dependency":false,"value":""}],[{"active":true,"col":6,"relations":false,"cl_rule":"show","enableCl":false,"price":"","enablePrice":false,"className":"","label_position":"default","desc_position":"default","type":"checkbox","required":false,"elementId":"checkbox_268de9b44c0fdd","label":"View more options","name":"checkbox_268de9b44c0fdd","value":"","check_value":"Yes","checkUi":"","error":false,"hideFieldIn_cart":true,"hideFieldIn_order":true,"gt_translate_keys":["label","value","check_value"],"price_dependency":false,"cl_dependency":["text_068de9b44c0fef","radio-group_368de9b44c1005","radio-group_868de9b44c101a"]}],[{"active":true,"col":6,"relations":[{"operator":false,"rules":[{"operator":"AND","rules":{"cl_field":"checkbox_268de9b44c0fdd","cl_relation":"is","cl_val":true}}]}],"cl_rule":"show","enableCl":true,"price":"","enablePrice":false,"className":"","label_position":"default","desc_position":"default","type":"text","subtype":"text","required":false,"elementId":"text_068de9b44c0fef","label":"Add text to your T-shirt design (optional)","name":"text_068de9b44c0fef","value":"","error":false,"tooltip":"Your text will be added to the top or bottom of the T-shirt design.","placeholder":"eg: \"Michael: The best man ever\"","cartLabel":"Text","gt_translate_keys":["label","placeholder","value","tooltip"],"price_dependency":false,"cl_dependency":false}],[{"active":true,"col":6,"relations":[{"operator":false,"rules":[{"operator":"AND","rules":{"cl_field":"checkbox_268de9b44c0fdd","cl_relation":"is","cl_val":true}}]}],"cl_rule":"show","enableCl":true,"price":"","enablePrice":false,"className":"","label_position":"default","desc_position":"default","type":"radio-group","required":true,"elementId":"radio-group_368de9b44c1005","label":"Select t-shirt print location","name":"radio-group_368de9b44c1005","values":[{"label":"Front Side","value":"Front Side","selected":true,"tempId":"aco_5504","gt_translate_keys":["label"]},{"label":"Back Side","value":"Back Side","selected":false,"tempId":"aco_5505","gt_translate_keys":["label"]}],"layOut":"inline","error":false,"checkUi":"","hideFieldIn_cart":false,"cartLabel":"Print location","gt_translate_keys":["label"],"price_dependency":false,"cl_dependency":false,"value":""}],[{"active":true,"col":6,"relations":[{"operator":false,"rules":[{"operator":"AND","rules":{"cl_field":"checkbox_268de9b44c0fdd","cl_relation":"is","cl_val":true}}]}],"cl_rule":"show","enableCl":true,"price":"","enablePrice":false,"className":"","label_position":"default","desc_position":"default","type":"radio-group","required":false,"elementId":"radio-group_868de9b44c101a","label":"Would you like to review the design before printing?","name":"radio-group_868de9b44c101a","values":[{"label":"No","value":"No","selected":true,"tempId":"aco_6274","gt_translate_keys":["label"]},{"label":"Yes","value":"Yes","selected":false,"tempId":"aco_6275","price":"","gt_translate_keys":["label"]}],"layOut":"inline","error":false,"checkUi":"","priceOptions":"different_for_all","pricingType":"fixed","use_as_fee":false,"fee_label":"Preview Image","tooltip":"If yes, we\u2019ll email you a preview of the design before printing. This may add 1-2 days to delivery time.*","hideFieldIn_cart":true,"gt_translate_keys":["label","tooltip"],"price_dependency":false,"cl_dependency":["content_968de9b44c102d"],"value":""}],[{"active":true,"col":6,"relations":[{"operator":false,"rules":[{"operator":"AND","rules":{"cl_field":"radio-group_868de9b44c101a","cl_relation":"is","cl_val":"Yes"}}]}],"cl_rule":"show","enableCl":true,"price":"","enablePrice":false,"className":"","label_position":"default","desc_position":"default","type":"content","required":false,"elementId":"content_968de9b44c102d","label":"","name":"content_968de9b44c102d","contentType":"plain","value":"Please check your inbox, including Spam or other folders, within 1-2 business days for the preview image","error":false,"subtype":"p","hideFieldIn_cart":true,"hideFieldIn_order":true,"gt_translate_keys":["label","value"],"price_dependency":false,"cl_dependency":false}]]}},"config":{"price_override":"","enable_recaptcha":false,"bind_quantity":false,"quantity_bind_formula":false,"disp_summ_show_option_price":false,"disp_summ_show_product_price":false,"disp_summ_show_total_price":false,"disp_summ_show_fee":false,"disp_summ_show_discount":false,"summary_title":"","options_total_label":"Options Price","total_label":"Total","options_product_label":"Product Price","fee_label":"Fee","discount_label":"Discount","has_price":true,"has_quantity_formula":false},"mc_unit":1,"tax_rate":1,"tax_rate_real":0,"discount":{"percentage":0,"fixed":0},"design":{"conf":{"LabelPosition":"above","DescPosition":"above","UploadField":"default","QuantityFieldStyle":"default"},"css":{"LeftLabelWidth":"120px"}},"formulas":[],"clones":false,"cartKey":false}},"_links":{"self":[{"href":"https:\/\/www.customywear.com\/pt\/wp-json\/wp\/v2\/product\/129329","targetHints":{"allow":["GET"]}}],"collection":[{"href":"https:\/\/www.customywear.com\/pt\/wp-json\/wp\/v2\/product"}],"about":[{"href":"https:\/\/www.customywear.com\/pt\/wp-json\/wp\/v2\/types\/product"}],"replies":[{"embeddable":true,"href":"https:\/\/www.customywear.com\/pt\/wp-json\/wp\/v2\/comments?post=129329"}],"wp:featuredmedia":[{"embeddable":true,"href":"https:\/\/www.customywear.com\/pt\/wp-json\/wp\/v2\/media\/129359"}],"wp:attachment":[{"href":"https:\/\/www.customywear.com\/pt\/wp-json\/wp\/v2\/media?parent=129329"}],"wp:term":[{"taxonomy":"product_brand","embeddable":true,"href":"https:\/\/www.customywear.com\/pt\/wp-json\/wp\/v2\/product_brand?post=129329"},{"taxonomy":"product_cat","embeddable":true,"href":"https:\/\/www.customywear.com\/pt\/wp-json\/wp\/v2\/product_cat?post=129329"},{"taxonomy":"product_tag","embeddable":true,"href":"https:\/\/www.customywear.com\/pt\/wp-json\/wp\/v2\/product_tag?post=129329"}],"curies":[{"name":"wp","href":"https:\/\/api.w.org\/{rel}","templated":true}]}}