{"id":130168,"date":"2025-04-25T11:07:09","date_gmt":"2025-04-25T11:07:09","guid":{"rendered":"https:\/\/www.customywear.com\/?post_type=product&#038;p=130168"},"modified":"2026-05-07T15:29:31","modified_gmt":"2026-05-07T15:29:31","slug":"camiseta-bebe-menina-chef-personalizada","status":"publish","type":"product","link":"https:\/\/www.customywear.com\/pt\/toddler-girl-personalized-chef-tshirt\/","title":{"rendered":"Chef personalizada T-Shirt para Crian\u00e7a Meninas \u2013 Presente Personalizado para Pequenas Padarias, Mini Chefs, Futuro Pastelaria Rainhas &amp; BBQ Estrelas"},"content":{"rendered":"<p>Deixe o seu beb\u00ea menina da culin\u00e1ria sonhos tomar o v\u00f4o com a nossa ador\u00e1vel Personalizado Chef T-Shirt! Este \u00fanico e personalizado de presente e transforma a sua pequena princesa da foto em um charmoso mini chef, completo com um bonito chap\u00e9u de chef de cozinha e del\u00edcias. Se ela estava imaginando a si mesma como uma pastelaria rainha, CHURRASCO mestre ou auxiliar de cozinha, esta divertida t-shirt de combust\u00edveis para a criatividade e divers\u00e3o. Trabalhada a partir de macio e respir\u00e1vel, 100% algod\u00e3o e com vibrante, duradoura impress\u00e3o DTG, ele garante conforto e durabilidade, atrav\u00e9s de cada aventura. Uma perfeita lembran\u00e7a para anivers\u00e1rios, feriados, ou qualquer comemora\u00e7\u00e3o especial que vai faz\u00ea-la sorrir grande!<\/p>","protected":false},"excerpt":{"rendered":"<p>Inspire pequenos chefs com uma camiseta de chef personalizada para meninas crian\u00e7as. Presentes personalizados transformam qualquer foto em uma camiseta divertida e exclusiva.<\/p>","protected":false},"featured_media":130380,"comment_status":"open","ping_status":"closed","template":"","meta":{"_acf_changed":false},"product_brand":[],"product_cat":[6207,6325,6412,6428],"product_tag":[6433,6439,6221],"class_list":{"0":"post-130168","1":"product","2":"type-product","3":"status-publish","4":"has-post-thumbnail","6":"product_cat-toddler-girl-t-shirts","7":"product_cat-custom-gifts-chef-artworks","8":"product_cat-photo-to-tees","9":"product_cat-translate-products","10":"product_tag-ai-artwork","11":"product_tag-ai-kids-artwork","12":"product_tag-custom-t-shirts-near-me","14":"first","15":"instock","16":"taxable","17":"shipping-taxable","18":"purchasable","19":"product-type-simple"},"acf":[],"wcpa_form_fields":null,"_links":{"self":[{"href":"https:\/\/www.customywear.com\/pt\/wp-json\/wp\/v2\/product\/130168","targetHints":{"allow":["GET"]}}],"collection":[{"href":"https:\/\/www.customywear.com\/pt\/wp-json\/wp\/v2\/product"}],"about":[{"href":"https:\/\/www.customywear.com\/pt\/wp-json\/wp\/v2\/types\/product"}],"replies":[{"embeddable":true,"href":"https:\/\/www.customywear.com\/pt\/wp-json\/wp\/v2\/comments?post=130168"}],"wp:featuredmedia":[{"embeddable":true,"href":"https:\/\/www.customywear.com\/pt\/wp-json\/wp\/v2\/media\/130380"}],"wp:attachment":[{"href":"https:\/\/www.customywear.com\/pt\/wp-json\/wp\/v2\/media?parent=130168"}],"wp:term":[{"taxonomy":"product_brand","embeddable":true,"href":"https:\/\/www.customywear.com\/pt\/wp-json\/wp\/v2\/product_brand?post=130168"},{"taxonomy":"product_cat","embeddable":true,"href":"https:\/\/www.customywear.com\/pt\/wp-json\/wp\/v2\/product_cat?post=130168"},{"taxonomy":"product_tag","embeddable":true,"href":"https:\/\/www.customywear.com\/pt\/wp-json\/wp\/v2\/product_tag?post=130168"}],"curies":[{"name":"wp","href":"https:\/\/api.w.org\/{rel}","templated":true}]}}