{"id":130196,"date":"2025-04-25T11:07:10","date_gmt":"2025-04-25T11:07:10","guid":{"rendered":"https:\/\/www.customywear.com\/?post_type=product&#038;p=130196"},"modified":"2026-05-07T15:29:31","modified_gmt":"2026-05-07T15:29:31","slug":"camiseta-menino-chef-personalizada","status":"publish","type":"product","link":"https:\/\/www.customywear.com\/pt\/custom-chef-tshirt-for-boys\/","title":{"rendered":"Personalizado o Cooking Chef da T-Shirt para os Meninos \u2013 Presente Personalizado para Jovens Chefs, Futuro Grill Mestres, Pastelaria Artistas e Estudantes de Culin\u00e1ria"},"content":{"rendered":"<p class=\"\" data-start=\"368\" data-end=\"963\">Inspirar o seu filho a culin\u00e1ria sonhos com nosso Costume o Cooking Chef da T-Shirt para os Meninos, personalizado pela transformando sua foto em um vibrante chefe de arte! Feita de 100% algod\u00e3o macio, este dur\u00e1vel, confort\u00e1vel camisa \u00e9 perfeito para os jovens chefs, aspirante a grade de mestrado, pastelaria artistas, ou de culin\u00e1ria alunos. Com pr\u00e9mio impress\u00e3o DTG, o projeto vivo continua vibrante, lavagem ap\u00f3s lavagem. Ideal para anivers\u00e1rios, feriados, promo\u00e7\u00f5es ou qualquer comemora\u00e7\u00e3o, esta camiseta personalizada faz um pensativo, motivando-o dom que permite que as crian\u00e7as usem a sua paix\u00e3o com orgulho!<\/p>","protected":false},"excerpt":{"rendered":"<p>Cozinhe a divers\u00e3o com uma camiseta de chef de cozinha personalizada para meninos. Presentes personalizados transformam qualquer foto em uma camiseta divertida e exclusiva para chefs jovens.<\/p>","protected":false},"featured_media":130325,"comment_status":"open","ping_status":"closed","template":"","meta":{"_acf_changed":false},"product_brand":[],"product_cat":[6189,6325,6412,6428],"product_tag":[6433,6439,6221,6330],"class_list":{"0":"post-130196","1":"product","2":"type-product","3":"status-publish","4":"has-post-thumbnail","6":"product_cat-boys-t-shirts","7":"product_cat-custom-gifts-chef-artworks","8":"product_cat-photo-to-tees","9":"product_cat-translate-products","10":"product_tag-ai-artwork","11":"product_tag-ai-kids-artwork","12":"product_tag-custom-t-shirts-near-me","13":"product_tag-photo-print-t-shirt-for-boys","15":"first","16":"instock","17":"taxable","18":"shipping-taxable","19":"purchasable","20":"product-type-simple"},"acf":[],"wcpa_form_fields":null,"_links":{"self":[{"href":"https:\/\/www.customywear.com\/pt\/wp-json\/wp\/v2\/product\/130196","targetHints":{"allow":["GET"]}}],"collection":[{"href":"https:\/\/www.customywear.com\/pt\/wp-json\/wp\/v2\/product"}],"about":[{"href":"https:\/\/www.customywear.com\/pt\/wp-json\/wp\/v2\/types\/product"}],"replies":[{"embeddable":true,"href":"https:\/\/www.customywear.com\/pt\/wp-json\/wp\/v2\/comments?post=130196"}],"wp:featuredmedia":[{"embeddable":true,"href":"https:\/\/www.customywear.com\/pt\/wp-json\/wp\/v2\/media\/130325"}],"wp:attachment":[{"href":"https:\/\/www.customywear.com\/pt\/wp-json\/wp\/v2\/media?parent=130196"}],"wp:term":[{"taxonomy":"product_brand","embeddable":true,"href":"https:\/\/www.customywear.com\/pt\/wp-json\/wp\/v2\/product_brand?post=130196"},{"taxonomy":"product_cat","embeddable":true,"href":"https:\/\/www.customywear.com\/pt\/wp-json\/wp\/v2\/product_cat?post=130196"},{"taxonomy":"product_tag","embeddable":true,"href":"https:\/\/www.customywear.com\/pt\/wp-json\/wp\/v2\/product_tag?post=130196"}],"curies":[{"name":"wp","href":"https:\/\/api.w.org\/{rel}","templated":true}]}}