{"id":130224,"date":"2025-04-25T11:07:10","date_gmt":"2025-04-25T11:07:10","guid":{"rendered":"https:\/\/www.customywear.com\/?post_type=product&#038;p=130224"},"modified":"2026-05-05T20:23:26","modified_gmt":"2026-05-05T20:23:26","slug":"camiseta-de-chef-feminina-personalizada-para-presente","status":"publish","type":"product","link":"https:\/\/www.customywear.com\/pt\/custom-womens-chef-tshirt-gift\/","title":{"rendered":"Personalizado Mulheres Chef T-Shirt \u2013 Presente Personalizado para o Restaurante para Chefs de cozinha, CHURRASCO, Mestres de Culin\u00e1ria Estudantes e os Amantes da Cozinha"},"content":{"rendered":"<p>Celebrar a culin\u00e1ria paix\u00e3o com nosso Costume das Mulheres Chef do Restaurante T-Shirt, habilmente personalizadas a partir de sua foto em um chef de cozinha obra-prima. Trabalhada a partir de 100% de algod\u00e3o macio para maior conforto e durabilidade, esta t-shirt \u00e9 ideal para o restaurante para chefs de cozinha, de pastelaria artistas, grill mestres, culin\u00e1ria, estudantes e amantes da gastronomia. Com vibrante, duradoura impress\u00e3o DTG, \u00e9 o presente perfeito para anivers\u00e1rios, casamentos, anivers\u00e1rios ou promo\u00e7\u00f5es. Mostrar o seu amor para cozinhar com um elegante, pe\u00e7a \u00fanica que transforma a sua cozinha aventuras em arte wearable!<\/p>","protected":false},"excerpt":{"rendered":"<p>Cook in style with a Custom Women&#8217;s Chef T-Shirt. Personalized Gifts for Culinary Lovers turn any photo into a bold, one-of-a-kind t-shirt.<\/p>","protected":false},"featured_media":130304,"comment_status":"open","ping_status":"closed","template":"","meta":{"_acf_changed":false},"product_brand":[],"product_cat":[6191,6325,6412,6428,75,6354],"product_tag":[6214,6433,6328,229,6215],"class_list":{"0":"post-130224","1":"product","2":"type-product","3":"status-publish","4":"has-post-thumbnail","6":"product_cat-t-shirts-women","7":"product_cat-custom-gifts-chef-artworks","8":"product_cat-photo-to-tees","9":"product_cat-translate-products","10":"product_cat-women","11":"product_cat-womens-profession-t-shirts","12":"product_tag-affordable-custom-t-shirts","13":"product_tag-ai-artwork","14":"product_tag-custom-image-t-shirt-for-women","15":"product_tag-custom-tee-shirts","16":"product_tag-screen-printing-near-me","18":"first","19":"instock","20":"taxable","21":"shipping-taxable","22":"purchasable","23":"product-type-simple"},"acf":[],"wcpa_form_fields":null,"_links":{"self":[{"href":"https:\/\/www.customywear.com\/pt\/wp-json\/wp\/v2\/product\/130224","targetHints":{"allow":["GET"]}}],"collection":[{"href":"https:\/\/www.customywear.com\/pt\/wp-json\/wp\/v2\/product"}],"about":[{"href":"https:\/\/www.customywear.com\/pt\/wp-json\/wp\/v2\/types\/product"}],"replies":[{"embeddable":true,"href":"https:\/\/www.customywear.com\/pt\/wp-json\/wp\/v2\/comments?post=130224"}],"wp:featuredmedia":[{"embeddable":true,"href":"https:\/\/www.customywear.com\/pt\/wp-json\/wp\/v2\/media\/130304"}],"wp:attachment":[{"href":"https:\/\/www.customywear.com\/pt\/wp-json\/wp\/v2\/media?parent=130224"}],"wp:term":[{"taxonomy":"product_brand","embeddable":true,"href":"https:\/\/www.customywear.com\/pt\/wp-json\/wp\/v2\/product_brand?post=130224"},{"taxonomy":"product_cat","embeddable":true,"href":"https:\/\/www.customywear.com\/pt\/wp-json\/wp\/v2\/product_cat?post=130224"},{"taxonomy":"product_tag","embeddable":true,"href":"https:\/\/www.customywear.com\/pt\/wp-json\/wp\/v2\/product_tag?post=130224"}],"curies":[{"name":"wp","href":"https:\/\/api.w.org\/{rel}","templated":true}]}}