{"id":130253,"date":"2025-04-25T11:07:10","date_gmt":"2025-04-25T11:07:10","guid":{"rendered":"https:\/\/www.customywear.com\/?post_type=product&#038;p=130253"},"modified":"2026-05-05T20:24:06","modified_gmt":"2026-05-05T20:24:06","slug":"camiseta-chef-homem-presente-para-cozinheiros","status":"publish","type":"product","link":"https:\/\/www.customywear.com\/pt\/custom-mens-chef-tshirt-gift-for-cooks\/","title":{"rendered":"Personalizado Homens Chef T-Shirt \u2013 Presente Personalizado para Cozinha, Churrasqueira Mestres, CHURRASCO Chefs de cozinha, Culin\u00e1ria Estudantes e Profissionais Restaurante"},"content":{"rendered":"<p>Celebrar o seu amor para cozinhar com este Costume dos Homens Chef T-Shirt, um presente personalizado perfeito para chefs de cozinha, grelha de mestrado, \u00e1rea de BBQ os amantes da culin\u00e1ria alunos, de comida e de entusiastas. Feita de 100% algod\u00e3o premium com revestimento dur\u00e1vel impress\u00e3o DTG, esta camisa de recursos digitais personalizadas obra de arte com base na sua foto, transformando-o em chef de cozinha. Ideal para anivers\u00e1rios, anivers\u00e1rios, promo\u00e7\u00f5es, ou apenas para mostrar a culin\u00e1ria orgulho, \u00e9 tanto uma \u00fanica lembran\u00e7a e uma elegante pe\u00e7a de arte wearable.<\/p>","protected":false},"excerpt":{"rendered":"<p>Celebrate culinary professionals with a Custom Men&#8217;s Chef T-Shirt. Personalized Gifts for Cooks transform any photo into a unique, one-of-a-kind t-shirt.<\/p>","protected":false},"featured_media":130397,"comment_status":"open","ping_status":"closed","template":"","meta":{"_acf_changed":false},"product_brand":[],"product_cat":[6195,6325,186,6341,6412,6428],"product_tag":[6433,6327,6216],"class_list":{"0":"post-130253","1":"product","2":"type-product","3":"status-publish","4":"has-post-thumbnail","6":"product_cat-t-shirts-men","7":"product_cat-custom-gifts-chef-artworks","8":"product_cat-men","9":"product_cat-mens-profession-t-shirts","10":"product_cat-photo-to-tees","11":"product_cat-translate-products","12":"product_tag-ai-artwork","13":"product_tag-custom-photo-t-shirt-for-men","14":"product_tag-mens-custom-t-shirts","16":"first","17":"instock","18":"taxable","19":"shipping-taxable","20":"purchasable","21":"product-type-simple"},"acf":[],"wcpa_form_fields":null,"_links":{"self":[{"href":"https:\/\/www.customywear.com\/pt\/wp-json\/wp\/v2\/product\/130253","targetHints":{"allow":["GET"]}}],"collection":[{"href":"https:\/\/www.customywear.com\/pt\/wp-json\/wp\/v2\/product"}],"about":[{"href":"https:\/\/www.customywear.com\/pt\/wp-json\/wp\/v2\/types\/product"}],"replies":[{"embeddable":true,"href":"https:\/\/www.customywear.com\/pt\/wp-json\/wp\/v2\/comments?post=130253"}],"wp:featuredmedia":[{"embeddable":true,"href":"https:\/\/www.customywear.com\/pt\/wp-json\/wp\/v2\/media\/130397"}],"wp:attachment":[{"href":"https:\/\/www.customywear.com\/pt\/wp-json\/wp\/v2\/media?parent=130253"}],"wp:term":[{"taxonomy":"product_brand","embeddable":true,"href":"https:\/\/www.customywear.com\/pt\/wp-json\/wp\/v2\/product_brand?post=130253"},{"taxonomy":"product_cat","embeddable":true,"href":"https:\/\/www.customywear.com\/pt\/wp-json\/wp\/v2\/product_cat?post=130253"},{"taxonomy":"product_tag","embeddable":true,"href":"https:\/\/www.customywear.com\/pt\/wp-json\/wp\/v2\/product_tag?post=130253"}],"curies":[{"name":"wp","href":"https:\/\/api.w.org\/{rel}","templated":true}]}}