{"id":133715,"date":"2025-05-17T14:53:20","date_gmt":"2025-05-17T14:53:20","guid":{"rendered":"https:\/\/www.customywear.com\/?post_type=product&#038;p=133715"},"modified":"2026-05-05T20:23:26","modified_gmt":"2026-05-05T20:23:26","slug":"camiseta-foto-arte-mulheres-medicos-personalizada","status":"publish","type":"product","link":"https:\/\/www.customywear.com\/pt\/custom-photo-art-tshirt-women-doctors\/","title":{"rendered":"Camisetas personalizadas com foto para arte para m\u00e9dicas e hero\u00ednas da sa\u00fade \u2013 Presente personalizado 100% algod\u00e3o para enfermeiras e estudantes de medicina"},"content":{"rendered":"<p>Celebre as mulheres que lideram a \u00e1rea da sa\u00fade com nossas camisetas personalizadas &#034;Photo-to-Art&#034; para m\u00e9dicas. Basta enviar uma foto e nossos artistas habilidosos a transformar\u00e3o em uma vibrante arte digital retratando uma m\u00e9dica uniformizada em um cen\u00e1rio hospitalar. Confeccionada em 100% algod\u00e3o premium e estampada com tintas DTG dur\u00e1veis, esta camiseta personalizada oferece conforto o dia todo, qualidade duradoura e reten\u00e7\u00e3o de cor brilhante. Perfeita para presentear m\u00e9dicos, enfermeiros, estudantes de medicina e educadores em anivers\u00e1rios, formaturas, promo\u00e7\u00f5es ou qualquer ocasi\u00e3o especial que honre sua dedica\u00e7\u00e3o.<\/p>","protected":false},"excerpt":{"rendered":"<p>Honre as mulheres na \u00e1rea da sa\u00fade com camisetas personalizadas com fotos para mulheres m\u00e9dicas e enfermeiras. As camisetas de algod\u00e3o personalizadas transformam qualquer foto em um presente \u00fanico.<\/p>","protected":false},"featured_media":133746,"comment_status":"open","ping_status":"closed","template":"","meta":{"_acf_changed":false},"product_brand":[],"product_cat":[6191,6380,6412,6428,75,6354],"product_tag":[6214,6433,6328,229,6381,6215],"class_list":{"0":"post-133715","1":"product","2":"type-product","3":"status-publish","4":"has-post-thumbnail","6":"product_cat-t-shirts-women","7":"product_cat-custom-gifts-doctor-tees","8":"product_cat-photo-to-tees","9":"product_cat-translate-products","10":"product_cat-women","11":"product_cat-womens-profession-t-shirts","12":"product_tag-affordable-custom-t-shirts","13":"product_tag-ai-artwork","14":"product_tag-custom-image-t-shirt-for-women","15":"product_tag-custom-tee-shirts","16":"product_tag-personalized-gifts-doctor-tees","17":"product_tag-screen-printing-near-me","19":"first","20":"instock","21":"taxable","22":"shipping-taxable","23":"purchasable","24":"product-type-simple"},"acf":[],"wcpa_form_fields":null,"_links":{"self":[{"href":"https:\/\/www.customywear.com\/pt\/wp-json\/wp\/v2\/product\/133715","targetHints":{"allow":["GET"]}}],"collection":[{"href":"https:\/\/www.customywear.com\/pt\/wp-json\/wp\/v2\/product"}],"about":[{"href":"https:\/\/www.customywear.com\/pt\/wp-json\/wp\/v2\/types\/product"}],"replies":[{"embeddable":true,"href":"https:\/\/www.customywear.com\/pt\/wp-json\/wp\/v2\/comments?post=133715"}],"wp:featuredmedia":[{"embeddable":true,"href":"https:\/\/www.customywear.com\/pt\/wp-json\/wp\/v2\/media\/133746"}],"wp:attachment":[{"href":"https:\/\/www.customywear.com\/pt\/wp-json\/wp\/v2\/media?parent=133715"}],"wp:term":[{"taxonomy":"product_brand","embeddable":true,"href":"https:\/\/www.customywear.com\/pt\/wp-json\/wp\/v2\/product_brand?post=133715"},{"taxonomy":"product_cat","embeddable":true,"href":"https:\/\/www.customywear.com\/pt\/wp-json\/wp\/v2\/product_cat?post=133715"},{"taxonomy":"product_tag","embeddable":true,"href":"https:\/\/www.customywear.com\/pt\/wp-json\/wp\/v2\/product_tag?post=133715"}],"curies":[{"name":"wp","href":"https:\/\/api.w.org\/{rel}","templated":true}]}}