{"id":136584,"date":"2025-07-29T13:09:19","date_gmt":"2025-07-29T13:09:19","guid":{"rendered":"https:\/\/www.customywear.com\/?post_type=product&#038;p=136584"},"modified":"2026-05-07T15:29:31","modified_gmt":"2026-05-07T15:29:31","slug":"camiseta-meninos-corredores-foto-personalizada","status":"publish","type":"product","link":"https:\/\/www.customywear.com\/pt\/custom-runner-jogging-boys-photo-tshirt\/","title":{"rendered":"Camiseta de corrida personalizada para meninos \u2013 Camiseta de corrida personalizada com foto para crian\u00e7as ativas que amam aventuras ao ar livre"},"content":{"rendered":"<p>Alimente a paix\u00e3o dele por aventuras ao ar livre com a nossa Camiseta Personalizada para Meninos Runner, personalizada com a sua foto. Esta camiseta \u00fanica transforma seu filho em uma vibrante obra de arte digital, capturando-o em uma cena esportiva de corrida. \u00c9 o presente perfeito para meninos que adoram correr, caminhar ou brincar ao ar livre. Ideal para anivers\u00e1rios ou simplesmente para incentivar um estilo de vida ativo, esta camiseta combina significado pessoal com conforto e durabilidade no dia a dia, tudo isso real\u00e7ado pela impress\u00e3o DTG v\u00edvida e duradoura.<\/p>","protected":false},"excerpt":{"rendered":"<p>Comemore jovens aventureiros com uma camiseta de corredor personalizado para meninos. As camisetas personalizadas para jogging transformam qualquer foto em uma camiseta divertida e ativa.<\/p>","protected":false},"featured_media":136701,"comment_status":"open","ping_status":"closed","template":"","meta":{"_acf_changed":false},"product_brand":[],"product_cat":[6189,6411,6412,6428],"product_tag":[6433,6439,6221,6330],"class_list":{"0":"post-136584","1":"product","2":"type-product","3":"status-publish","4":"has-post-thumbnail","6":"product_cat-boys-t-shirts","7":"product_cat-custom-gifts-ai-jogging-runner","8":"product_cat-photo-to-tees","9":"product_cat-translate-products","10":"product_tag-ai-artwork","11":"product_tag-ai-kids-artwork","12":"product_tag-custom-t-shirts-near-me","13":"product_tag-photo-print-t-shirt-for-boys","15":"first","16":"instock","17":"taxable","18":"shipping-taxable","19":"purchasable","20":"product-type-simple"},"acf":[],"wcpa_form_fields":null,"_links":{"self":[{"href":"https:\/\/www.customywear.com\/pt\/wp-json\/wp\/v2\/product\/136584","targetHints":{"allow":["GET"]}}],"collection":[{"href":"https:\/\/www.customywear.com\/pt\/wp-json\/wp\/v2\/product"}],"about":[{"href":"https:\/\/www.customywear.com\/pt\/wp-json\/wp\/v2\/types\/product"}],"replies":[{"embeddable":true,"href":"https:\/\/www.customywear.com\/pt\/wp-json\/wp\/v2\/comments?post=136584"}],"wp:featuredmedia":[{"embeddable":true,"href":"https:\/\/www.customywear.com\/pt\/wp-json\/wp\/v2\/media\/136701"}],"wp:attachment":[{"href":"https:\/\/www.customywear.com\/pt\/wp-json\/wp\/v2\/media?parent=136584"}],"wp:term":[{"taxonomy":"product_brand","embeddable":true,"href":"https:\/\/www.customywear.com\/pt\/wp-json\/wp\/v2\/product_brand?post=136584"},{"taxonomy":"product_cat","embeddable":true,"href":"https:\/\/www.customywear.com\/pt\/wp-json\/wp\/v2\/product_cat?post=136584"},{"taxonomy":"product_tag","embeddable":true,"href":"https:\/\/www.customywear.com\/pt\/wp-json\/wp\/v2\/product_tag?post=136584"}],"curies":[{"name":"wp","href":"https:\/\/api.w.org\/{rel}","templated":true}]}}