{"id":20410,"date":"2023-07-28T13:34:58","date_gmt":"2023-07-28T13:34:58","guid":{"rendered":"https:\/\/www.customywear.com\/?post_type=product&#038;p=20410"},"modified":"2026-05-05T20:24:12","modified_gmt":"2026-05-05T20:24:12","slug":"camiseta-muscular-artistica-personalizada-para-fisiculturistas","status":"publish","type":"product","link":"https:\/\/www.customywear.com\/pt\/custom-artistic-muscle-tee-bodybuilders\/","title":{"rendered":"Camiseta art\u00edstica personalizada para fisiculturistas \u2013 Camiseta de gin\u00e1stica personalizada"},"content":{"rendered":"<p>Liberte sua paix\u00e3o pelo fisiculturismo com nosso <strong>Camiseta art\u00edstica personalizada Muscle<\/strong> \u2013 uma obra-prima \u00fanica que transforma sua foto em uma homenagem de cair o queixo \u00e0 sua destreza muscular. Nossos habilidosos artistas criam com maestria uma caricatura do seu f\u00edsico, real\u00e7ando seus m\u00fasculos para criar uma imagem marcante nesta camiseta personalizada. Criada para agradar entusiastas de academia e adeptos do treino, esta camiseta espirituosa e excepcional adiciona uma dose de humor \u00e0 sua rotina de exerc\u00edcios. Liberte sua for\u00e7a interior e chame a aten\u00e7\u00e3o com esta camiseta personalizada de gin\u00e1stica que celebra seu compromisso com a muscula\u00e7\u00e3o.<\/p>\n<p>Feitas sob medida para atender pessoas de todas as idades, de adultos a jovens, crian\u00e7as e beb\u00eas, estas camisetas unissex com estampas musculosas atendem ao p\u00fablico diversificado que encontra conforto na academia. Nossos artes\u00e3os experientes utilizam o poder criativo do Adobe Illustrator e do Adobe Photoshop, resultando em designs que celebram a dedica\u00e7\u00e3o e inspiram camaradagem. Com a avan\u00e7ada tecnologia de impress\u00e3o DTG, cada camiseta se torna uma tela para arte vetorial de alta qualidade que transmite seu compromisso com a for\u00e7a.<\/p>\n<p>A personaliza\u00e7\u00e3o \u00e9 a ess\u00eancia deste design, permitindo que voc\u00ea incorpore os rostos de seus entes queridos, tanto humanos quanto peludos, para criar uma pe\u00e7a verdadeiramente \u00fanica. Estas camisetas transcendem a mera vestimenta, encapsulando admira\u00e7\u00e3o, determina\u00e7\u00e3o e a jornada de autoaperfei\u00e7oamento. Mergulhe em nossa gama de designs relacionados, cada um contando uma hist\u00f3ria \u00fanica, e deixe que seu traje se torne uma representa\u00e7\u00e3o do seu orgulho, amor pelo fitness e dedica\u00e7\u00e3o em construir um f\u00edsico poderoso.<\/p>","protected":false},"excerpt":{"rendered":"<p>Mostre a for\u00e7a com uma camiseta de m\u00fasculos art\u00edstico personalizado para fisiculturistas. As camisas personalizadas da gin\u00e1stica transformam qualquer foto em uma t-shirt \u00fanica e ousada de fitness.<\/p>","protected":false},"featured_media":143233,"comment_status":"open","ping_status":"closed","template":"","meta":{"_acf_changed":false},"product_brand":[],"product_cat":[6195,157,526,186,6337,1044,6412,1045,6428],"product_tag":[6433,6217,6165,546,6216,1106],"class_list":{"0":"post-20410","1":"product","2":"type-product","3":"status-publish","4":"has-post-thumbnail","6":"product_cat-t-shirts-men","7":"product_cat-best-sellers","8":"product_cat-gym-shirts","9":"product_cat-men","10":"product_cat-mens-gym-t-shirts","11":"product_cat-on-sale","12":"product_cat-photo-to-tees","13":"product_cat-retirement","14":"product_cat-translate-products","15":"product_tag-ai-artwork","16":"product_tag-custom-t-shirt","17":"product_tag-custom-gym-tees","18":"product_tag-gym","19":"product_tag-mens-custom-t-shirts","20":"product_tag-retirement","22":"first","23":"instock","24":"taxable","25":"shipping-taxable","26":"purchasable","27":"product-type-simple"},"acf":[],"wcpa_form_fields":null,"_links":{"self":[{"href":"https:\/\/www.customywear.com\/pt\/wp-json\/wp\/v2\/product\/20410","targetHints":{"allow":["GET"]}}],"collection":[{"href":"https:\/\/www.customywear.com\/pt\/wp-json\/wp\/v2\/product"}],"about":[{"href":"https:\/\/www.customywear.com\/pt\/wp-json\/wp\/v2\/types\/product"}],"replies":[{"embeddable":true,"href":"https:\/\/www.customywear.com\/pt\/wp-json\/wp\/v2\/comments?post=20410"}],"wp:featuredmedia":[{"embeddable":true,"href":"https:\/\/www.customywear.com\/pt\/wp-json\/wp\/v2\/media\/143233"}],"wp:attachment":[{"href":"https:\/\/www.customywear.com\/pt\/wp-json\/wp\/v2\/media?parent=20410"}],"wp:term":[{"taxonomy":"product_brand","embeddable":true,"href":"https:\/\/www.customywear.com\/pt\/wp-json\/wp\/v2\/product_brand?post=20410"},{"taxonomy":"product_cat","embeddable":true,"href":"https:\/\/www.customywear.com\/pt\/wp-json\/wp\/v2\/product_cat?post=20410"},{"taxonomy":"product_tag","embeddable":true,"href":"https:\/\/www.customywear.com\/pt\/wp-json\/wp\/v2\/product_tag?post=20410"}],"curies":[{"name":"wp","href":"https:\/\/api.w.org\/{rel}","templated":true}]}}