{"id":20417,"date":"2023-07-28T13:35:04","date_gmt":"2023-07-28T13:35:04","guid":{"rendered":"https:\/\/www.customywear.com\/?post_type=product&#038;p=20417"},"modified":"2026-05-16T11:13:02","modified_gmt":"2026-05-16T11:13:02","slug":"camisa-personalizada-de-astronauta-alienigena","status":"publish","type":"product","link":"https:\/\/www.customywear.com\/pt\/custom-astronaut-alien-science-shirt\/","title":{"rendered":"Camiseta personalizada de astronauta \u2013 Camiseta personalizada de ci\u00eancia alien\u00edgena para ele"},"content":{"rendered":"<p>Apresentando nosso <strong>Camisa personalizada de astronauta<\/strong> \u2013 uma tela c\u00f3smica de individualidade e explora\u00e7\u00e3o, projetada para aqueles que nutrem fasc\u00ednio pelo espa\u00e7o e pelo desconhecido. Dispon\u00edvel em modelos unissex de manga comprida e curta, esta cria\u00e7\u00e3o inovadora transforma sua foto em um cativante retrato vetorial que o coloca em meio a uma paisagem sobrenatural como um astronauta intr\u00e9pido. Esta camiseta personalizada transcende a mera vestimenta; \u00e9 a personifica\u00e7\u00e3o da inspira\u00e7\u00e3o, tornando-se um presente excepcional para indiv\u00edduos cativados pelas maravilhas do espa\u00e7o e da ci\u00eancia. Criadas para ressoar com todas as faixas et\u00e1rias, de adultos a jovens, crian\u00e7as e beb\u00eas, estas camisetas s\u00e3o uma homenagem \u00e0s mentes curiosas e \u00e0 explora\u00e7\u00e3o sem limites que alimenta a curiosidade cient\u00edfica. Nossos artes\u00e3os habilidosos aproveitam o poder criativo do Adobe Illustrator e do Adobe Photoshop para criar designs que despertam a imagina\u00e7\u00e3o e acendem a paix\u00e3o pela descoberta c\u00f3smica. Utilizando a avan\u00e7ada tecnologia de impress\u00e3o DTG, cada camiseta se torna uma tela para arte vetorial de alta qualidade que captura a ess\u00eancia dos seus sonhos inspirados no espa\u00e7o. A personaliza\u00e7\u00e3o est\u00e1 no cerne deste design, permitindo que voc\u00ea incorpore seu rosto \u2013 e at\u00e9 mesmo o de seus amados animais de estima\u00e7\u00e3o \u2013 para criar uma pe\u00e7a verdadeiramente distinta. Estas camisetas s\u00e3o mais do que meras roupas; s\u00e3o um testemunho da sua perspectiva \u00fanica, das suas aspira\u00e7\u00f5es e do seu desejo de explorar al\u00e9m dos limites. Descubra nossa variedade de designs relacionados, cada um contando uma hist\u00f3ria \u00fanica, e deixe que seu traje se torne uma representa\u00e7\u00e3o da sua admira\u00e7\u00e3o pelos astronautas, pelo enigma do cosmos e pela busca pelo conhecimento.<\/p>","protected":false},"excerpt":{"rendered":"<p>Decolar com uma camisa de astronauta personalizada. A camiseta da ci\u00eancia alien\u00edgena personalizada para ele transforma qualquer foto em uma camiseta personalizada divertida com tema de espa\u00e7o.<\/p>","protected":false},"featured_media":142489,"comment_status":"open","ping_status":"closed","template":"","meta":{"_acf_changed":false},"product_brand":[],"product_cat":[6195,157,248,186,6341,6412,219,1045,6428],"product_tag":[6433,249,6216,6442],"class_list":{"0":"post-20417","1":"product","2":"type-product","3":"status-publish","4":"has-post-thumbnail","6":"product_cat-t-shirts-men","7":"product_cat-best-sellers","8":"product_cat-custom-gifts-astronauts","9":"product_cat-men","10":"product_cat-mens-profession-t-shirts","11":"product_cat-photo-to-tees","12":"product_cat-profession","13":"product_cat-retirement","14":"product_cat-translate-products","15":"product_tag-ai-artwork","16":"product_tag-astronaut-tees","17":"product_tag-mens-custom-t-shirts","18":"product_tag-top-artwork","20":"first","21":"instock","22":"taxable","23":"shipping-taxable","24":"purchasable","25":"product-type-simple"},"acf":[],"wcpa_form_fields":null,"_links":{"self":[{"href":"https:\/\/www.customywear.com\/pt\/wp-json\/wp\/v2\/product\/20417","targetHints":{"allow":["GET"]}}],"collection":[{"href":"https:\/\/www.customywear.com\/pt\/wp-json\/wp\/v2\/product"}],"about":[{"href":"https:\/\/www.customywear.com\/pt\/wp-json\/wp\/v2\/types\/product"}],"replies":[{"embeddable":true,"href":"https:\/\/www.customywear.com\/pt\/wp-json\/wp\/v2\/comments?post=20417"}],"wp:featuredmedia":[{"embeddable":true,"href":"https:\/\/www.customywear.com\/pt\/wp-json\/wp\/v2\/media\/142489"}],"wp:attachment":[{"href":"https:\/\/www.customywear.com\/pt\/wp-json\/wp\/v2\/media?parent=20417"}],"wp:term":[{"taxonomy":"product_brand","embeddable":true,"href":"https:\/\/www.customywear.com\/pt\/wp-json\/wp\/v2\/product_brand?post=20417"},{"taxonomy":"product_cat","embeddable":true,"href":"https:\/\/www.customywear.com\/pt\/wp-json\/wp\/v2\/product_cat?post=20417"},{"taxonomy":"product_tag","embeddable":true,"href":"https:\/\/www.customywear.com\/pt\/wp-json\/wp\/v2\/product_tag?post=20417"}],"curies":[{"name":"wp","href":"https:\/\/api.w.org\/{rel}","templated":true}]}}