{"id":20485,"date":"2023-07-28T13:36:13","date_gmt":"2023-07-28T13:36:13","guid":{"rendered":"https:\/\/www.customywear.com\/?post_type=product&#038;p=20485"},"modified":"2026-05-05T20:24:12","modified_gmt":"2026-05-05T20:24:12","slug":"camiseta-homem-homem-caverna-personalizada","status":"publish","type":"product","link":"https:\/\/www.customywear.com\/pt\/custom-caveman-shirt-for-men\/","title":{"rendered":"Transforme sua foto em uma camiseta personalizada do Homem das Cavernas para homens \u2013 Camiseta personalizada"},"content":{"rendered":"<p>Entre na era do riso e da singularidade com nosso <em>Transforme sua foto em uma camisa personalizada do Homem das Cavernas para homens<\/em>Nossa alquimia criativa transforma sua foto em um cativante retrato vetorial, transportando voc\u00ea para o papel de um homem das cavernas com um toque de humor. Esta camiseta personalizada n\u00e3o \u00e9 apenas uma pe\u00e7a de roupa \u2013 \u00e9 a personifica\u00e7\u00e3o da divers\u00e3o e da individualidade, tornando-a o presente perfeito para voc\u00ea ou para aqueles que voc\u00ea ama. Desperte sua imagina\u00e7\u00e3o enquanto unimos tecnologia e criatividade para dar vida \u00e0 sua vis\u00e3o. Por meio da proeza art\u00edstica do Adobe Illustrator e do Adobe Photoshop, criamos designs complexos que evocam o esp\u00edrito da era do homem das cavernas. Usando a tecnologia de impress\u00e3o DTG de ponta, cada detalhe da arte vetorial de alta qualidade \u00e9 capturado, garantindo que sua camiseta personalizada seja uma obra-prima de artesanato. Dispon\u00edvel para adultos, jovens, crian\u00e7as e beb\u00eas, este design unissex conecta gera\u00e7\u00f5es com seu charme. Celebre a ess\u00eancia atemporal da camaradagem por meio da moda. Nossa <em>Transforme sua foto em uma camisa personalizada do Homem das Cavernas para homens<\/em> convida voc\u00ea a abra\u00e7ar o seu homem das cavernas interior de uma forma l\u00fadica e descontra\u00edda. Cada tra\u00e7o do design fala aos jovens e aos jovens de cora\u00e7\u00e3o, preservando a singularidade de cada personalidade. Do riso das crian\u00e7as \u00e0s prefer\u00eancias de estilo dos adultos, esta camiseta personalizada \u00e9 uma tela de autoexpress\u00e3o que atravessa gera\u00e7\u00f5es. Entregue-se a uma jornada de criatividade e alegria, enquanto veste sua hist\u00f3ria com orgulho. Experimente a emo\u00e7\u00e3o da transforma\u00e7\u00e3o e da individualidade com nossa <em>Camisa personalizada do homem das cavernas para homens<\/em>Esta camiseta personalizada leva voc\u00ea a uma jornada ao passado, onde o humor encontra a hist\u00f3ria e onde o la\u00e7o do riso compartilhado transcende a idade. N\u00e3o \u00e9 apenas uma camiseta; \u00e9 um emblema de autoexpress\u00e3o que fala a todos, de crian\u00e7as a adultos, lembrando-nos de que mesmo na era moderna, o esp\u00edrito do homem das cavernas continua vivo.<\/p>","protected":false},"excerpt":{"rendered":"<p>D\u00ea vida \u00e0 hist\u00f3ria com uma camisa de homem das cavernas personalizada para homens. A camiseta personalizada transforma qualquer foto em uma camiseta \u00fanica e de inspira\u00e7\u00e3o antiga.<\/p>","protected":false},"featured_media":142595,"comment_status":"open","ping_status":"closed","template":"","meta":{"_acf_changed":false},"product_brand":[],"product_cat":[6195,6157,6156,691,186,6412,6428],"product_tag":[6433,561,6216,6219,6220],"class_list":{"0":"post-20485","1":"product","2":"type-product","3":"status-publish","4":"has-post-thumbnail","6":"product_cat-t-shirts-men","7":"product_cat-country","8":"product_cat-culture","9":"product_cat-custom-gifts-caveman","10":"product_cat-men","11":"product_cat-photo-to-tees","12":"product_cat-translate-products","13":"product_tag-ai-artwork","14":"product_tag-camping_shirt","15":"product_tag-mens-custom-t-shirts","16":"product_tag-order-custom-shirts","17":"product_tag-t-shirt-printing-near-me","19":"first","20":"instock","21":"taxable","22":"shipping-taxable","23":"purchasable","24":"product-type-simple"},"acf":[],"wcpa_form_fields":null,"_links":{"self":[{"href":"https:\/\/www.customywear.com\/pt\/wp-json\/wp\/v2\/product\/20485","targetHints":{"allow":["GET"]}}],"collection":[{"href":"https:\/\/www.customywear.com\/pt\/wp-json\/wp\/v2\/product"}],"about":[{"href":"https:\/\/www.customywear.com\/pt\/wp-json\/wp\/v2\/types\/product"}],"replies":[{"embeddable":true,"href":"https:\/\/www.customywear.com\/pt\/wp-json\/wp\/v2\/comments?post=20485"}],"wp:featuredmedia":[{"embeddable":true,"href":"https:\/\/www.customywear.com\/pt\/wp-json\/wp\/v2\/media\/142595"}],"wp:attachment":[{"href":"https:\/\/www.customywear.com\/pt\/wp-json\/wp\/v2\/media?parent=20485"}],"wp:term":[{"taxonomy":"product_brand","embeddable":true,"href":"https:\/\/www.customywear.com\/pt\/wp-json\/wp\/v2\/product_brand?post=20485"},{"taxonomy":"product_cat","embeddable":true,"href":"https:\/\/www.customywear.com\/pt\/wp-json\/wp\/v2\/product_cat?post=20485"},{"taxonomy":"product_tag","embeddable":true,"href":"https:\/\/www.customywear.com\/pt\/wp-json\/wp\/v2\/product_tag?post=20485"}],"curies":[{"name":"wp","href":"https:\/\/api.w.org\/{rel}","templated":true}]}}