{"id":20496,"date":"2023-07-28T13:36:31","date_gmt":"2023-07-28T13:36:31","guid":{"rendered":"https:\/\/www.customywear.com\/?post_type=product&#038;p=20496"},"modified":"2026-05-07T15:29:56","modified_gmt":"2026-05-07T15:29:56","slug":"camisa-chinesa-personalizada-para-meninas-presente-para-jovens","status":"publish","type":"product","link":"https:\/\/www.customywear.com\/pt\/custom-chinese-girl-shirt-youngsters-gift\/","title":{"rendered":"Camisa chinesa personalizada para meninas | Presente personalizado para jovens"},"content":{"rendered":"<p>Eleve o estilo do seu filho com a nossa &#034;Camisa Chinesa Personalizada para Meninas&#034;, uma mistura harmoniosa de cultura e personaliza\u00e7\u00e3o, criada para encantar os mais jovens. Testemunhe a magia enquanto a foto da sua pequena \u00e9 meticulosamente transformada em um cativante retrato vetorial, retratando-a adornada com uma charmosa vestimenta tradicional chinesa. Esta camiseta personalizada n\u00e3o \u00e9 apenas uma roupa; \u00e9 uma tela para a criatividade e um presente sincero que desperta alegria nos cora\u00e7\u00f5es de crian\u00e7as e pais. Projetadas com a vibra\u00e7\u00e3o da juventude em mente, nossas camisetas de manga curta e manga longa combinam com facilidade a tradi\u00e7\u00e3o e a est\u00e9tica contempor\u00e2nea. Nossos designers qualificados utilizam o Adobe Illustrator e o Adobe Photoshop para dar vida a cada design, criando visuais complexos que ressoam com crian\u00e7as e adultos. Empregando tecnologia de impress\u00e3o DTG de \u00faltima gera\u00e7\u00e3o, garantimos a longevidade da sua obra-prima personalizada, feita sob medida para o conforto unissex e dispon\u00edvel para todas as faixas et\u00e1rias \u2013 de beb\u00eas a adultos. Abrace o poder da moda unissex que conecta gera\u00e7\u00f5es. Embarque em uma jornada de personaliza\u00e7\u00e3o incorporando o rosto do seu filho ao design, talvez at\u00e9 mesmo o dos seus amados bichinhos de estima\u00e7\u00e3o. Estas camisetas s\u00e3o mais do que pe\u00e7as de roupa; s\u00e3o mem\u00f3rias vivas, capturando a fantasia e a inoc\u00eancia da inf\u00e2ncia. Deleite-se com a precis\u00e3o da nossa arte vetorial de alta qualidade, capturando com maestria o esp\u00edrito da tradi\u00e7\u00e3o e da individualidade. Eleve o guarda-roupa do seu filho com esta camiseta chinesa personalizada para meninas \u2013 onde cultura, personaliza\u00e7\u00e3o e exuber\u00e2ncia juvenil se unem para criar uma obra-prima us\u00e1vel que ressoa tanto com a fam\u00edlia quanto com a divers\u00e3o.<\/p>","protected":false},"excerpt":{"rendered":"<p>Delight youngsters with a Custom Chinese Girl Shirt. The Personalized Youngster&#8217;s Gift Tee turns any photo into a fun, one-of-a-kind t-shirt.<\/p>","protected":false},"featured_media":142637,"comment_status":"open","ping_status":"closed","template":"","meta":{"_acf_changed":false},"product_brand":[],"product_cat":[6193,703,6412,6428],"product_tag":[6433,6439,65,156],"class_list":{"0":"post-20496","1":"product","2":"type-product","3":"status-publish","4":"has-post-thumbnail","6":"product_cat-girls-t-shirts","7":"product_cat-custom-gifts-chinese-tradition","8":"product_cat-photo-to-tees","9":"product_cat-translate-products","10":"product_tag-ai-artwork","11":"product_tag-ai-kids-artwork","12":"product_tag-kid","13":"product_tag-youth-girl","15":"first","16":"instock","17":"taxable","18":"shipping-taxable","19":"purchasable","20":"product-type-simple"},"acf":[],"wcpa_form_fields":null,"_links":{"self":[{"href":"https:\/\/www.customywear.com\/pt\/wp-json\/wp\/v2\/product\/20496","targetHints":{"allow":["GET"]}}],"collection":[{"href":"https:\/\/www.customywear.com\/pt\/wp-json\/wp\/v2\/product"}],"about":[{"href":"https:\/\/www.customywear.com\/pt\/wp-json\/wp\/v2\/types\/product"}],"replies":[{"embeddable":true,"href":"https:\/\/www.customywear.com\/pt\/wp-json\/wp\/v2\/comments?post=20496"}],"wp:featuredmedia":[{"embeddable":true,"href":"https:\/\/www.customywear.com\/pt\/wp-json\/wp\/v2\/media\/142637"}],"wp:attachment":[{"href":"https:\/\/www.customywear.com\/pt\/wp-json\/wp\/v2\/media?parent=20496"}],"wp:term":[{"taxonomy":"product_brand","embeddable":true,"href":"https:\/\/www.customywear.com\/pt\/wp-json\/wp\/v2\/product_brand?post=20496"},{"taxonomy":"product_cat","embeddable":true,"href":"https:\/\/www.customywear.com\/pt\/wp-json\/wp\/v2\/product_cat?post=20496"},{"taxonomy":"product_tag","embeddable":true,"href":"https:\/\/www.customywear.com\/pt\/wp-json\/wp\/v2\/product_tag?post=20496"}],"curies":[{"name":"wp","href":"https:\/\/api.w.org\/{rel}","templated":true}]}}