{"id":20888,"date":"2023-07-28T13:42:41","date_gmt":"2023-07-28T13:42:41","guid":{"rendered":"https:\/\/www.customywear.com\/?post_type=product&#038;p=20888"},"modified":"2026-05-13T19:50:34","modified_gmt":"2026-05-13T19:50:34","slug":"camisetas-personalizadas-para-casais-correndo","status":"publish","type":"product","link":"https:\/\/www.customywear.com\/pt\/custom-running-couples-shirts\/","title":{"rendered":"Personalizado Executando Casais Shirts | Treino Personalizado De Presente"},"content":{"rendered":"<p>Caminhe em dire\u00e7\u00e3o \u00e0 boa forma e \u00e0 uni\u00e3o com nossas \u200d\u2642\ufe0f Camisetas Personalizadas para Casais Corredores! Transforme seus momentos capturados em arte din\u00e2mica enquanto voc\u00ea e seu parceiro correm lado a lado, trazidos \u00e0 vida por meio de arte de retrato vetorial meticulosamente elaborada. Nossos artistas qualificados empregam a magia criativa do Adobe Illustrator e do Adobe Photoshop para encapsular sua determina\u00e7\u00e3o em um design motivador e inspirador. Esta camiseta personalizada excepcional n\u00e3o \u00e9 apenas uma vestimenta; \u00e9 uma celebra\u00e7\u00e3o sincera de sa\u00fade e uni\u00e3o. Compartilhe a magia de seu v\u00ednculo com um design feito sob medida para sua hist\u00f3ria, retratando voc\u00ea e seu parceiro como uma dupla din\u00e2mica no caminho do bem-estar. Destaques do produto: \ufe0f Arte vetorial magistral: suas fotos evoluem para obras-primas vetoriais cativantes. Conforto unissex: aproveite o estilo e o conforto adequados para todas as idades e g\u00eaneros. Inclusivo para animais de estima\u00e7\u00e3o: adicione um toque ador\u00e1vel apresentando seus companheiros peludos. \ufe0f Impress\u00e3o DTG de precis\u00e3o: deleite-se com impress\u00f5es v\u00edvidas e duradouras que capturam cada detalhe. Apelo para todas as idades: De crian\u00e7as a adultos, nossos tamanhos atendem a todos os membros da fam\u00edlia. Artesanato premium: Experimente a qualidade superior, da concep\u00e7\u00e3o \u00e0 execu\u00e7\u00e3o. Criatividade infinita: Explore designs mais cativantes em nossa cole\u00e7\u00e3o diversificada. Comemore marcos fitness, anivers\u00e1rios ou surpreenda seu parceiro com uma lembran\u00e7a que combina motiva\u00e7\u00e3o e carinho. Seja para comemorar uma ocasi\u00e3o especial, presentear um colega fitness ou simplesmente adotar um estilo de vida saud\u00e1vel juntos, nossas Camisetas Personalizadas para Casais de Corrida s\u00e3o a escolha perfeita. Compartilhe sorrisos, inicie conversas e exiba sua conex\u00e3o \u00fanica com orgulho enquanto caminha em dire\u00e7\u00e3o \u00e0 sa\u00fade e \u00e0 felicidade. Esta n\u00e3o \u00e9 apenas uma camiseta; \u00e9 um s\u00edmbolo da sua jornada fitness compartilhada, pronta para ser usada e valorizada por todos!<\/p>","protected":false},"excerpt":{"rendered":"<p>Correm juntos em camisas de casais de corrida personalizadas. Presentes de treino personalizados transformam suas fotos em camisetas \u00fanicas e combinadas.<\/p>","protected":false},"featured_media":143963,"comment_status":"open","ping_status":"closed","template":"","meta":{"_acf_changed":false},"product_brand":[],"product_cat":[6197,6365,6369,3004,6412,6428],"product_tag":[6440,3005,1025,546,2213,1827],"class_list":{"0":"post-20888","1":"product","2":"type-product","3":"status-publish","4":"has-post-thumbnail","6":"product_cat-t-shirts-couple","7":"product_cat-couples-sports-t-shirts","8":"product_cat-couples-summer-t-shirts","9":"product_cat-custom-gifts-running-and-jogging","10":"product_cat-photo-to-tees","11":"product_cat-translate-products","12":"product_tag-ai-artwork-couple","13":"product_tag-custom-arts-running-jogging","14":"product_tag-funny_couples_shirts","15":"product_tag-gym","16":"product_tag-gym_gifts","17":"product_tag-workout_shirt","19":"first","20":"instock","21":"taxable","22":"shipping-taxable","23":"purchasable","24":"product-type-simple"},"acf":[],"wcpa_form_fields":null,"_links":{"self":[{"href":"https:\/\/www.customywear.com\/pt\/wp-json\/wp\/v2\/product\/20888","targetHints":{"allow":["GET"]}}],"collection":[{"href":"https:\/\/www.customywear.com\/pt\/wp-json\/wp\/v2\/product"}],"about":[{"href":"https:\/\/www.customywear.com\/pt\/wp-json\/wp\/v2\/types\/product"}],"replies":[{"embeddable":true,"href":"https:\/\/www.customywear.com\/pt\/wp-json\/wp\/v2\/comments?post=20888"}],"wp:featuredmedia":[{"embeddable":true,"href":"https:\/\/www.customywear.com\/pt\/wp-json\/wp\/v2\/media\/143963"}],"wp:attachment":[{"href":"https:\/\/www.customywear.com\/pt\/wp-json\/wp\/v2\/media?parent=20888"}],"wp:term":[{"taxonomy":"product_brand","embeddable":true,"href":"https:\/\/www.customywear.com\/pt\/wp-json\/wp\/v2\/product_brand?post=20888"},{"taxonomy":"product_cat","embeddable":true,"href":"https:\/\/www.customywear.com\/pt\/wp-json\/wp\/v2\/product_cat?post=20888"},{"taxonomy":"product_tag","embeddable":true,"href":"https:\/\/www.customywear.com\/pt\/wp-json\/wp\/v2\/product_tag?post=20888"}],"curies":[{"name":"wp","href":"https:\/\/api.w.org\/{rel}","templated":true}]}}