{"id":21319,"date":"2023-07-28T13:48:48","date_gmt":"2023-07-28T13:48:48","guid":{"rendered":"https:\/\/www.customywear.com\/?post_type=product&#038;p=21319"},"modified":"2026-05-07T15:29:49","modified_gmt":"2026-05-07T15:29:49","slug":"camisa-escocesa-personalizada-para-meninos","status":"publish","type":"product","link":"https:\/\/www.customywear.com\/pt\/custom-scottish-boy-shirt\/","title":{"rendered":"Abrace a heran\u00e7a escocesa com nossa camisa escocesa personalizada para meninos"},"content":{"rendered":"<p>Mergulhe seu filho no mundo encantador da Esc\u00f3cia com nossa Camiseta Escocesa Personalizada para Meninos! Usando impress\u00e3o DTG e arte vetorial de alta qualidade, transformaremos habilmente a foto do seu filho em uma ilustra\u00e7\u00e3o cativante, fazendo com que pare\u00e7a que ele est\u00e1 usando um traje tradicional escoc\u00eas. Esta camiseta juvenil criativa e personalizada de manga curta e manga longa \u00e9 o presente perfeito para jovens apaixonados por viagens que t\u00eam um profundo apre\u00e7o por diferentes culturas e s\u00e3o encantados pelo fasc\u00ednio da Esc\u00f3cia. Celebre o amor do seu filho pela heran\u00e7a escocesa ou seu fasc\u00ednio pelas ricas tradi\u00e7\u00f5es e costumes deste pa\u00eds europeu. Nossa camiseta unissex est\u00e1 dispon\u00edvel para meninos e meninas, garantindo que seu pequeno possa exibir com orgulho seu estilo e interesses \u00fanicos. Sejam eles de ra\u00edzes escocesas ou simplesmente adorem a riqueza cultural da Esc\u00f3cia, nossa Camiseta Escocesa para Meninos ser\u00e1 uma adi\u00e7\u00e3o querida ao seu guarda-roupa e uma representa\u00e7\u00e3o tang\u00edvel de sua individualidade. Abrace a magia da Esc\u00f3cia com esta camiseta personalizada excepcional e deixe a imagina\u00e7\u00e3o do seu filho correr solta!<\/p>","protected":false},"excerpt":{"rendered":"<p>Comemore a heran\u00e7a com uma camisa de menino escoc\u00eas personalizada. As camisetas personalizadas transformam qualquer foto em uma camiseta \u00fanica e inspirada na tradi\u00e7\u00e3o.<\/p>","protected":false},"featured_media":143102,"comment_status":"open","ping_status":"closed","template":"","meta":{"_acf_changed":false},"product_brand":[],"product_cat":[6189,3018,6412,6428],"product_tag":[6433,6439,64,65,67,3021,73],"class_list":{"0":"post-21319","1":"product","2":"type-product","3":"status-publish","4":"has-post-thumbnail","6":"product_cat-boys-t-shirts","7":"product_cat-custom-gifts-scottish-culture","8":"product_cat-photo-to-tees","9":"product_cat-translate-products","10":"product_tag-ai-artwork","11":"product_tag-ai-kids-artwork","12":"product_tag-country_shirts","13":"product_tag-kid","14":"product_tag-kids_birthday_shirt","15":"product_tag-scottish-art","16":"product_tag-youth-boy","18":"first","19":"instock","20":"taxable","21":"shipping-taxable","22":"purchasable","23":"product-type-simple"},"acf":[],"wcpa_form_fields":null,"_links":{"self":[{"href":"https:\/\/www.customywear.com\/pt\/wp-json\/wp\/v2\/product\/21319","targetHints":{"allow":["GET"]}}],"collection":[{"href":"https:\/\/www.customywear.com\/pt\/wp-json\/wp\/v2\/product"}],"about":[{"href":"https:\/\/www.customywear.com\/pt\/wp-json\/wp\/v2\/types\/product"}],"replies":[{"embeddable":true,"href":"https:\/\/www.customywear.com\/pt\/wp-json\/wp\/v2\/comments?post=21319"}],"wp:featuredmedia":[{"embeddable":true,"href":"https:\/\/www.customywear.com\/pt\/wp-json\/wp\/v2\/media\/143102"}],"wp:attachment":[{"href":"https:\/\/www.customywear.com\/pt\/wp-json\/wp\/v2\/media?parent=21319"}],"wp:term":[{"taxonomy":"product_brand","embeddable":true,"href":"https:\/\/www.customywear.com\/pt\/wp-json\/wp\/v2\/product_brand?post=21319"},{"taxonomy":"product_cat","embeddable":true,"href":"https:\/\/www.customywear.com\/pt\/wp-json\/wp\/v2\/product_cat?post=21319"},{"taxonomy":"product_tag","embeddable":true,"href":"https:\/\/www.customywear.com\/pt\/wp-json\/wp\/v2\/product_tag?post=21319"}],"curies":[{"name":"wp","href":"https:\/\/api.w.org\/{rel}","templated":true}]}}