{"id":21320,"date":"2023-07-28T13:48:49","date_gmt":"2023-07-28T13:48:49","guid":{"rendered":"https:\/\/www.customywear.com\/?post_type=product&#038;p=21320"},"modified":"2026-05-07T15:29:49","modified_gmt":"2026-05-07T15:29:49","slug":"camisa-personalizada-para-meninas-escocesas","status":"publish","type":"product","link":"https:\/\/www.customywear.com\/pt\/custom-scottish-girl-shirt\/","title":{"rendered":"Liberte o charme escoc\u00eas com nossa camisa personalizada para meninas escocesas"},"content":{"rendered":"<p>Desperte a vontade de viajar do seu filho e celebre o encanto cativante da Esc\u00f3cia com a nossa exclusiva Camiseta Escocesa para Meninas! Nossa impress\u00e3o DTG e a arte vetorial de alta qualidade transformar\u00e3o habilmente a foto do seu filho em uma ilustra\u00e7\u00e3o encantadora, onde ele ser\u00e1 visto usando um traje tradicional escoc\u00eas. Esta camiseta juvenil de manga curta e manga longa, com design criativo, \u00e9 o presente personalizado perfeito para jovens apaixonados por viagens, fascinados por pa\u00edses europeus e sua rica heran\u00e7a cultural. Abrace a beleza das roupas personalizadas enquanto damos vida aos sonhos do seu filho com a Esc\u00f3cia. Esta camiseta unissex est\u00e1 dispon\u00edvel para meninos e meninas, tornando-se uma adi\u00e7\u00e3o vers\u00e1til ao guarda-roupa de qualquer jovem aventureiro. Sejam eles de ra\u00edzes escocesas ou simplesmente adoradores do charme deste inspirador pa\u00eds europeu, nossa Camiseta Escocesa para Meninas ser\u00e1 uma pe\u00e7a \u00fanica e apreciada que deixar\u00e1 a individualidade do seu filho brilhar. Transporte seu pequeno para o mundo cativante da Esc\u00f3cia com esta camiseta personalizada excepcional!<\/p>","protected":false},"excerpt":{"rendered":"<p>Mostre o charme com uma camisa de garota escocesa personalizada. As camisetas personalizadas transformam qualquer foto em uma camiseta divertida e \u00fanica com tema escoc\u00eas.<\/p>","protected":false},"featured_media":143109,"comment_status":"open","ping_status":"closed","template":"","meta":{"_acf_changed":false},"product_brand":[],"product_cat":[6193,3018,6412,6428],"product_tag":[6433,6439,64,65,67,3021,156],"class_list":{"0":"post-21320","1":"product","2":"type-product","3":"status-publish","4":"has-post-thumbnail","6":"product_cat-girls-t-shirts","7":"product_cat-custom-gifts-scottish-culture","8":"product_cat-photo-to-tees","9":"product_cat-translate-products","10":"product_tag-ai-artwork","11":"product_tag-ai-kids-artwork","12":"product_tag-country_shirts","13":"product_tag-kid","14":"product_tag-kids_birthday_shirt","15":"product_tag-scottish-art","16":"product_tag-youth-girl","18":"first","19":"instock","20":"taxable","21":"shipping-taxable","22":"purchasable","23":"product-type-simple"},"acf":[],"wcpa_form_fields":null,"_links":{"self":[{"href":"https:\/\/www.customywear.com\/pt\/wp-json\/wp\/v2\/product\/21320","targetHints":{"allow":["GET"]}}],"collection":[{"href":"https:\/\/www.customywear.com\/pt\/wp-json\/wp\/v2\/product"}],"about":[{"href":"https:\/\/www.customywear.com\/pt\/wp-json\/wp\/v2\/types\/product"}],"replies":[{"embeddable":true,"href":"https:\/\/www.customywear.com\/pt\/wp-json\/wp\/v2\/comments?post=21320"}],"wp:featuredmedia":[{"embeddable":true,"href":"https:\/\/www.customywear.com\/pt\/wp-json\/wp\/v2\/media\/143109"}],"wp:attachment":[{"href":"https:\/\/www.customywear.com\/pt\/wp-json\/wp\/v2\/media?parent=21320"}],"wp:term":[{"taxonomy":"product_brand","embeddable":true,"href":"https:\/\/www.customywear.com\/pt\/wp-json\/wp\/v2\/product_brand?post=21320"},{"taxonomy":"product_cat","embeddable":true,"href":"https:\/\/www.customywear.com\/pt\/wp-json\/wp\/v2\/product_cat?post=21320"},{"taxonomy":"product_tag","embeddable":true,"href":"https:\/\/www.customywear.com\/pt\/wp-json\/wp\/v2\/product_tag?post=21320"}],"curies":[{"name":"wp","href":"https:\/\/api.w.org\/{rel}","templated":true}]}}