{"id":21423,"date":"2023-07-28T13:50:22","date_gmt":"2023-07-28T13:50:22","guid":{"rendered":"https:\/\/www.customywear.com\/?post_type=product&#038;p=21423"},"modified":"2026-05-05T20:24:07","modified_gmt":"2026-05-05T20:24:07","slug":"camisa-de-luta-livre-masculina","status":"publish","type":"product","link":"https:\/\/www.customywear.com\/pt\/wrestler-man-wrestling-shirt\/","title":{"rendered":"Camisa de luta livre para homem lutador"},"content":{"rendered":"<p>Transforme-se em uma for\u00e7a impar\u00e1vel do wrestling com nossa camiseta personalizada. Nossa talentosa equipe de artistas tirar\u00e1 sua foto e criar\u00e1 com maestria o f\u00edsico de um lutador extraordin\u00e1rio, fazendo voc\u00ea parecer um verdadeiro campe\u00e3o. Com aten\u00e7\u00e3o aos detalhes e precis\u00e3o, capturamos a ess\u00eancia do poder e da for\u00e7a em cada design.<\/p>\n<p>Feitas com materiais de alta qualidade, nossas camisetas s\u00e3o confort\u00e1veis \u200b\u200be dur\u00e1veis, perfeitas para exibir seu alter ego lutador em eventos ou para uso di\u00e1rio. Liberte seu guerreiro interior e deixe sua marca com nossa camiseta de luta livre personalizada que deixar\u00e1 todos impressionados com sua presen\u00e7a formid\u00e1vel.<\/p>","protected":false},"excerpt":{"rendered":"<p>Lute em grande estilo com uma camisa de luta livre de lutador. As camisetas personalizadas transformam as fotos em designs atl\u00e9ticos e ousados.<\/p>","protected":false},"featured_media":143261,"comment_status":"open","ping_status":"closed","template":"","meta":{"_acf_changed":false},"product_brand":[],"product_cat":[6195,526,186,6339,6412,6428],"product_tag":[6433,6217,6165,546,6216],"class_list":{"0":"post-21423","1":"product","2":"type-product","3":"status-publish","4":"has-post-thumbnail","6":"product_cat-t-shirts-men","7":"product_cat-gym-shirts","8":"product_cat-men","9":"product_cat-mens-sports-t-shirts","10":"product_cat-photo-to-tees","11":"product_cat-translate-products","12":"product_tag-ai-artwork","13":"product_tag-custom-t-shirt","14":"product_tag-custom-gym-tees","15":"product_tag-gym","16":"product_tag-mens-custom-t-shirts","18":"first","19":"instock","20":"taxable","21":"shipping-taxable","22":"purchasable","23":"product-type-simple"},"acf":[],"wcpa_form_fields":null,"_links":{"self":[{"href":"https:\/\/www.customywear.com\/pt\/wp-json\/wp\/v2\/product\/21423","targetHints":{"allow":["GET"]}}],"collection":[{"href":"https:\/\/www.customywear.com\/pt\/wp-json\/wp\/v2\/product"}],"about":[{"href":"https:\/\/www.customywear.com\/pt\/wp-json\/wp\/v2\/types\/product"}],"replies":[{"embeddable":true,"href":"https:\/\/www.customywear.com\/pt\/wp-json\/wp\/v2\/comments?post=21423"}],"wp:featuredmedia":[{"embeddable":true,"href":"https:\/\/www.customywear.com\/pt\/wp-json\/wp\/v2\/media\/143261"}],"wp:attachment":[{"href":"https:\/\/www.customywear.com\/pt\/wp-json\/wp\/v2\/media?parent=21423"}],"wp:term":[{"taxonomy":"product_brand","embeddable":true,"href":"https:\/\/www.customywear.com\/pt\/wp-json\/wp\/v2\/product_brand?post=21423"},{"taxonomy":"product_cat","embeddable":true,"href":"https:\/\/www.customywear.com\/pt\/wp-json\/wp\/v2\/product_cat?post=21423"},{"taxonomy":"product_tag","embeddable":true,"href":"https:\/\/www.customywear.com\/pt\/wp-json\/wp\/v2\/product_tag?post=21423"}],"curies":[{"name":"wp","href":"https:\/\/api.w.org\/{rel}","templated":true}]}}