{"id":34035,"date":"2024-04-15T14:12:21","date_gmt":"2024-04-15T14:12:21","guid":{"rendered":"https:\/\/www.customywear.com\/?post_type=product&#038;p=34035"},"modified":"2026-05-07T15:29:46","modified_gmt":"2026-05-07T15:29:46","slug":"camisa-infantil-de-super-heroi","status":"publish","type":"product","link":"https:\/\/www.customywear.com\/pt\/superhero-toddler-shirt\/","title":{"rendered":"Superhero Toddler Girl Shirt &#8211; Personalized Tee for toddler girl and children"},"content":{"rendered":"<p><span data-sheets-root=\"1\" data-sheets-value=\"{&quot;1&quot;:2,&quot;2&quot;:&quot;Superhero Toddler Shirt: Turn your little one into a superhero with our custom-designed t-shirts. Hand-drawn from their photo, our unique artwork adorns comfortable tees suitable for toddlers, boys, and girls. Let them embrace their inner hero with our personalized superhero tees, crafted with love and creativity!&quot;}\" data-sheets-userformat=\"{&quot;2&quot;:897,&quot;3&quot;:{&quot;1&quot;:0},&quot;10&quot;:1,&quot;11&quot;:3,&quot;12&quot;:0}\">Camiseta Infantil de Super-her\u00f3i: Transforme seu pequeno em um super-her\u00f3i com nossas camisetas personalizadas. Desenhadas \u00e0 m\u00e3o a partir de suas fotos, nossas artes exclusivas adornam camisetas confort\u00e1veis, adequadas para beb\u00eas, meninos e meninas. Deixe-os abra\u00e7ar o her\u00f3i que existe em voc\u00ea com nossas camisetas personalizadas de super-her\u00f3is, criadas com amor e criatividade!<\/span><\/p>","protected":false},"excerpt":{"rendered":"<p>Comece pequeno com uma camisa de super-her\u00f3i. As camisetas personalizadas transformam qualquer foto em uma camiseta divertida e \u00fanica.<\/p>","protected":false},"featured_media":142455,"comment_status":"open","ping_status":"closed","template":"","meta":{"_acf_changed":false},"product_brand":[],"product_cat":[6207,496,1621,6412,6428],"product_tag":[6433,6439,6221],"class_list":{"0":"post-34035","1":"product","2":"type-product","3":"status-publish","4":"has-post-thumbnail","6":"product_cat-toddler-girl-t-shirts","7":"product_cat-birthday","8":"product_cat-custom-gifts-original-superhero","9":"product_cat-photo-to-tees","10":"product_cat-translate-products","11":"product_tag-ai-artwork","12":"product_tag-ai-kids-artwork","13":"product_tag-custom-t-shirts-near-me","15":"first","16":"instock","17":"taxable","18":"shipping-taxable","19":"purchasable","20":"product-type-simple"},"acf":[],"wcpa_form_fields":null,"_links":{"self":[{"href":"https:\/\/www.customywear.com\/pt\/wp-json\/wp\/v2\/product\/34035","targetHints":{"allow":["GET"]}}],"collection":[{"href":"https:\/\/www.customywear.com\/pt\/wp-json\/wp\/v2\/product"}],"about":[{"href":"https:\/\/www.customywear.com\/pt\/wp-json\/wp\/v2\/types\/product"}],"replies":[{"embeddable":true,"href":"https:\/\/www.customywear.com\/pt\/wp-json\/wp\/v2\/comments?post=34035"}],"wp:featuredmedia":[{"embeddable":true,"href":"https:\/\/www.customywear.com\/pt\/wp-json\/wp\/v2\/media\/142455"}],"wp:attachment":[{"href":"https:\/\/www.customywear.com\/pt\/wp-json\/wp\/v2\/media?parent=34035"}],"wp:term":[{"taxonomy":"product_brand","embeddable":true,"href":"https:\/\/www.customywear.com\/pt\/wp-json\/wp\/v2\/product_brand?post=34035"},{"taxonomy":"product_cat","embeddable":true,"href":"https:\/\/www.customywear.com\/pt\/wp-json\/wp\/v2\/product_cat?post=34035"},{"taxonomy":"product_tag","embeddable":true,"href":"https:\/\/www.customywear.com\/pt\/wp-json\/wp\/v2\/product_tag?post=34035"}],"curies":[{"name":"wp","href":"https:\/\/api.w.org\/{rel}","templated":true}]}}