{"id":34997,"date":"2024-05-01T13:32:49","date_gmt":"2024-05-01T13:32:49","guid":{"rendered":"https:\/\/www.customywear.com\/?post_type=product&#038;p=34997"},"modified":"2026-05-07T15:29:46","modified_gmt":"2026-05-07T15:29:46","slug":"camisetas-de-formatura-do-jardim-de-infancia","status":"publish","type":"product","link":"https:\/\/www.customywear.com\/pt\/kindergarten-graduation-t-shirts\/","title":{"rendered":"Camiseta de formatura do jardim de inf\u00e2ncia \u2013 Camiseta feita sob medida"},"content":{"rendered":"<p>Para esta camiseta personalizada de formatura, desenharemos sua foto digitalmente \u00e0 m\u00e3o para criar um personagem \u00fanico em um traje de formatura. Confeccionadas em 100% algod\u00e3o macio, nossas camisetas s\u00e3o confort\u00e1veis \u200b\u200be suaves para a pele. Com qualidade premium e impress\u00e3o DTG de alta qualidade, o design ser\u00e1 vibrante e duradouro. Nosso corte regular \u00e9 perfeito para o dia a dia e, por ser unissex, serve em todos! Cada design \u00e9 habilmente desenhado \u00e0 m\u00e3o, garantindo que o seu seja personalizado e \u00fanico. Encomende hoje mesmo para celebrar suas conquistas com estilo!<\/p>","protected":false},"excerpt":{"rendered":"<p>Comemore os primeiros alunos com camisetas de formatura do jardim de inf\u00e2ncia. As camisetas feitas sob encomenda transformam qualquer foto em uma camisa divertida e \u00fanica.<\/p>","protected":false},"featured_media":142823,"comment_status":"open","ping_status":"closed","template":"","meta":{"_acf_changed":false},"product_brand":[],"product_cat":[6193,2090,6412,6428],"product_tag":[6433,6439,6221],"class_list":{"0":"post-34997","1":"product","2":"type-product","3":"status-publish","4":"has-post-thumbnail","6":"product_cat-girls-t-shirts","7":"product_cat-custom-gifts-graduation","8":"product_cat-photo-to-tees","9":"product_cat-translate-products","10":"product_tag-ai-artwork","11":"product_tag-ai-kids-artwork","12":"product_tag-custom-t-shirts-near-me","14":"first","15":"instock","16":"taxable","17":"shipping-taxable","18":"purchasable","19":"product-type-simple"},"acf":[],"wcpa_form_fields":null,"_links":{"self":[{"href":"https:\/\/www.customywear.com\/pt\/wp-json\/wp\/v2\/product\/34997","targetHints":{"allow":["GET"]}}],"collection":[{"href":"https:\/\/www.customywear.com\/pt\/wp-json\/wp\/v2\/product"}],"about":[{"href":"https:\/\/www.customywear.com\/pt\/wp-json\/wp\/v2\/types\/product"}],"replies":[{"embeddable":true,"href":"https:\/\/www.customywear.com\/pt\/wp-json\/wp\/v2\/comments?post=34997"}],"wp:featuredmedia":[{"embeddable":true,"href":"https:\/\/www.customywear.com\/pt\/wp-json\/wp\/v2\/media\/142823"}],"wp:attachment":[{"href":"https:\/\/www.customywear.com\/pt\/wp-json\/wp\/v2\/media?parent=34997"}],"wp:term":[{"taxonomy":"product_brand","embeddable":true,"href":"https:\/\/www.customywear.com\/pt\/wp-json\/wp\/v2\/product_brand?post=34997"},{"taxonomy":"product_cat","embeddable":true,"href":"https:\/\/www.customywear.com\/pt\/wp-json\/wp\/v2\/product_cat?post=34997"},{"taxonomy":"product_tag","embeddable":true,"href":"https:\/\/www.customywear.com\/pt\/wp-json\/wp\/v2\/product_tag?post=34997"}],"curies":[{"name":"wp","href":"https:\/\/api.w.org\/{rel}","templated":true}]}}