{"id":39587,"date":"2024-06-16T11:02:45","date_gmt":"2024-06-16T11:02:45","guid":{"rendered":"https:\/\/www.customywear.com\/?post_type=product&#038;p=39587"},"modified":"2026-05-05T20:23:27","modified_gmt":"2026-05-05T20:23:27","slug":"camiseta-feminina-super-heroina-personalizada","status":"publish","type":"product","link":"https:\/\/www.customywear.com\/pt\/custom-female-superhero-tee\/","title":{"rendered":"Camiseta feminina super-hero\u00edna personalizada \u2013 Camiseta gr\u00e1fica personalizada"},"content":{"rendered":"<p>Camiseta feminina personalizada de super-hero\u00edna: Reforce seu estilo com nossa camiseta feminina personalizada de super-hero\u00edna. Confeccionada em 100% algod\u00e3o macio, esta camiseta de qualidade premium oferece conforto e durabilidade para o dia a dia. Com designs vibrantes por meio de impress\u00e3o DTG de alta qualidade, cada camiseta transforma suas fotos em uma super-hero\u00edna personalizada. Seja para presente ou para uso pessoal, nossa camiseta feminina personalizada de super-hero\u00edna celebra a for\u00e7a e a individualidade.<\/p>","protected":false},"excerpt":{"rendered":"<p>Capacite com camisetas de super-her\u00f3is femininas personalizadas. As camisas gr\u00e1ficas personalizadas transformam qualquer foto em uma camiseta divertida e \u00fanica.<\/p>","protected":false},"featured_media":126856,"comment_status":"open","ping_status":"closed","template":"","meta":{"_acf_changed":false},"product_brand":[],"product_cat":[6191,6150,6412,515,6428,75,6350],"product_tag":[6214,6433,6328,229,6432,6215],"class_list":{"0":"post-39587","1":"product","2":"type-product","3":"status-publish","4":"has-post-thumbnail","6":"product_cat-t-shirts-women","7":"product_cat-custom-gifts-ai-superhero","8":"product_cat-photo-to-tees","9":"product_cat-superhero","10":"product_cat-translate-products","11":"product_cat-women","12":"product_cat-womens-superhero-t-shirts","13":"product_tag-affordable-custom-t-shirts","14":"product_tag-ai-artwork","15":"product_tag-custom-image-t-shirt-for-women","16":"product_tag-custom-tee-shirts","17":"product_tag-product-video","18":"product_tag-screen-printing-near-me","20":"first","21":"instock","22":"taxable","23":"shipping-taxable","24":"purchasable","25":"product-type-simple"},"acf":[],"wcpa_form_fields":null,"_links":{"self":[{"href":"https:\/\/www.customywear.com\/pt\/wp-json\/wp\/v2\/product\/39587","targetHints":{"allow":["GET"]}}],"collection":[{"href":"https:\/\/www.customywear.com\/pt\/wp-json\/wp\/v2\/product"}],"about":[{"href":"https:\/\/www.customywear.com\/pt\/wp-json\/wp\/v2\/types\/product"}],"replies":[{"embeddable":true,"href":"https:\/\/www.customywear.com\/pt\/wp-json\/wp\/v2\/comments?post=39587"}],"wp:featuredmedia":[{"embeddable":true,"href":"https:\/\/www.customywear.com\/pt\/wp-json\/wp\/v2\/media\/126856"}],"wp:attachment":[{"href":"https:\/\/www.customywear.com\/pt\/wp-json\/wp\/v2\/media?parent=39587"}],"wp:term":[{"taxonomy":"product_brand","embeddable":true,"href":"https:\/\/www.customywear.com\/pt\/wp-json\/wp\/v2\/product_brand?post=39587"},{"taxonomy":"product_cat","embeddable":true,"href":"https:\/\/www.customywear.com\/pt\/wp-json\/wp\/v2\/product_cat?post=39587"},{"taxonomy":"product_tag","embeddable":true,"href":"https:\/\/www.customywear.com\/pt\/wp-json\/wp\/v2\/product_tag?post=39587"}],"curies":[{"name":"wp","href":"https:\/\/api.w.org\/{rel}","templated":true}]}}