{"id":40059,"date":"2024-06-16T14:32:39","date_gmt":"2024-06-16T14:32:39","guid":{"rendered":"https:\/\/www.customywear.com\/?post_type=product&#038;p=40059"},"modified":"2026-05-07T15:29:44","modified_gmt":"2026-05-07T15:29:44","slug":"camiseta-de-super-heroi-juvenil-para-meninas","status":"publish","type":"product","link":"https:\/\/www.customywear.com\/pt\/youth-superhero-t-shirt-for-girls\/","title":{"rendered":"Jovens super-Her\u00f3i T-Shirt para Meninas Personalizada tee"},"content":{"rendered":"<p>Camiseta Juvenil de Super-Her\u00f3i para Meninas \u2013 Camiseta Personalizada: Promova o hero\u00edsmo com nossa Camiseta Juvenil de Super-Her\u00f3i para Meninas \u2013 Camiseta Personalizada. Feita com materiais macios e dur\u00e1veis, esta camiseta oferece conforto para super-hero\u00ednas em crescimento. Com designs personalizados por meio de impress\u00e3o DTG de alta qualidade, cada camiseta apresenta seu her\u00f3i favorito de uma maneira \u00fanica. Seja para a escola ou para brincar, nossa camiseta personalizada inspira confian\u00e7a e imagina\u00e7\u00e3o.<\/p>","protected":false},"excerpt":{"rendered":"<p>Capacite as meninas com uma camiseta de super-her\u00f3i para meninas. As camisetas personalizadas transformam qualquer foto em uma camiseta l\u00fadica e her\u00f3ica.<\/p>","protected":false},"featured_media":126779,"comment_status":"open","ping_status":"closed","template":"","meta":{"_acf_changed":false},"product_brand":[],"product_cat":[6193,496,6150,152,6412,6428,58],"product_tag":[6433,6439,6331,6221],"class_list":{"0":"post-40059","1":"product","2":"type-product","3":"status-publish","4":"has-post-thumbnail","6":"product_cat-girls-t-shirts","7":"product_cat-birthday","8":"product_cat-custom-gifts-ai-superhero","9":"product_cat-girls","10":"product_cat-photo-to-tees","11":"product_cat-translate-products","12":"product_cat-youth-kids","13":"product_tag-ai-artwork","14":"product_tag-ai-kids-artwork","15":"product_tag-custom-picture-t-shirt-for-girls","16":"product_tag-custom-t-shirts-near-me","18":"first","19":"instock","20":"taxable","21":"shipping-taxable","22":"purchasable","23":"product-type-simple"},"acf":[],"wcpa_form_fields":null,"_links":{"self":[{"href":"https:\/\/www.customywear.com\/pt\/wp-json\/wp\/v2\/product\/40059","targetHints":{"allow":["GET"]}}],"collection":[{"href":"https:\/\/www.customywear.com\/pt\/wp-json\/wp\/v2\/product"}],"about":[{"href":"https:\/\/www.customywear.com\/pt\/wp-json\/wp\/v2\/types\/product"}],"replies":[{"embeddable":true,"href":"https:\/\/www.customywear.com\/pt\/wp-json\/wp\/v2\/comments?post=40059"}],"wp:featuredmedia":[{"embeddable":true,"href":"https:\/\/www.customywear.com\/pt\/wp-json\/wp\/v2\/media\/126779"}],"wp:attachment":[{"href":"https:\/\/www.customywear.com\/pt\/wp-json\/wp\/v2\/media?parent=40059"}],"wp:term":[{"taxonomy":"product_brand","embeddable":true,"href":"https:\/\/www.customywear.com\/pt\/wp-json\/wp\/v2\/product_brand?post=40059"},{"taxonomy":"product_cat","embeddable":true,"href":"https:\/\/www.customywear.com\/pt\/wp-json\/wp\/v2\/product_cat?post=40059"},{"taxonomy":"product_tag","embeddable":true,"href":"https:\/\/www.customywear.com\/pt\/wp-json\/wp\/v2\/product_tag?post=40059"}],"curies":[{"name":"wp","href":"https:\/\/api.w.org\/{rel}","templated":true}]}}