{"id":40377,"date":"2024-06-26T09:02:51","date_gmt":"2024-06-26T09:02:51","guid":{"rendered":"https:\/\/www.customywear.com\/?post_type=product&#038;p=40377"},"modified":"2026-05-07T15:29:44","modified_gmt":"2026-05-07T15:29:44","slug":"camiseta-de-super-heroina-para-meninas-jovens","status":"publish","type":"product","link":"https:\/\/www.customywear.com\/pt\/youth-girl-superhero-tee\/","title":{"rendered":"Camiseta de super-her\u00f3i para meninas jovens \u2013 Camiseta de super-her\u00f3i personalizada"},"content":{"rendered":"<p>Camiseta de super-her\u00f3is para meninas \u2013 Camiseta de super-her\u00f3is personalizada: Expresse sua individualidade com nossa Camiseta de super-her\u00f3is para meninas \u2013 Camiseta de super-her\u00f3is personalizada! Confeccionada em 100% algod\u00e3o macio, esta camiseta de qualidade premium oferece conforto e durabilidade para meninas em fase de crescimento. Cada camiseta apresenta designs personalizados de super-her\u00f3is, impressos com impress\u00e3o DTG de alta qualidade para gr\u00e1ficos vibrantes e detalhados. Seja para eventos escolares ou para sair com as amigas, esta camiseta personalizada de super-her\u00f3is permite que as meninas mostrem suas personalidades \u00fanicas.<\/p>","protected":false},"excerpt":{"rendered":"<p>Inspire os jovens com uma camiseta de super-her\u00f3is de uma jovem garota. As camisetas de super-her\u00f3is personalizadas transformam qualquer foto em uma camiseta divertida e \u00fanica.<\/p>","protected":false},"featured_media":134889,"comment_status":"open","ping_status":"closed","template":"","meta":{"_acf_changed":false},"product_brand":[],"product_cat":[6193,6152,152,6412,6428,58],"product_tag":[6433,6439,6153,6331,6154,6155],"class_list":{"0":"post-40377","1":"product","2":"type-product","3":"status-publish","4":"has-post-thumbnail","6":"product_cat-girls-t-shirts","7":"product_cat-custom-gifts-batman","8":"product_cat-girls","9":"product_cat-photo-to-tees","10":"product_cat-translate-products","11":"product_cat-youth-kids","12":"product_tag-ai-artwork","13":"product_tag-ai-kids-artwork","14":"product_tag-batman","15":"product_tag-custom-picture-t-shirt-for-girls","16":"product_tag-dc-comic","17":"product_tag-marvel","19":"first","20":"instock","21":"taxable","22":"shipping-taxable","23":"purchasable","24":"product-type-simple"},"acf":[],"wcpa_form_fields":null,"_links":{"self":[{"href":"https:\/\/www.customywear.com\/pt\/wp-json\/wp\/v2\/product\/40377","targetHints":{"allow":["GET"]}}],"collection":[{"href":"https:\/\/www.customywear.com\/pt\/wp-json\/wp\/v2\/product"}],"about":[{"href":"https:\/\/www.customywear.com\/pt\/wp-json\/wp\/v2\/types\/product"}],"replies":[{"embeddable":true,"href":"https:\/\/www.customywear.com\/pt\/wp-json\/wp\/v2\/comments?post=40377"}],"wp:featuredmedia":[{"embeddable":true,"href":"https:\/\/www.customywear.com\/pt\/wp-json\/wp\/v2\/media\/134889"}],"wp:attachment":[{"href":"https:\/\/www.customywear.com\/pt\/wp-json\/wp\/v2\/media?parent=40377"}],"wp:term":[{"taxonomy":"product_brand","embeddable":true,"href":"https:\/\/www.customywear.com\/pt\/wp-json\/wp\/v2\/product_brand?post=40377"},{"taxonomy":"product_cat","embeddable":true,"href":"https:\/\/www.customywear.com\/pt\/wp-json\/wp\/v2\/product_cat?post=40377"},{"taxonomy":"product_tag","embeddable":true,"href":"https:\/\/www.customywear.com\/pt\/wp-json\/wp\/v2\/product_tag?post=40377"}],"curies":[{"name":"wp","href":"https:\/\/api.w.org\/{rel}","templated":true}]}}