{"id":41116,"date":"2024-07-24T09:23:21","date_gmt":"2024-07-24T09:23:21","guid":{"rendered":"https:\/\/www.customywear.com\/?post_type=product&#038;p=41116"},"modified":"2026-05-05T20:24:06","modified_gmt":"2026-05-05T20:24:06","slug":"camiseta-personalizada-de-aranha-para-homens","status":"publish","type":"product","link":"https:\/\/www.customywear.com\/pt\/men-personalized-spider-tee\/","title":{"rendered":"Camiseta personalizada para os Homens \u2013 Personalizado Aranha, super-Her\u00f3i Tee"},"content":{"rendered":"<p>Camiseta Personalizada Masculina \u2013 Camiseta Personalizada de Super-her\u00f3i Aranha: Transforme suas fotos em um super-her\u00f3i deslumbrante com nossa Camiseta Personalizada Masculina \u2013 Camiseta Personalizada de Super-her\u00f3i Aranha! Esta camiseta apresenta o seu pr\u00f3prio design exclusivo de super-her\u00f3i, estampado com tecnologia DTG de alta qualidade em 100% algod\u00e3o macio para conforto e durabilidade. O corte regular \u00e9 perfeito para o dia a dia, e o design unissex a torna ideal para qualquer pessoa. Cada camiseta \u00e9 criada por artistas habilidosos para criar uma pe\u00e7a vibrante e personalizada que se destaca.<\/p>","protected":false},"excerpt":{"rendered":"<p>Entre em a\u00e7\u00e3o com uma camiseta personalizada para homens. As camisetas personalizadas de super-her\u00f3is de aranha transformam qualquer foto em uma camiseta \u00fanica.<\/p>","protected":false},"featured_media":135244,"comment_status":"open","ping_status":"closed","template":"","meta":{"_acf_changed":false},"product_brand":[],"product_cat":[6195,6151,186,6336,6412,515,6428],"product_tag":[6433,6327,6216,6168],"class_list":{"0":"post-41116","1":"product","2":"type-product","3":"status-publish","4":"has-post-thumbnail","6":"product_cat-t-shirts-men","7":"product_cat-custom-gifts-spiderman","8":"product_cat-men","9":"product_cat-mens-superhero-t-shirts","10":"product_cat-photo-to-tees","11":"product_cat-superhero","12":"product_cat-translate-products","13":"product_tag-ai-artwork","14":"product_tag-custom-photo-t-shirt-for-men","15":"product_tag-mens-custom-t-shirts","16":"product_tag-unique-superhero-tees","18":"first","19":"instock","20":"taxable","21":"shipping-taxable","22":"purchasable","23":"product-type-simple"},"acf":[],"wcpa_form_fields":null,"_links":{"self":[{"href":"https:\/\/www.customywear.com\/pt\/wp-json\/wp\/v2\/product\/41116","targetHints":{"allow":["GET"]}}],"collection":[{"href":"https:\/\/www.customywear.com\/pt\/wp-json\/wp\/v2\/product"}],"about":[{"href":"https:\/\/www.customywear.com\/pt\/wp-json\/wp\/v2\/types\/product"}],"replies":[{"embeddable":true,"href":"https:\/\/www.customywear.com\/pt\/wp-json\/wp\/v2\/comments?post=41116"}],"wp:featuredmedia":[{"embeddable":true,"href":"https:\/\/www.customywear.com\/pt\/wp-json\/wp\/v2\/media\/135244"}],"wp:attachment":[{"href":"https:\/\/www.customywear.com\/pt\/wp-json\/wp\/v2\/media?parent=41116"}],"wp:term":[{"taxonomy":"product_brand","embeddable":true,"href":"https:\/\/www.customywear.com\/pt\/wp-json\/wp\/v2\/product_brand?post=41116"},{"taxonomy":"product_cat","embeddable":true,"href":"https:\/\/www.customywear.com\/pt\/wp-json\/wp\/v2\/product_cat?post=41116"},{"taxonomy":"product_tag","embeddable":true,"href":"https:\/\/www.customywear.com\/pt\/wp-json\/wp\/v2\/product_tag?post=41116"}],"curies":[{"name":"wp","href":"https:\/\/api.w.org\/{rel}","templated":true}]}}