{"id":41201,"date":"2024-07-24T09:25:22","date_gmt":"2024-07-24T09:25:22","guid":{"rendered":"https:\/\/www.customywear.com\/?post_type=product&#038;p=41201"},"modified":"2026-05-07T15:29:44","modified_gmt":"2026-05-07T15:29:44","slug":"roupas-de-super-herois-aranha-jovens","status":"publish","type":"product","link":"https:\/\/www.customywear.com\/pt\/youth-spider-superhero-clothing\/","title":{"rendered":"Jovens Super-Her\u00f3i T-Shirt Personalizada Aranha Roupa De Super-Her\u00f3i"},"content":{"rendered":"<p>Camiseta Juvenil de Super-her\u00f3i \u2013 Roupa Personalizada de Super-her\u00f3i Aranha: Empodere sua juventude com nossa Camiseta Juvenil de Super-her\u00f3i \u2013 Roupa Personalizada de Super-her\u00f3i Aranha! Esta camiseta personalizada apresenta um design de super-her\u00f3i baseado em uma foto, impresso em 100% algod\u00e3o macio com tecnologia DTG de alta qualidade. O caimento regular e o estilo unissex proporcionam conforto, com cada camiseta habilmente confeccionada para apresentar uma estampa vibrante e personalizada de super-her\u00f3i que celebra seu esp\u00edrito jovem.<\/p>","protected":false},"excerpt":{"rendered":"<p>Transforme o estilo jovem com uma camiseta de super-her\u00f3i para jovens. Roupas personalizadas de super-her\u00f3is de aranha transformam qualquer foto em uma camiseta ousada e \u00fanica.<\/p>","protected":false},"featured_media":135190,"comment_status":"open","ping_status":"closed","template":"","meta":{"_acf_changed":false},"product_brand":[],"product_cat":[6189,157,496,6151,6412,515,6428,58],"product_tag":[6433,6439,6221,6330],"class_list":{"0":"post-41201","1":"product","2":"type-product","3":"status-publish","4":"has-post-thumbnail","6":"product_cat-boys-t-shirts","7":"product_cat-best-sellers","8":"product_cat-birthday","9":"product_cat-custom-gifts-spiderman","10":"product_cat-photo-to-tees","11":"product_cat-superhero","12":"product_cat-translate-products","13":"product_cat-youth-kids","14":"product_tag-ai-artwork","15":"product_tag-ai-kids-artwork","16":"product_tag-custom-t-shirts-near-me","17":"product_tag-photo-print-t-shirt-for-boys","19":"first","20":"instock","21":"taxable","22":"shipping-taxable","23":"purchasable","24":"product-type-simple"},"acf":[],"wcpa_form_fields":null,"_links":{"self":[{"href":"https:\/\/www.customywear.com\/pt\/wp-json\/wp\/v2\/product\/41201","targetHints":{"allow":["GET"]}}],"collection":[{"href":"https:\/\/www.customywear.com\/pt\/wp-json\/wp\/v2\/product"}],"about":[{"href":"https:\/\/www.customywear.com\/pt\/wp-json\/wp\/v2\/types\/product"}],"replies":[{"embeddable":true,"href":"https:\/\/www.customywear.com\/pt\/wp-json\/wp\/v2\/comments?post=41201"}],"wp:featuredmedia":[{"embeddable":true,"href":"https:\/\/www.customywear.com\/pt\/wp-json\/wp\/v2\/media\/135190"}],"wp:attachment":[{"href":"https:\/\/www.customywear.com\/pt\/wp-json\/wp\/v2\/media?parent=41201"}],"wp:term":[{"taxonomy":"product_brand","embeddable":true,"href":"https:\/\/www.customywear.com\/pt\/wp-json\/wp\/v2\/product_brand?post=41201"},{"taxonomy":"product_cat","embeddable":true,"href":"https:\/\/www.customywear.com\/pt\/wp-json\/wp\/v2\/product_cat?post=41201"},{"taxonomy":"product_tag","embeddable":true,"href":"https:\/\/www.customywear.com\/pt\/wp-json\/wp\/v2\/product_tag?post=41201"}],"curies":[{"name":"wp","href":"https:\/\/api.w.org\/{rel}","templated":true}]}}