{"id":41240,"date":"2024-07-24T09:26:14","date_gmt":"2024-07-24T09:26:14","guid":{"rendered":"https:\/\/www.customywear.com\/?post_type=product&#038;p=41240"},"modified":"2026-05-07T15:29:43","modified_gmt":"2026-05-07T15:29:43","slug":"camiseta-infantil-de-super-heroi-aranha","status":"publish","type":"product","link":"https:\/\/www.customywear.com\/pt\/toddler-spider-superhero-shirt\/","title":{"rendered":"Camiseta personalizada para menina pequena \u2013 Camiseta personalizada com imagem de super-her\u00f3i aranha"},"content":{"rendered":"<p>Camiseta personalizada para meninas pequenas \u2013 Camiseta personalizada com imagem de super-her\u00f3i aranha: Torne o dia da sua filha pequena m\u00e1gico com nossa Camiseta personalizada para meninas pequenas \u2013 Camiseta personalizada com imagem de super-her\u00f3i aranha! Esta camiseta personalizada apresenta um design vibrante de super-hero\u00edna baseado em sua foto, impresso em 100% algod\u00e3o macio com tecnologia DTG de alta qualidade. O caimento regular e o estilo unissex garantem conforto para as crian\u00e7as, com cada camiseta confeccionada para apresentar uma estampa \u00fanica de super-hero\u00edna que d\u00e1 vida ao seu personagem favorito.<\/p>","protected":false},"excerpt":{"rendered":"<p>Personalize os pequenos her\u00f3is com uma camiseta personalizada para a menina da crian\u00e7a. As camisas do super-her\u00f3i da aranha da imagem personalizada transformam qualquer foto em uma camiseta divertida e \u00fanica.<\/p>","protected":false},"featured_media":135156,"comment_status":"open","ping_status":"closed","template":"","meta":{"_acf_changed":false},"product_brand":[],"product_cat":[6207,6151,6412,6428],"product_tag":[6433,6439,6221],"class_list":{"0":"post-41240","1":"product","2":"type-product","3":"status-publish","4":"has-post-thumbnail","6":"product_cat-toddler-girl-t-shirts","7":"product_cat-custom-gifts-spiderman","8":"product_cat-photo-to-tees","9":"product_cat-translate-products","10":"product_tag-ai-artwork","11":"product_tag-ai-kids-artwork","12":"product_tag-custom-t-shirts-near-me","14":"first","15":"instock","16":"taxable","17":"shipping-taxable","18":"purchasable","19":"product-type-simple"},"acf":[],"wcpa_form_fields":null,"_links":{"self":[{"href":"https:\/\/www.customywear.com\/pt\/wp-json\/wp\/v2\/product\/41240","targetHints":{"allow":["GET"]}}],"collection":[{"href":"https:\/\/www.customywear.com\/pt\/wp-json\/wp\/v2\/product"}],"about":[{"href":"https:\/\/www.customywear.com\/pt\/wp-json\/wp\/v2\/types\/product"}],"replies":[{"embeddable":true,"href":"https:\/\/www.customywear.com\/pt\/wp-json\/wp\/v2\/comments?post=41240"}],"wp:featuredmedia":[{"embeddable":true,"href":"https:\/\/www.customywear.com\/pt\/wp-json\/wp\/v2\/media\/135156"}],"wp:attachment":[{"href":"https:\/\/www.customywear.com\/pt\/wp-json\/wp\/v2\/media?parent=41240"}],"wp:term":[{"taxonomy":"product_brand","embeddable":true,"href":"https:\/\/www.customywear.com\/pt\/wp-json\/wp\/v2\/product_brand?post=41240"},{"taxonomy":"product_cat","embeddable":true,"href":"https:\/\/www.customywear.com\/pt\/wp-json\/wp\/v2\/product_cat?post=41240"},{"taxonomy":"product_tag","embeddable":true,"href":"https:\/\/www.customywear.com\/pt\/wp-json\/wp\/v2\/product_tag?post=41240"}],"curies":[{"name":"wp","href":"https:\/\/api.w.org\/{rel}","templated":true}]}}