{"id":41241,"date":"2024-07-24T09:26:15","date_gmt":"2024-07-24T09:26:15","guid":{"rendered":"https:\/\/www.customywear.com\/?post_type=product&#038;p=41241"},"modified":"2026-05-07T15:29:43","modified_gmt":"2026-05-07T15:29:43","slug":"camiseta-de-super-heroi-aranha-para-meninas","status":"publish","type":"product","link":"https:\/\/www.customywear.com\/pt\/girls-spider-superhero-shirt\/","title":{"rendered":"Camiseta personalizada para meninas \u2013 Camiseta personalizada de super-her\u00f3i de aranha de arte"},"content":{"rendered":"<p>Camiseta Personalizada para Meninas \u2013 Camiseta Personalizada de Super-her\u00f3is com Arte Aranha: Empodere sua pequena super-hero\u00edna com nossa Camiseta Personalizada para Meninas \u2013 Camiseta Personalizada de Super-her\u00f3is com Arte Aranha! Esta camiseta personalizada apresenta um design de super-hero\u00edna inspirado em sua foto, impresso em 100% algod\u00e3o macio com tecnologia DTG de alta qualidade. O caimento regular e o estilo unissex oferecem conforto para as aventuras do dia a dia, com cada camiseta exclusivamente confeccionada para apresentar uma estampa vibrante e personalizada de super-hero\u00edna que a destaca.<\/p>","protected":false},"excerpt":{"rendered":"<p>Capacite as meninas com uma camiseta personalizada para meninas. As camisas do super-her\u00f3i da aranha de arte personalizadas transformam qualquer foto em um t-shirt divertido e exclusivo.<\/p>","protected":false},"featured_media":135135,"comment_status":"open","ping_status":"closed","template":"","meta":{"_acf_changed":false},"product_brand":[],"product_cat":[6193,496,6151,152,6412,515,6428],"product_tag":[6433,6439,6331,6221],"class_list":{"0":"post-41241","1":"product","2":"type-product","3":"status-publish","4":"has-post-thumbnail","6":"product_cat-girls-t-shirts","7":"product_cat-birthday","8":"product_cat-custom-gifts-spiderman","9":"product_cat-girls","10":"product_cat-photo-to-tees","11":"product_cat-superhero","12":"product_cat-translate-products","13":"product_tag-ai-artwork","14":"product_tag-ai-kids-artwork","15":"product_tag-custom-picture-t-shirt-for-girls","16":"product_tag-custom-t-shirts-near-me","18":"first","19":"instock","20":"taxable","21":"shipping-taxable","22":"purchasable","23":"product-type-simple"},"acf":[],"wcpa_form_fields":null,"_links":{"self":[{"href":"https:\/\/www.customywear.com\/pt\/wp-json\/wp\/v2\/product\/41241","targetHints":{"allow":["GET"]}}],"collection":[{"href":"https:\/\/www.customywear.com\/pt\/wp-json\/wp\/v2\/product"}],"about":[{"href":"https:\/\/www.customywear.com\/pt\/wp-json\/wp\/v2\/types\/product"}],"replies":[{"embeddable":true,"href":"https:\/\/www.customywear.com\/pt\/wp-json\/wp\/v2\/comments?post=41241"}],"wp:featuredmedia":[{"embeddable":true,"href":"https:\/\/www.customywear.com\/pt\/wp-json\/wp\/v2\/media\/135135"}],"wp:attachment":[{"href":"https:\/\/www.customywear.com\/pt\/wp-json\/wp\/v2\/media?parent=41241"}],"wp:term":[{"taxonomy":"product_brand","embeddable":true,"href":"https:\/\/www.customywear.com\/pt\/wp-json\/wp\/v2\/product_brand?post=41241"},{"taxonomy":"product_cat","embeddable":true,"href":"https:\/\/www.customywear.com\/pt\/wp-json\/wp\/v2\/product_cat?post=41241"},{"taxonomy":"product_tag","embeddable":true,"href":"https:\/\/www.customywear.com\/pt\/wp-json\/wp\/v2\/product_tag?post=41241"}],"curies":[{"name":"wp","href":"https:\/\/api.w.org\/{rel}","templated":true}]}}