{"id":42542,"date":"2024-09-11T15:29:39","date_gmt":"2024-09-11T15:29:39","guid":{"rendered":"https:\/\/www.customywear.com\/?post_type=product&#038;p=42542"},"modified":"2026-05-07T15:29:43","modified_gmt":"2026-05-07T15:29:43","slug":"camiseta-aniversario-bebe-guitarra","status":"publish","type":"product","link":"https:\/\/www.customywear.com\/pt\/toddler-birthday-guitar-tee\/","title":{"rendered":"Camiseta Baixista \u2013 Camiseta de Anivers\u00e1rio para Meninas com Guitarra"},"content":{"rendered":"<p>Camiseta Bass Player \u2013 Torne o anivers\u00e1rio da sua filha ainda mais especial com a nossa Camiseta de Anivers\u00e1rio com Guitarra para Meninas, com um design exclusivo criado a partir das suas fotos. Esta Camiseta Bass Player \u00e9 confeccionada em 100% algod\u00e3o macio para m\u00e1ximo conforto e qualidade premium para maior durabilidade. Com caimento regular e design unissex, \u00e9 \u00f3tima para o dia a dia. Desfrute de estampas vibrantes e duradouras com impress\u00e3o DTG de alta qualidade e arte digital personalizada.<\/p>","protected":false},"excerpt":{"rendered":"<p>Comemore a m\u00fasica com um baixista de camisetas. Os camisetas da guitarra do anivers\u00e1rio da crian\u00e7a da crian\u00e7a transformam qualquer foto em uma camiseta divertida e original.<\/p>","protected":false},"featured_media":95523,"comment_status":"open","ping_status":"closed","template":"","meta":{"_acf_changed":false},"product_brand":[],"product_cat":[6207,6123,6412,6428],"product_tag":[6433,6439,6221],"class_list":{"0":"post-42542","1":"product","2":"type-product","3":"status-publish","4":"has-post-thumbnail","6":"product_cat-toddler-girl-t-shirts","7":"product_cat-custom-gifts-ai-guitar","8":"product_cat-photo-to-tees","9":"product_cat-translate-products","10":"product_tag-ai-artwork","11":"product_tag-ai-kids-artwork","12":"product_tag-custom-t-shirts-near-me","14":"first","15":"instock","16":"taxable","17":"shipping-taxable","18":"purchasable","19":"product-type-simple"},"acf":[],"wcpa_form_fields":null,"_links":{"self":[{"href":"https:\/\/www.customywear.com\/pt\/wp-json\/wp\/v2\/product\/42542","targetHints":{"allow":["GET"]}}],"collection":[{"href":"https:\/\/www.customywear.com\/pt\/wp-json\/wp\/v2\/product"}],"about":[{"href":"https:\/\/www.customywear.com\/pt\/wp-json\/wp\/v2\/types\/product"}],"replies":[{"embeddable":true,"href":"https:\/\/www.customywear.com\/pt\/wp-json\/wp\/v2\/comments?post=42542"}],"wp:featuredmedia":[{"embeddable":true,"href":"https:\/\/www.customywear.com\/pt\/wp-json\/wp\/v2\/media\/95523"}],"wp:attachment":[{"href":"https:\/\/www.customywear.com\/pt\/wp-json\/wp\/v2\/media?parent=42542"}],"wp:term":[{"taxonomy":"product_brand","embeddable":true,"href":"https:\/\/www.customywear.com\/pt\/wp-json\/wp\/v2\/product_brand?post=42542"},{"taxonomy":"product_cat","embeddable":true,"href":"https:\/\/www.customywear.com\/pt\/wp-json\/wp\/v2\/product_cat?post=42542"},{"taxonomy":"product_tag","embeddable":true,"href":"https:\/\/www.customywear.com\/pt\/wp-json\/wp\/v2\/product_tag?post=42542"}],"curies":[{"name":"wp","href":"https:\/\/api.w.org\/{rel}","templated":true}]}}