{"id":7243,"date":"2024-09-27T07:25:56","date_gmt":"2024-09-27T07:25:56","guid":{"rendered":"https:\/\/www.customywear.com\/?page_id=7243"},"modified":"2024-10-15T15:35:53","modified_gmt":"2024-10-15T15:35:53","slug":"intrebari-frecvente","status":"publish","type":"page","link":"https:\/\/www.customywear.com\/ro\/faqs\/","title":{"rendered":"\u00centreb\u0103ri frecvente"},"content":{"rendered":"<h2 class=\"wp-block-heading alignfull has-text-align-center has-white-color has-text-color has-background has-link-color wp-elements-acc56bf3ea8d88e38c69b4c747345d3b\" style=\"background:linear-gradient(180deg,rgb(35,154,221) 0%,rgb(30,59,102) 100%)\">\u00centreb\u0103ri frecvente<\/h2>\n\n\n<div id=\"rank-math-faq\" class=\"rank-math-block\">\n<div class=\"rank-math-list\">\n<div id=\"faq-question-1729006435376\" class=\"rank-math-list-item\">\n<h3 class=\"rank-math-question\"><a>Cum pot comanda produse personalizate?<\/a><\/h3>\n<div class=\"rank-math-answer\">\n\n<p>R\u0103sfoi\u021bi colec\u021biile noastre \u0219i selecta\u021bi produsul dorit. \u00cen pagina produsului, selecta\u021bi dimensiunea produsului, culoarea, \u00eenc\u0103rca\u021bi fotografia \u0219i ad\u0103uga\u021bi orice descrieri (ex. texte personalizate, numele fontului etc.) dac\u0103 dori\u021bi \u0219i cump\u0103ra\u021bi, v\u0103 vom trimite prin e-mail actualiz\u0103rile comenzii.<\/p>\n\n<\/div>\n<\/div>\n<div id=\"faq-question-1729006444323\" class=\"rank-math-list-item\">\n<h3 class=\"rank-math-question\"><a>Care este costul de livrare \u0219i timpul de livrare?<\/a><\/h3>\n<div class=\"rank-math-answer\">\n\n<p>R\u0103sfoi\u021bi colec\u021biile noastre \u0219i selecta\u021bi produsul dorit. \u00cen pagina produsului, selecta\u021bi dimensiunea produsului, culoarea, \u00eenc\u0103rca\u021bi fotografia \u0219i ad\u0103uga\u021bi orice descrieri (ex. texte personalizate, numele fontului etc.) dac\u0103 dori\u021bi \u0219i cump\u0103ra\u021bi, v\u0103 vom trimite prin e-mail actualiz\u0103rile comenzii.<\/p>\n\n<\/div>\n<\/div>\n<div id=\"faq-question-1729006488594\" class=\"rank-math-list-item\">\n<h3 class=\"rank-math-question\"><a>Nu pot \u00eenc\u0103rca fotografii, cum pot comanda?<\/a><\/h3>\n<div class=\"rank-math-answer\">\n\n<p>V\u0103 rug\u0103m s\u0103 a\u0219tepta\u021bi un minut pentru a \u00eenc\u0103rca fotografiile c\u00e2nd face\u021bi clic pe \u201eAd\u0103uga\u021bi \u00een co\u0219\u201d. Dac\u0103 exist\u0103 vreo problem\u0103, pute\u021bi s\u0103ri peste \u00eenc\u0103rcare \u0219i s\u0103 trece\u021bi la finalizarea comenzii \u0219i s\u0103 ne trimite\u021bi fotografiile direct pe e-mailul nostru cu num\u0103rul de comand\u0103: <a href=\"mailto:support@customywear.com\"><strong>support@customywear.com<\/strong><\/a><\/p>\n<p>De asemenea, v\u0103 vom contacta dac\u0103 lipse\u0219te fotografia.<\/p>\n\n<\/div>\n<\/div>\n<div id=\"faq-question-1729006503315\" class=\"rank-math-list-item\">\n<h3 class=\"rank-math-question\"><a>Accepta\u021bi fotografii de calitate sc\u0103zut\u0103?<\/a><\/h3>\n<div class=\"rank-math-answer\">\n\n<p>Depinde. At\u00e2ta timp c\u00e2t fotografia arat\u0103 clar pe ecranul telefonului sau al monitorului, fotografia ta ar trebui s\u0103 fie \u00een regul\u0103.<\/p>\n\n<\/div>\n<\/div>\n<div id=\"faq-question-1729006532466\" class=\"rank-math-list-item\">\n<h3 class=\"rank-math-question\"><a>Nu gasesc un produs pentru marimea Copii \/ Adulti \/ Copii mici. Ce pot face?<\/a><\/h3>\n<div class=\"rank-math-answer\">\n\n<p>Avem toate modelele disponibile pentru toate genurile \u0219i v\u00e2rstele. Uneori nu putem prezenta cu u\u0219urin\u021b\u0103 toate stilurile de produse. a\u0219adar, pute\u021bi pur \u0219i simplu s\u0103 ne contacta\u021bi prin chat live sau s\u0103 ne trimite\u021bi un e-mail pentru ceea ce c\u0103uta\u021bi.<\/p>\n\n<\/div>\n<\/div>\n<\/div>\n<\/div>\n\n\n<p><br><br><\/p>\n\n\n\n<p><\/p>","protected":false},"excerpt":{"rendered":"<p>\u00centreb\u0103ri frecvente<\/p>","protected":false},"author":2,"featured_media":0,"parent":0,"menu_order":0,"comment_status":"closed","ping_status":"closed","template":"template-fullwidth-no-heading.php","meta":{"_acf_changed":false,"footnotes":""},"class_list":["post-7243","page","type-page","status-publish","hentry"],"acf":[],"_links":{"self":[{"href":"https:\/\/www.customywear.com\/ro\/wp-json\/wp\/v2\/pages\/7243","targetHints":{"allow":["GET"]}}],"collection":[{"href":"https:\/\/www.customywear.com\/ro\/wp-json\/wp\/v2\/pages"}],"about":[{"href":"https:\/\/www.customywear.com\/ro\/wp-json\/wp\/v2\/types\/page"}],"author":[{"embeddable":true,"href":"https:\/\/www.customywear.com\/ro\/wp-json\/wp\/v2\/users\/2"}],"replies":[{"embeddable":true,"href":"https:\/\/www.customywear.com\/ro\/wp-json\/wp\/v2\/comments?post=7243"}],"version-history":[{"count":0,"href":"https:\/\/www.customywear.com\/ro\/wp-json\/wp\/v2\/pages\/7243\/revisions"}],"wp:attachment":[{"href":"https:\/\/www.customywear.com\/ro\/wp-json\/wp\/v2\/media?parent=7243"}],"curies":[{"name":"wp","href":"https:\/\/api.w.org\/{rel}","templated":true}]}}