{"id":7277,"date":"2024-09-27T07:53:31","date_gmt":"2024-09-27T07:53:31","guid":{"rendered":"https:\/\/www.customywear.com\/?page_id=7277"},"modified":"2024-09-27T08:01:12","modified_gmt":"2024-09-27T08:01:12","slug":"politica-de-returnare","status":"publish","type":"page","link":"https:\/\/www.customywear.com\/ro\/return-policy\/","title":{"rendered":"Politica de rambursare \u0219i returnare"},"content":{"rendered":"<h1 class=\"wp-block-heading alignfull has-text-align-center has-white-color has-text-color has-background has-link-color wp-elements-6a1b5e9f5e86f55beaf71c896b001019\" style=\"background:linear-gradient(180deg,rgb(35,154,221) 0%,rgb(30,59,102) 100%)\">Politica de rambursare \u0219i returnare<\/h1>\n\n\n\n<p><strong>POLITICA DE RETURNARE<br><\/strong><\/p>\n\n\n\n<p><strong>Ultima actualizare 17 august 2024<\/strong><\/p>\n\n\n\n<p>V\u0103 mul\u021bumim pentru achizi\u021bie. Sper\u0103m c\u0103 sunte\u021bi mul\u021bumit de achizi\u021bia dvs. Cu toate acestea, dac\u0103 nu sunte\u021bi complet mul\u021bumit de achizi\u021bia dvs. din orice motiv \u0219i produsul dvs. este eligibil pentru returnare, \u00eel pute\u021bi returna la noi pentru o rambursare complet\u0103 sau un schimb. V\u0103 rug\u0103m s\u0103 consulta\u021bi mai jos pentru mai multe informa\u021bii despre politica noastr\u0103 de returnare.<br><br><strong>PRODUSE ELIGIBILE<br><br><\/strong>Pentru comenzi \u0219i produse personalizate:&nbsp;<\/p>\n\n\n\n<ol class=\"wp-block-list\">\n<li><strong>Dac\u0103 v\u0103 trimitem produse \u0219i modele gre\u0219ite<\/strong><\/li>\n\n\n\n<li><strong>Dac\u0103 produsele sunt defecte<\/strong><\/li>\n<\/ol>\n\n\n\n<p><strong><br><\/strong>Pentru comenzi \u0219i produse nepersonalizate:&nbsp;<\/p>\n\n\n\n<ol class=\"wp-block-list\">\n<li><strong>Pute\u021bi returna toate articolele dac\u0103 nu sunte\u021bi mul\u021bumit<\/strong><\/li>\n<\/ol>\n\n\n\n<p><strong>RETURNARE<br><\/strong><\/p>\n\n\n\n<p>Toate return\u0103rile trebuie s\u0103 fie \u0219tampilate \u00een termen de patruzeci \u0219i cinci (45) de zile de la data livr\u0103rii. Toate articolele returnate trebuie s\u0103 fie \u00een stare nou\u0103 \u0219i nefolosit\u0103, cu toate etichetele \u0219i etichetele originale ata\u0219ate.<\/p>\n\n\n\n<p><strong>PROCESUL DE RETURNARE<br><\/strong><\/p>\n\n\n\n<p>Pentru a returna un articol, v\u0103 rug\u0103m s\u0103 trimite\u021bi un e-mail la serviciul pentru clien\u021bi la support@customywear.com pentru a ob\u021bine un num\u0103r de autorizare pentru returnarea m\u0103rfurilor (RMA). Dup\u0103 ce primi\u021bi un num\u0103r RMA, pune\u021bi articolul \u00een siguran\u021b\u0103 \u00een ambalajul original \u0219i include\u021bi dovada achizi\u021biei, apoi trimite\u021bi returnarea prin po\u0219t\u0103 la urm\u0103toarea adres\u0103:<\/p>\n\n\n\n<p>\u00cembr\u0103c\u0103minte personalizat\u0103<\/p>\n\n\n\n<p>Attn: Retururi<\/p>\n\n\n\n<p>RMA #<\/p>\n\n\n\n<p>11201 Ed Brown Rd<\/p>\n\n\n\n<p>Charlotte, NC 28273<\/p>\n\n\n\n<p>Statele Unite<\/p>\n\n\n\n<p>V\u0103 rug\u0103m s\u0103 re\u021bine\u021bi c\u0103 ve\u021bi fi responsabil pentru toate taxele de transport pentru retur. V\u0103 recomand\u0103m insistent s\u0103 utiliza\u021bi o metod\u0103 care poate fi urm\u0103rit\u0103 pentru a trimite returnarea prin po\u0219t\u0103.&nbsp;<\/p>\n\n\n\n<p><strong>RESTITURI<br><\/strong><\/p>\n\n\n\n<p>Dup\u0103 primirea returului \u0219i inspectarea st\u0103rii articolului dvs., v\u0103 vom procesa returnarea sau schimbul. V\u0103 rug\u0103m s\u0103 acorda\u021bi cel pu\u021bin treizeci (30) de zile de la primirea articolului dvs. pentru a v\u0103 procesa returnarea sau schimbarea. V\u0103 vom anun\u021ba prin e-mail c\u00e2nd returnarea dvs. a fost procesat\u0103.<\/p>\n\n\n\n<p><strong>EXCEP\u021aII<\/strong><\/p>\n\n\n\n<p>Pentru produsele defecte sau deteriorate, v\u0103 rug\u0103m s\u0103 ne contacta\u021bi la datele de contact de mai jos pentru a aranja o rambursare sau un schimb.<\/p>\n\n\n\n<p><strong>V\u0103 rug\u0103m s\u0103 re\u021bine\u021bi<br><\/strong><\/p>\n\n\n\n<p><strong>&nbsp; &nbsp; &nbsp;\u25cf&nbsp;&nbsp; &nbsp;&nbsp;<\/strong>Articolele de v\u00e2nzare sunt V\u00c2NZARE FINAL\u0102 \u0219i nu pot fi returnate.<\/p>\n\n\n\n<p><strong>\u00ceNTREB\u0102RI<br><\/strong><\/p>\n\n\n\n<p>Dac\u0103 ave\u021bi \u00eentreb\u0103ri cu privire la politica noastr\u0103 de returnare, v\u0103 rug\u0103m s\u0103 ne contacta\u021bi la:<\/p>\n\n\n\n<p><a href=\"mailto:support@customywear.com\"><strong>support@customywear.com<\/strong><\/a><\/p>","protected":false},"excerpt":{"rendered":"<p>Refund and Returns Policy RETURN POLICY Last updated August 17, 2024 Thank you for your purchase. We hope you are happy with your purchase. However, if you are not completely satisfied with your purchase for any reason and your product is eligible to return, you may return it to us for&nbsp;a full refund or an [&hellip;]<\/p>\n","protected":false},"author":2,"featured_media":0,"parent":0,"menu_order":0,"comment_status":"closed","ping_status":"closed","template":"template-fullwidth-no-heading.php","meta":{"_acf_changed":false,"footnotes":""},"class_list":["post-7277","page","type-page","status-publish","hentry"],"acf":[],"_links":{"self":[{"href":"https:\/\/www.customywear.com\/ro\/wp-json\/wp\/v2\/pages\/7277","targetHints":{"allow":["GET"]}}],"collection":[{"href":"https:\/\/www.customywear.com\/ro\/wp-json\/wp\/v2\/pages"}],"about":[{"href":"https:\/\/www.customywear.com\/ro\/wp-json\/wp\/v2\/types\/page"}],"author":[{"embeddable":true,"href":"https:\/\/www.customywear.com\/ro\/wp-json\/wp\/v2\/users\/2"}],"replies":[{"embeddable":true,"href":"https:\/\/www.customywear.com\/ro\/wp-json\/wp\/v2\/comments?post=7277"}],"version-history":[{"count":0,"href":"https:\/\/www.customywear.com\/ro\/wp-json\/wp\/v2\/pages\/7277\/revisions"}],"wp:attachment":[{"href":"https:\/\/www.customywear.com\/ro\/wp-json\/wp\/v2\/media?parent=7277"}],"curies":[{"name":"wp","href":"https:\/\/api.w.org\/{rel}","templated":true}]}}