{"id":127028,"date":"2025-02-11T14:54:05","date_gmt":"2025-02-11T14:54:05","guid":{"rendered":"https:\/\/www.customywear.com\/?post_type=product&#038;p=127028"},"modified":"2026-05-07T15:29:41","modified_gmt":"2026-05-07T15:29:41","slug":"transforma-ti-fata-intr-un-tricou-de-super-erou","status":"publish","type":"product","link":"https:\/\/www.customywear.com\/ro\/transform-your-girl-into-a-superhero-t-shirt\/","title":{"rendered":"Transforma Fata Ta intr-un super-Erou cu Nostru Personalizat T-Shirt"},"content":{"rendered":"<p>V\u0103 prezent\u0103m superbul nostru tricou personalizat cu supereroin\u0103 pentru fete, perfect pentru orice aspirant\u0103 la rolul de eroin\u0103! Fabricat din 100% bumbac, acest tricou asigur\u0103 confort, fiind \u00een acela\u0219i timp o declara\u021bie \u00eendr\u0103znea\u021b\u0103. Designul vibrant al armurii de fier, ro\u0219u \u0219i auriu, nu este doar atr\u0103g\u0103tor; transform\u0103 fotografia copilului dumneavoastr\u0103 \u00eentr-un personaj supereroin unic, f\u0103c\u00e2nd-o s\u0103 se simt\u0103 special\u0103.<\/p>\n<h2>Calitate \u00een care po\u021bi avea \u00eencredere<\/h2>\n<p>Folosind tehnologia avansat\u0103 de imprimare DTG, garant\u0103m art\u0103 digital\u0103 de \u00eenalt\u0103 calitate care surprinde fiecare detaliu al portretului copilului dumneavoastr\u0103. Fiecare tricou este realizat cu grij\u0103, asigur\u00e2nd durabilitate \u0219i pl\u0103cere de lung\u0103 durat\u0103 pentru multe aventuri viitoare.<\/p>\n<h2>Un cadou perfect pentru supereroi<\/h2>\n<p>Acest tricou personalizat cu supereroi este un cadou ideal pentru zile de na\u0219tere sau ocazii speciale. Ofer\u0103-i copilului t\u0103u darul imagina\u021biei, permi\u021b\u00e2ndu-i s\u0103-\u0219i aduc\u0103 visele de supererou la via\u021b\u0103!<\/p>","protected":false},"excerpt":{"rendered":"<p>Dezl\u0103n\u021bui\u021bi imagina\u021bia cu un tricou personalizat Transform Your Girl \u00eentr-un super-erou. Tricourile personalizate transform\u0103 orice fotografie \u00eentr-un tricou de erou distractiv, unic.<\/p>","protected":false},"featured_media":127332,"comment_status":"open","ping_status":"closed","template":"","meta":{"_acf_changed":false},"product_brand":[],"product_cat":[6193,6312,152,6412,6428,58],"product_tag":[6433,6439,6331,6221],"class_list":{"0":"post-127028","1":"product","2":"type-product","3":"status-publish","4":"has-post-thumbnail","6":"product_cat-girls-t-shirts","7":"product_cat-custom-gifts-ironman","8":"product_cat-girls","9":"product_cat-photo-to-tees","10":"product_cat-translate-products","11":"product_cat-youth-kids","12":"product_tag-ai-artwork","13":"product_tag-ai-kids-artwork","14":"product_tag-custom-picture-t-shirt-for-girls","15":"product_tag-custom-t-shirts-near-me","17":"first","18":"instock","19":"taxable","20":"shipping-taxable","21":"purchasable","22":"product-type-simple"},"acf":[],"wcpa_form_fields":null,"_links":{"self":[{"href":"https:\/\/www.customywear.com\/ro\/wp-json\/wp\/v2\/product\/127028","targetHints":{"allow":["GET"]}}],"collection":[{"href":"https:\/\/www.customywear.com\/ro\/wp-json\/wp\/v2\/product"}],"about":[{"href":"https:\/\/www.customywear.com\/ro\/wp-json\/wp\/v2\/types\/product"}],"replies":[{"embeddable":true,"href":"https:\/\/www.customywear.com\/ro\/wp-json\/wp\/v2\/comments?post=127028"}],"wp:featuredmedia":[{"embeddable":true,"href":"https:\/\/www.customywear.com\/ro\/wp-json\/wp\/v2\/media\/127332"}],"wp:attachment":[{"href":"https:\/\/www.customywear.com\/ro\/wp-json\/wp\/v2\/media?parent=127028"}],"wp:term":[{"taxonomy":"product_brand","embeddable":true,"href":"https:\/\/www.customywear.com\/ro\/wp-json\/wp\/v2\/product_brand?post=127028"},{"taxonomy":"product_cat","embeddable":true,"href":"https:\/\/www.customywear.com\/ro\/wp-json\/wp\/v2\/product_cat?post=127028"},{"taxonomy":"product_tag","embeddable":true,"href":"https:\/\/www.customywear.com\/ro\/wp-json\/wp\/v2\/product_tag?post=127028"}],"curies":[{"name":"wp","href":"https:\/\/api.w.org\/{rel}","templated":true}]}}