{"id":127109,"date":"2025-02-11T14:54:40","date_gmt":"2025-02-11T14:54:40","guid":{"rendered":"https:\/\/www.customywear.com\/?post_type=product&#038;p=127109"},"modified":"2026-05-05T20:23:27","modified_gmt":"2026-05-05T20:23:27","slug":"tricou-femei-supererou-ironman-personalizat","status":"publish","type":"product","link":"https:\/\/www.customywear.com\/ro\/custom-ironman-superhero-t-shirt-for-women\/","title":{"rendered":"Personalizat Ironman Supererou T-Shirt pentru Femei"},"content":{"rendered":"<p>V\u0103 prezent\u0103m tricoul personalizat cu supereroul Ironman pentru femei, \u00een care fotografiile tale preferate sunt transformate \u00eentr-un personaj supererou personalizat uimitor. Acest cadou unic este perfect pentru iubitorii de benzi desenate cu supereroi sau pentru orice ocazie, combin\u00e2nd distrac\u021bia \u0219i individualitatea \u00eentr-un pachet elegant.<\/p>\n<h2>Confortul \u00eent\u00e2lne\u0219te calitatea<\/h2>\n<p>Fabricat\u0103 din bumbac 100% moale, asigur\u0103 confort \u0219i bl\u00e2nde\u021be pe piele. Materialul nostru de calitate premium garanteaz\u0103 durabilitate \u0219i longevitate, f\u0103c\u00e2ndu-l o pies\u0103 vestimentar\u0103 esen\u021bial\u0103 \u00een garderoba ta.<\/p>\n<h2>Designuri personalizate vibrante<\/h2>\n<p>Experimenta\u021bi imprimarea direct-to-garment (DTG) de \u00eenalt\u0103 calitate pentru modele vibrante \u0219i durabile. Fiecare pies\u0103 personalizat\u0103 este personalizat\u0103 \u00een mod unic de arti\u0219tii no\u0219tri pricepu\u021bi, asigur\u00e2ndu-v\u0103 c\u0103 tricoul dvs. este mai mult dec\u00e2t o simpl\u0103 \u00eembr\u0103c\u0103minte - este o oper\u0103 de art\u0103 purtabil\u0103, special creat\u0103 doar pentru dvs.!<\/p>","protected":false},"excerpt":{"rendered":"<p>\u00cemputernici\u021bi femeile cu un tricou personalizat Ironman Superhero. Tricourile personalizate transform\u0103 orice fotografie \u00eentr-un tricou erou \u00eendr\u0103zne\u021b \u0219i unic.<\/p>","protected":false},"featured_media":127395,"comment_status":"open","ping_status":"closed","template":"","meta":{"_acf_changed":false},"product_brand":[],"product_cat":[6191,6312,6412,6428,75,6350],"product_tag":[6214,6433,6328,229,6215],"class_list":{"0":"post-127109","1":"product","2":"type-product","3":"status-publish","4":"has-post-thumbnail","6":"product_cat-t-shirts-women","7":"product_cat-custom-gifts-ironman","8":"product_cat-photo-to-tees","9":"product_cat-translate-products","10":"product_cat-women","11":"product_cat-womens-superhero-t-shirts","12":"product_tag-affordable-custom-t-shirts","13":"product_tag-ai-artwork","14":"product_tag-custom-image-t-shirt-for-women","15":"product_tag-custom-tee-shirts","16":"product_tag-screen-printing-near-me","18":"first","19":"instock","20":"taxable","21":"shipping-taxable","22":"purchasable","23":"product-type-simple"},"acf":[],"wcpa_form_fields":null,"_links":{"self":[{"href":"https:\/\/www.customywear.com\/ro\/wp-json\/wp\/v2\/product\/127109","targetHints":{"allow":["GET"]}}],"collection":[{"href":"https:\/\/www.customywear.com\/ro\/wp-json\/wp\/v2\/product"}],"about":[{"href":"https:\/\/www.customywear.com\/ro\/wp-json\/wp\/v2\/types\/product"}],"replies":[{"embeddable":true,"href":"https:\/\/www.customywear.com\/ro\/wp-json\/wp\/v2\/comments?post=127109"}],"wp:featuredmedia":[{"embeddable":true,"href":"https:\/\/www.customywear.com\/ro\/wp-json\/wp\/v2\/media\/127395"}],"wp:attachment":[{"href":"https:\/\/www.customywear.com\/ro\/wp-json\/wp\/v2\/media?parent=127109"}],"wp:term":[{"taxonomy":"product_brand","embeddable":true,"href":"https:\/\/www.customywear.com\/ro\/wp-json\/wp\/v2\/product_brand?post=127109"},{"taxonomy":"product_cat","embeddable":true,"href":"https:\/\/www.customywear.com\/ro\/wp-json\/wp\/v2\/product_cat?post=127109"},{"taxonomy":"product_tag","embeddable":true,"href":"https:\/\/www.customywear.com\/ro\/wp-json\/wp\/v2\/product_tag?post=127109"}],"curies":[{"name":"wp","href":"https:\/\/api.w.org\/{rel}","templated":true}]}}