{"id":127138,"date":"2025-02-11T14:54:43","date_gmt":"2025-02-11T14:54:43","guid":{"rendered":"https:\/\/www.customywear.com\/?post_type=product&#038;p=127138"},"modified":"2026-05-05T20:24:06","modified_gmt":"2026-05-05T20:24:06","slug":"tricou-personalizat-cu-supereroul-ironman-cu-fotografia-ta","status":"publish","type":"product","link":"https:\/\/www.customywear.com\/ro\/custom-ironman-superhero-t-shirt-with-your-photo\/","title":{"rendered":"Personalizat Ironman super-Erou Tricou cu Poza Ta"},"content":{"rendered":"<p>V\u0103 prezent\u0103m tricoul nostru personalizat cu supereroul Ironman, \u00een care fotografiile tale devin un personaj supererou unic! Acest tricou este cadoul perfect pentru iubitorii de benzi desenate cu supereroi sau pentru orice ocazie care necesit\u0103 o not\u0103 special\u0103. Cu accent pe confort, este confec\u021bionat din bumbac 100% moale, asigur\u00e2nd o senza\u021bie delicat\u0103 pe piele. Materialul de calitate premium \u00eel face durabil \u0219i rezistent, \u00een timp ce croiala standard se potrive\u0219te at\u00e2t b\u0103ie\u021bilor, c\u00e2t \u0219i fetelor, fiind un plus versatil pentru orice garderob\u0103.<\/p>\n<h2>Calitate \u00een care po\u021bi avea \u00eencredere<\/h2>\n<p>Tricourile noastre sunt imprimate folosind imprimare DTG de \u00eenalt\u0103 calitate, rezult\u00e2nd modele vibrante \u0219i durabile. Fiecare pies\u0103 este personalizat\u0103 de arti\u0219tii no\u0219tri pricepu\u021bi, transform\u00e2nd fotografiile tale pre\u021bioase \u00een art\u0103 digital\u0103 extraordinar\u0103. Este o modalitate de a-\u021bi exprima individualitatea \u00een timp ce \u00ee\u021bi celebrezi supereroul preferat!<\/p>\n<h2>Perfect pentru orice ocazie<\/h2>\n<p>Acest tricou personalizat cu supereroul Ironman nu este doar elegant, ci \u0219i practic pentru purtarea zilnic\u0103, fiind potrivit pentru ie\u0219iri casual, cadouri sau pur \u0219i simplu pentru a-\u021bi etala pasiunea pentru eroii de benzi desenate. Ie\u0219i \u00een eviden\u021b\u0103 cu un design unic care \u00ee\u021bi reflect\u0103 identitatea!<\/p>","protected":false},"excerpt":{"rendered":"<p>D\u0103 via\u021b\u0103 eroismului cu un tricou personalizat de supererou Ironman cu fotografia ta. Tricourile personalizate transform\u0103 orice fotografie \u00eentr-un tricou unic, inspirat de ac\u021biune.<\/p>","protected":false},"featured_media":127374,"comment_status":"open","ping_status":"closed","template":"","meta":{"_acf_changed":false},"product_brand":[6313],"product_cat":[6195,6312,186,6336,6412,6428],"product_tag":[6433,6327,6216,6168],"class_list":{"0":"post-127138","1":"product","2":"type-product","3":"status-publish","4":"has-post-thumbnail","6":"product_brand-customywear","7":"product_cat-t-shirts-men","8":"product_cat-custom-gifts-ironman","9":"product_cat-men","10":"product_cat-mens-superhero-t-shirts","11":"product_cat-photo-to-tees","12":"product_cat-translate-products","13":"product_tag-ai-artwork","14":"product_tag-custom-photo-t-shirt-for-men","15":"product_tag-mens-custom-t-shirts","16":"product_tag-unique-superhero-tees","18":"first","19":"instock","20":"taxable","21":"shipping-taxable","22":"purchasable","23":"product-type-simple"},"acf":[],"wcpa_form_fields":null,"_links":{"self":[{"href":"https:\/\/www.customywear.com\/ro\/wp-json\/wp\/v2\/product\/127138","targetHints":{"allow":["GET"]}}],"collection":[{"href":"https:\/\/www.customywear.com\/ro\/wp-json\/wp\/v2\/product"}],"about":[{"href":"https:\/\/www.customywear.com\/ro\/wp-json\/wp\/v2\/types\/product"}],"replies":[{"embeddable":true,"href":"https:\/\/www.customywear.com\/ro\/wp-json\/wp\/v2\/comments?post=127138"}],"wp:featuredmedia":[{"embeddable":true,"href":"https:\/\/www.customywear.com\/ro\/wp-json\/wp\/v2\/media\/127374"}],"wp:attachment":[{"href":"https:\/\/www.customywear.com\/ro\/wp-json\/wp\/v2\/media?parent=127138"}],"wp:term":[{"taxonomy":"product_brand","embeddable":true,"href":"https:\/\/www.customywear.com\/ro\/wp-json\/wp\/v2\/product_brand?post=127138"},{"taxonomy":"product_cat","embeddable":true,"href":"https:\/\/www.customywear.com\/ro\/wp-json\/wp\/v2\/product_cat?post=127138"},{"taxonomy":"product_tag","embeddable":true,"href":"https:\/\/www.customywear.com\/ro\/wp-json\/wp\/v2\/product_tag?post=127138"}],"curies":[{"name":"wp","href":"https:\/\/api.w.org\/{rel}","templated":true}]}}