{"id":127570,"date":"2025-02-18T10:29:51","date_gmt":"2025-02-18T10:29:51","guid":{"rendered":"https:\/\/www.customywear.com\/?post_type=product&#038;p=127570"},"modified":"2026-05-05T20:24:06","modified_gmt":"2026-05-05T20:24:06","slug":"tricou-personalizat-cu-semne-cu-led-neon-pentru-barbati","status":"publish","type":"product","link":"https:\/\/www.customywear.com\/ro\/custom-neon-led-sign-t-shirtfor-men\/","title":{"rendered":"Tricou personalizat cu semn LED neon \u2013 Fotografie personalizat\u0103 care str\u0103luce\u0219te, cadou unic pentru b\u0103rba\u021bi, ziua de na\u0219tere, Cr\u0103ciun \u0219i nunt\u0103"},"content":{"rendered":"<h2>Transform\u0103-\u021bi fotografiile \u00een art\u0103<\/h2>\n<p>Dezl\u0103n\u021buie magia personaliz\u0103rii cu tricourile noastre personalizate cu semne LED neon pentru b\u0103rba\u021bi. Fiecare tricou este conceput pentru a transforma digital fotografiile tale pre\u021bioase \u00eentr-un stil vibrant de lumin\u0103 LED, asigur\u00e2nd un aspect unic care iese \u00een eviden\u021b\u0103. Perfect pentru pasiona\u021bii de neon, acest tricou este un cadou ideal pentru ocazii precum zile de na\u0219tere, Cr\u0103ciun sau nun\u021bi.<\/p>\n<h2>Calitate \u0219i confort premium<\/h2>\n<p>Fabricate din bumbac 100% moale, tricourile noastre ofer\u0103 confort \u0219i durabilitate de neegalat. Tehnica de imprimare direct\u0103 pe \u00eembr\u0103c\u0103minte (DTG) de \u00eenalt\u0103 calitate asigur\u0103 c\u0103 designul t\u0103u r\u0103m\u00e2ne vibrant \u0219i durabil, astfel \u00eenc\u00e2t arta ta unic\u0103 va str\u0103luci ani de acum \u00eenainte.<\/p>\n<h2>Un cadou unic pentru fiecare<\/h2>\n<p>F\u0103-\u021bi cei dragi s\u0103 se simt\u0103 speciali cu un tricou personalizat care le reflect\u0103 individualitatea. Cu arti\u0219tii no\u0219tri pricepu\u021bi la lucru, fiecare design este unic, ceea ce \u00eel face un cadou atent \u0219i memorabil, perfect pentru orice s\u0103rb\u0103toare.<\/p>\n<p><strong>Avertizare:<\/strong> Acest tricou nu va str\u0103luci. Este o oper\u0103 de art\u0103 \u00een stil neon cu LED-uri.<\/p>","protected":false},"excerpt":{"rendered":"<p>Str\u0103luce\u0219te \u00een stil cu un tricou personalizat cu semne cu LED neon. Tricourile personalizate de art\u0103 foto p\u00e2n\u0103 la str\u0103lucire transform\u0103 orice fotografie \u00eentr-un cadou unic pentru b\u0103rba\u021bi, zile de na\u0219tere, Cr\u0103ciun sau nun\u021bi.<\/p>","protected":false},"featured_media":127614,"comment_status":"open","ping_status":"closed","template":"","meta":{"_acf_changed":false},"product_brand":[],"product_cat":[6314,186,6343,6348,6412,6195,6428],"product_tag":[6433,6327,6216],"class_list":{"0":"post-127570","1":"product","2":"type-product","3":"status-publish","4":"has-post-thumbnail","6":"product_cat-custom-gifts-neon-led","7":"product_cat-men","8":"product_cat-mens-anniversary-t-shirts","9":"product_cat-mens-summer-t-shirts","10":"product_cat-photo-to-tees","11":"product_cat-t-shirts-men","12":"product_cat-translate-products","13":"product_tag-ai-artwork","14":"product_tag-custom-photo-t-shirt-for-men","15":"product_tag-mens-custom-t-shirts","17":"first","18":"instock","19":"taxable","20":"shipping-taxable","21":"purchasable","22":"product-type-simple"},"acf":[],"wcpa_form_fields":null,"_links":{"self":[{"href":"https:\/\/www.customywear.com\/ro\/wp-json\/wp\/v2\/product\/127570","targetHints":{"allow":["GET"]}}],"collection":[{"href":"https:\/\/www.customywear.com\/ro\/wp-json\/wp\/v2\/product"}],"about":[{"href":"https:\/\/www.customywear.com\/ro\/wp-json\/wp\/v2\/types\/product"}],"replies":[{"embeddable":true,"href":"https:\/\/www.customywear.com\/ro\/wp-json\/wp\/v2\/comments?post=127570"}],"wp:featuredmedia":[{"embeddable":true,"href":"https:\/\/www.customywear.com\/ro\/wp-json\/wp\/v2\/media\/127614"}],"wp:attachment":[{"href":"https:\/\/www.customywear.com\/ro\/wp-json\/wp\/v2\/media?parent=127570"}],"wp:term":[{"taxonomy":"product_brand","embeddable":true,"href":"https:\/\/www.customywear.com\/ro\/wp-json\/wp\/v2\/product_brand?post=127570"},{"taxonomy":"product_cat","embeddable":true,"href":"https:\/\/www.customywear.com\/ro\/wp-json\/wp\/v2\/product_cat?post=127570"},{"taxonomy":"product_tag","embeddable":true,"href":"https:\/\/www.customywear.com\/ro\/wp-json\/wp\/v2\/product_tag?post=127570"}],"curies":[{"name":"wp","href":"https:\/\/api.w.org\/{rel}","templated":true}]}}