{"id":127599,"date":"2025-02-18T10:29:51","date_gmt":"2025-02-18T10:29:51","guid":{"rendered":"https:\/\/www.customywear.com\/?post_type=product&#038;p=127599"},"modified":"2026-05-07T15:29:41","modified_gmt":"2026-05-07T15:29:41","slug":"tricou-cu-led-neon-personalizat-pentru-fete-mici","status":"publish","type":"product","link":"https:\/\/www.customywear.com\/ro\/custom-neon-led-tshirt-toddler-girls\/","title":{"rendered":"Tricou personalizat cu semn LED neon pentru feti\u021be \u2013 Tricou personalizat cu personaje foto, cadou unic pentru copii"},"content":{"rendered":"<h2 class=\"wp-block-heading\">Transform\u0103 fotografiile copilului t\u0103u<\/h2>\r\n<p>V\u0103 prezent\u0103m tricoul personalizat cu semn LED neon pentru feti\u021be - o modalitate unic\u0103 de a celebra individualitatea copilului dumneavoastr\u0103! Transform\u0103m digital fotografiile copilului dumneavoastr\u0103 \u00een personaje vibrante \u00een stil LED, perfecte pentru a le face s\u0103 str\u0103luceasc\u0103 \u00een orice ocazie.<\/p>\r\n<h2>Perfect pentru orice ocazie<\/h2>\r\n<p>Acest tricou este un cadou elegant pentru iubitorii de lumini LED neon. Fie c\u0103 este vorba de o zi de na\u0219tere, Cr\u0103ciun sau o nunt\u0103, acest design personalizat va impresiona cu siguran\u021b\u0103. Fiecare pies\u0103 este creat\u0103 pentru a \u00eencapsula o esen\u021b\u0103 distractiv\u0103 \u0219i juc\u0103u\u0219\u0103 pe care copiii mici o ador\u0103.<\/p>\r\n<h2>Calitate \u00een care po\u021bi avea \u00eencredere<\/h2>\r\n<p>Fabricat din bumbac 100% moale, fiecare tricou personalizat cu semn LED neon nu este doar confortabil, ci \u0219i de calitate premium \u0219i durabil. Imprimarea noastr\u0103 DTG de \u00eenalt\u0103 calitate asigur\u0103 modele vibrante \u0219i durabile, \u00een timp ce arta digital\u0103 unic\u0103 a fiec\u0103rui tricou este realizat\u0103 cu dragoste de arti\u0219ti pricepu\u021bi. Descoper\u0103 bucuria cadourilor personalizate ast\u0103zi!<\/p>","protected":false},"excerpt":{"rendered":"<p>Str\u0103luce\u0219te pentru cei mici cu un tricou personalizat cu semne cu LED neon pentru fete mici. Tricourile personalizate transform\u0103 fotografiile \u00een modele distractive de personaje neon.<\/p>","protected":false},"featured_media":127731,"comment_status":"open","ping_status":"closed","template":"","meta":{"_acf_changed":false},"product_brand":[],"product_cat":[6207,6314,6412,6428],"product_tag":[6433,6439,6221],"class_list":{"0":"post-127599","1":"product","2":"type-product","3":"status-publish","4":"has-post-thumbnail","6":"product_cat-toddler-girl-t-shirts","7":"product_cat-custom-gifts-neon-led","8":"product_cat-photo-to-tees","9":"product_cat-translate-products","10":"product_tag-ai-artwork","11":"product_tag-ai-kids-artwork","12":"product_tag-custom-t-shirts-near-me","14":"first","15":"instock","16":"taxable","17":"shipping-taxable","18":"purchasable","19":"product-type-simple"},"acf":[],"wcpa_form_fields":null,"_links":{"self":[{"href":"https:\/\/www.customywear.com\/ro\/wp-json\/wp\/v2\/product\/127599","targetHints":{"allow":["GET"]}}],"collection":[{"href":"https:\/\/www.customywear.com\/ro\/wp-json\/wp\/v2\/product"}],"about":[{"href":"https:\/\/www.customywear.com\/ro\/wp-json\/wp\/v2\/types\/product"}],"replies":[{"embeddable":true,"href":"https:\/\/www.customywear.com\/ro\/wp-json\/wp\/v2\/comments?post=127599"}],"wp:featuredmedia":[{"embeddable":true,"href":"https:\/\/www.customywear.com\/ro\/wp-json\/wp\/v2\/media\/127731"}],"wp:attachment":[{"href":"https:\/\/www.customywear.com\/ro\/wp-json\/wp\/v2\/media?parent=127599"}],"wp:term":[{"taxonomy":"product_brand","embeddable":true,"href":"https:\/\/www.customywear.com\/ro\/wp-json\/wp\/v2\/product_brand?post=127599"},{"taxonomy":"product_cat","embeddable":true,"href":"https:\/\/www.customywear.com\/ro\/wp-json\/wp\/v2\/product_cat?post=127599"},{"taxonomy":"product_tag","embeddable":true,"href":"https:\/\/www.customywear.com\/ro\/wp-json\/wp\/v2\/product_tag?post=127599"}],"curies":[{"name":"wp","href":"https:\/\/api.w.org\/{rel}","templated":true}]}}