{"id":128112,"date":"2025-03-15T15:21:29","date_gmt":"2025-03-15T15:21:29","guid":{"rendered":"https:\/\/www.customywear.com\/?post_type=product&#038;p=128112"},"modified":"2026-05-07T15:29:41","modified_gmt":"2026-05-07T15:29:41","slug":"tricou-de-baseball-personalizat-pentru-baieti-mici","status":"publish","type":"product","link":"https:\/\/www.customywear.com\/ro\/personalized-baseball-tshirt-toddler-boys\/","title":{"rendered":"Tricou de baseball personalizat pentru b\u0103ie\u021bi \u2013 Tricou personalizat cu fotografie juc\u0103tor de baseball"},"content":{"rendered":"<p>Acest tricou personalizat de baseball pentru b\u0103ie\u021bi este o modalitate unic\u0103 de a s\u0103rb\u0103tori dragostea copilului t\u0103u pentru baseball. Cu fiecare achizi\u021bie, transform\u0103m digital fotografia copilului t\u0103u \u00eentr-un personaj vibrant \u0219i personalizat de juc\u0103tor de baseball, care arat\u0103 de parc\u0103 este gata s\u0103 loveasc\u0103 un home run! Fabricat din bumbac 100% moale, acest tricou asigur\u0103 confort \u0219i este delicat cu pielea copilului t\u0103u. Calitatea premium garanteaz\u0103 durabilitate, a\u0219a c\u0103 rezist\u0103 la joac\u0103 \u0219i se spal\u0103 f\u0103r\u0103 a se decolora. Tehnica noastr\u0103 de imprimare DTG de \u00eenalt\u0103 calitate d\u0103 via\u021b\u0103 designului cu culori vii, \u00een timp ce fiecare pies\u0103 este realizat\u0103 de arti\u0219ti pricepu\u021bi care \u00ee\u0219i adaug\u0103 nota creativ\u0103 pentru a face fiecare tricou unic. Fie c\u0103 este pentru o zi de na\u0219tere, Cr\u0103ciun sau orice ocazie special\u0103, acest tricou este un cadou perfect pentru micii pasiona\u021bi de baseball.<\/p>","protected":false},"excerpt":{"rendered":"<p>\u00cencepe\u021bi t\u00e2n\u0103r cu un tricou de baseball personalizat pentru b\u0103ie\u021bii mici. Tricouri personalizate pentru juc\u0103tori de baseball foto transform\u0103 orice fotografie \u00een tricouri juc\u0103u\u0219e, unice.<\/p>","protected":false},"featured_media":128274,"comment_status":"open","ping_status":"closed","template":"","meta":{"_acf_changed":false},"product_brand":[],"product_cat":[6209,6316,6412,6428],"product_tag":[6433,6439,6221],"class_list":{"0":"post-128112","1":"product","2":"type-product","3":"status-publish","4":"has-post-thumbnail","6":"product_cat-toddler-boy-t-shirts","7":"product_cat-custom-gifts-ai-baseball","8":"product_cat-photo-to-tees","9":"product_cat-translate-products","10":"product_tag-ai-artwork","11":"product_tag-ai-kids-artwork","12":"product_tag-custom-t-shirts-near-me","14":"first","15":"instock","16":"taxable","17":"shipping-taxable","18":"purchasable","19":"product-type-simple"},"acf":[],"wcpa_form_fields":null,"_links":{"self":[{"href":"https:\/\/www.customywear.com\/ro\/wp-json\/wp\/v2\/product\/128112","targetHints":{"allow":["GET"]}}],"collection":[{"href":"https:\/\/www.customywear.com\/ro\/wp-json\/wp\/v2\/product"}],"about":[{"href":"https:\/\/www.customywear.com\/ro\/wp-json\/wp\/v2\/types\/product"}],"replies":[{"embeddable":true,"href":"https:\/\/www.customywear.com\/ro\/wp-json\/wp\/v2\/comments?post=128112"}],"wp:featuredmedia":[{"embeddable":true,"href":"https:\/\/www.customywear.com\/ro\/wp-json\/wp\/v2\/media\/128274"}],"wp:attachment":[{"href":"https:\/\/www.customywear.com\/ro\/wp-json\/wp\/v2\/media?parent=128112"}],"wp:term":[{"taxonomy":"product_brand","embeddable":true,"href":"https:\/\/www.customywear.com\/ro\/wp-json\/wp\/v2\/product_brand?post=128112"},{"taxonomy":"product_cat","embeddable":true,"href":"https:\/\/www.customywear.com\/ro\/wp-json\/wp\/v2\/product_cat?post=128112"},{"taxonomy":"product_tag","embeddable":true,"href":"https:\/\/www.customywear.com\/ro\/wp-json\/wp\/v2\/product_tag?post=128112"}],"curies":[{"name":"wp","href":"https:\/\/api.w.org\/{rel}","templated":true}]}}