{"id":128710,"date":"2025-03-27T20:32:28","date_gmt":"2025-03-27T20:32:28","guid":{"rendered":"https:\/\/www.customywear.com\/?post_type=product&#038;p=128710"},"modified":"2026-05-07T15:29:41","modified_gmt":"2026-05-07T15:29:41","slug":"tricou-bebe-fata-golf-personalizat","status":"publish","type":"product","link":"https:\/\/www.customywear.com\/ro\/custom-toddler-girls-golf-tshirt\/","title":{"rendered":"Tricou de golf personalizat pentru fete mici \u2013 Design personalizat cu o juc\u0103toare de golf din fotografie"},"content":{"rendered":"<p>V\u0103 prezent\u0103m tricoul nostru unic de golf personalizat pentru feti\u021be, \u00een care fotografiile copilului dumneavoastr\u0103 sunt transformate \u00een personaje fermec\u0103toare de juc\u0103tori de golf, aduc\u00e2nd la via\u021b\u0103 un teren de joac\u0103 vibrant \u0219i artistic. Fabricat din bumbac moale 100%, acest tricou de calitate premium nu este doar durabil, ci \u0219i confortabil pentru micu\u021bul dumneavoastr\u0103 atlet. Fiecare model este realizat cu imprimare DTG de \u00eenalt\u0103 calitate, asigur\u00e2nd imagini vibrante \u0219i durabile care surprind esen\u021ba personalit\u0103\u021bii copilului dumneavoastr\u0103. Perfect pentru orice ocazie - fie c\u0103 este vorba de o zi de na\u0219tere, Cr\u0103ciun sau o nunt\u0103 - acest cadou personalizat \u0219i unic este ideal at\u00e2t pentru tinerii iubitori de sport, c\u00e2t \u0219i pentru juc\u0103torii aspiran\u021bi.<\/p>","protected":false},"excerpt":{"rendered":"<p>Lovi\u021bi verdele cu un tricou de golf personalizat pentru fete pentru copii mici. Modelele personalizate ale juc\u0103torilor de golf din fotografii transform\u0103 orice fotografie \u00een tricouri juc\u0103u\u0219e, unice.<\/p>","protected":false},"featured_media":128976,"comment_status":"open","ping_status":"closed","template":"","meta":{"_acf_changed":false},"product_brand":[],"product_cat":[6207,6319,6412,6428],"product_tag":[6433,6439,6221],"class_list":{"0":"post-128710","1":"product","2":"type-product","3":"status-publish","4":"has-post-thumbnail","6":"product_cat-toddler-girl-t-shirts","7":"product_cat-custom-gifts-ai-golf","8":"product_cat-photo-to-tees","9":"product_cat-translate-products","10":"product_tag-ai-artwork","11":"product_tag-ai-kids-artwork","12":"product_tag-custom-t-shirts-near-me","14":"first","15":"instock","16":"taxable","17":"shipping-taxable","18":"purchasable","19":"product-type-simple"},"acf":[],"wcpa_form_fields":null,"_links":{"self":[{"href":"https:\/\/www.customywear.com\/ro\/wp-json\/wp\/v2\/product\/128710","targetHints":{"allow":["GET"]}}],"collection":[{"href":"https:\/\/www.customywear.com\/ro\/wp-json\/wp\/v2\/product"}],"about":[{"href":"https:\/\/www.customywear.com\/ro\/wp-json\/wp\/v2\/types\/product"}],"replies":[{"embeddable":true,"href":"https:\/\/www.customywear.com\/ro\/wp-json\/wp\/v2\/comments?post=128710"}],"wp:featuredmedia":[{"embeddable":true,"href":"https:\/\/www.customywear.com\/ro\/wp-json\/wp\/v2\/media\/128976"}],"wp:attachment":[{"href":"https:\/\/www.customywear.com\/ro\/wp-json\/wp\/v2\/media?parent=128710"}],"wp:term":[{"taxonomy":"product_brand","embeddable":true,"href":"https:\/\/www.customywear.com\/ro\/wp-json\/wp\/v2\/product_brand?post=128710"},{"taxonomy":"product_cat","embeddable":true,"href":"https:\/\/www.customywear.com\/ro\/wp-json\/wp\/v2\/product_cat?post=128710"},{"taxonomy":"product_tag","embeddable":true,"href":"https:\/\/www.customywear.com\/ro\/wp-json\/wp\/v2\/product_tag?post=128710"}],"curies":[{"name":"wp","href":"https:\/\/api.w.org\/{rel}","templated":true}]}}