{"id":128755,"date":"2025-03-27T20:32:28","date_gmt":"2025-03-27T20:32:28","guid":{"rendered":"https:\/\/www.customywear.com\/?post_type=product&#038;p=128755"},"modified":"2026-05-07T15:29:41","modified_gmt":"2026-05-07T15:29:41","slug":"tricou-de-golf-personalizat-pentru-copii-mici","status":"publish","type":"product","link":"https:\/\/www.customywear.com\/ro\/custom-toddler-boys-golf-tshirt\/","title":{"rendered":"Tricou de golf personalizat pentru b\u0103ie\u021bi mici \u2013 Design personalizat de juc\u0103tor de golf din fotografie"},"content":{"rendered":"<p>S\u0103rb\u0103tore\u0219te-\u021bi micul juc\u0103tor de golf cu tricoul nostru unic de golf personalizat pentru b\u0103ie\u021bi! Lu\u0103m fotografiile copilului t\u0103u \u0219i le transform\u0103m digital \u00een personaje adorabile cu personaje de juc\u0103tori de golf, aduc\u00e2ndu-le la via\u021b\u0103 pe un fundal vibrant \u0219i artistic de teren de joac\u0103. Fabricat din bumbac moale 100%, acest tricou de calitate premium nu este doar confortabil, ci \u0219i durabil pentru jocul activ. Imprimarea noastr\u0103 DTG de \u00eenalt\u0103 calitate asigur\u0103 c\u0103 modelele vibrante rezist\u0103 la nenum\u0103rate sp\u0103l\u0103ri. Acest tricou personalizat este un cadou de neuitat pentru pasiona\u021bii de sport \u0219i este perfect pentru orice ocazie - zile de na\u0219tere, Cr\u0103ciun sau nun\u021bi! Ofer\u0103-i copilului t\u0103u darul golfului \u00eentr-un mod elegant \u0219i distractiv!<\/p>","protected":false},"excerpt":{"rendered":"<p>\u00cencepe\u021bi devreme cu un tricou de golf personalizat pentru b\u0103ie\u021bi. Modelele personalizate ale juc\u0103torilor de golf din fotografii transform\u0103 fotografia oric\u0103rui juc\u0103tor de golf \u00eentr-un tricou juc\u0103u\u0219, unic.<\/p>","protected":false},"featured_media":128989,"comment_status":"open","ping_status":"closed","template":"","meta":{"_acf_changed":false},"product_brand":[],"product_cat":[6209,6319,6412,6428],"product_tag":[6433,6439,6221],"class_list":{"0":"post-128755","1":"product","2":"type-product","3":"status-publish","4":"has-post-thumbnail","6":"product_cat-toddler-boy-t-shirts","7":"product_cat-custom-gifts-ai-golf","8":"product_cat-photo-to-tees","9":"product_cat-translate-products","10":"product_tag-ai-artwork","11":"product_tag-ai-kids-artwork","12":"product_tag-custom-t-shirts-near-me","14":"first","15":"instock","16":"taxable","17":"shipping-taxable","18":"purchasable","19":"product-type-simple"},"acf":[],"wcpa_form_fields":null,"_links":{"self":[{"href":"https:\/\/www.customywear.com\/ro\/wp-json\/wp\/v2\/product\/128755","targetHints":{"allow":["GET"]}}],"collection":[{"href":"https:\/\/www.customywear.com\/ro\/wp-json\/wp\/v2\/product"}],"about":[{"href":"https:\/\/www.customywear.com\/ro\/wp-json\/wp\/v2\/types\/product"}],"replies":[{"embeddable":true,"href":"https:\/\/www.customywear.com\/ro\/wp-json\/wp\/v2\/comments?post=128755"}],"wp:featuredmedia":[{"embeddable":true,"href":"https:\/\/www.customywear.com\/ro\/wp-json\/wp\/v2\/media\/128989"}],"wp:attachment":[{"href":"https:\/\/www.customywear.com\/ro\/wp-json\/wp\/v2\/media?parent=128755"}],"wp:term":[{"taxonomy":"product_brand","embeddable":true,"href":"https:\/\/www.customywear.com\/ro\/wp-json\/wp\/v2\/product_brand?post=128755"},{"taxonomy":"product_cat","embeddable":true,"href":"https:\/\/www.customywear.com\/ro\/wp-json\/wp\/v2\/product_cat?post=128755"},{"taxonomy":"product_tag","embeddable":true,"href":"https:\/\/www.customywear.com\/ro\/wp-json\/wp\/v2\/product_tag?post=128755"}],"curies":[{"name":"wp","href":"https:\/\/api.w.org\/{rel}","templated":true}]}}