{"id":129028,"date":"2025-03-29T13:55:40","date_gmt":"2025-03-29T13:55:40","guid":{"rendered":"https:\/\/www.customywear.com\/?post_type=product&#038;p=129028"},"modified":"2026-05-07T15:29:41","modified_gmt":"2026-05-07T15:29:41","slug":"tricou-copii-tema-frantuzeasca-personalizat","status":"publish","type":"product","link":"https:\/\/www.customywear.com\/ro\/custom-french-themed-tshirt-kids\/","title":{"rendered":"Tricou personalizat cu tematic\u0103 francez\u0103 pentru copii \u2013 Tricou personalizat cu personaj foto"},"content":{"rendered":"<p>Transform\u0103 fotografia preferat\u0103 a copilului t\u0103u \u00eentr-un tricou personalizat superb, cu o tematic\u0103 francez\u0103 vibrant\u0103! Acest design unic \u00eel prezint\u0103 pe copilul t\u0103u ca pe un francez la mod\u0103, \u00eempodobit \u00een culorile drapelului francez, pe un fundal \u00eenc\u00e2nt\u0103tor \u0219i colorat, inspirat de stilul francez. Fabricat din bumbac moale 100%, acest tricou de calitate premium nu numai c\u0103 este pl\u0103cut la atingere, dar se m\u00e2ndre\u0219te \u0219i cu imprimare DTG de \u00eenalt\u0103 calitate pentru modele vibrante \u0219i durabile. Perfect ca un cadou atent pentru pasiona\u021bii de cultur\u0103 francez\u0103, c\u0103l\u0103torii \u00een devenire sau pentru ocazii speciale precum zile de na\u0219tere, Cr\u0103ciunul \u0219i nun\u021bile. Fiecare pies\u0103 este realizat\u0103 \u00een mod unic de arti\u0219ti pricepu\u021bi, asigur\u00e2ndu-se c\u0103 designul t\u0103u este cu adev\u0103rat unic!<\/p>","protected":false},"excerpt":{"rendered":"<p>Onoreaz\u0103 tradi\u021bia cu un tricou personalizat cu tematic\u0103 francez\u0103 pentru copii. Tricourile personalizate cu personaje foto transform\u0103 orice fotografie \u00eentr-un tricou distractiv \u0219i unic.<\/p>","protected":false},"featured_media":129238,"comment_status":"open","ping_status":"closed","template":"","meta":{"_acf_changed":false},"product_brand":[],"product_cat":[6193,6320,152,6412,6428,58],"product_tag":[6433,6439,6331,6221],"class_list":{"0":"post-129028","1":"product","2":"type-product","3":"status-publish","4":"has-post-thumbnail","6":"product_cat-girls-t-shirts","7":"product_cat-custom-gifts-french-culture","8":"product_cat-girls","9":"product_cat-photo-to-tees","10":"product_cat-translate-products","11":"product_cat-youth-kids","12":"product_tag-ai-artwork","13":"product_tag-ai-kids-artwork","14":"product_tag-custom-picture-t-shirt-for-girls","15":"product_tag-custom-t-shirts-near-me","17":"first","18":"instock","19":"taxable","20":"shipping-taxable","21":"purchasable","22":"product-type-simple"},"acf":[],"wcpa_form_fields":null,"_links":{"self":[{"href":"https:\/\/www.customywear.com\/ro\/wp-json\/wp\/v2\/product\/129028","targetHints":{"allow":["GET"]}}],"collection":[{"href":"https:\/\/www.customywear.com\/ro\/wp-json\/wp\/v2\/product"}],"about":[{"href":"https:\/\/www.customywear.com\/ro\/wp-json\/wp\/v2\/types\/product"}],"replies":[{"embeddable":true,"href":"https:\/\/www.customywear.com\/ro\/wp-json\/wp\/v2\/comments?post=129028"}],"wp:featuredmedia":[{"embeddable":true,"href":"https:\/\/www.customywear.com\/ro\/wp-json\/wp\/v2\/media\/129238"}],"wp:attachment":[{"href":"https:\/\/www.customywear.com\/ro\/wp-json\/wp\/v2\/media?parent=129028"}],"wp:term":[{"taxonomy":"product_brand","embeddable":true,"href":"https:\/\/www.customywear.com\/ro\/wp-json\/wp\/v2\/product_brand?post=129028"},{"taxonomy":"product_cat","embeddable":true,"href":"https:\/\/www.customywear.com\/ro\/wp-json\/wp\/v2\/product_cat?post=129028"},{"taxonomy":"product_tag","embeddable":true,"href":"https:\/\/www.customywear.com\/ro\/wp-json\/wp\/v2\/product_tag?post=129028"}],"curies":[{"name":"wp","href":"https:\/\/api.w.org\/{rel}","templated":true}]}}