{"id":129062,"date":"2025-03-29T13:55:41","date_gmt":"2025-03-29T13:55:41","guid":{"rendered":"https:\/\/www.customywear.com\/?post_type=product&#038;p=129062"},"modified":"2026-05-07T15:29:32","modified_gmt":"2026-05-07T15:29:32","slug":"tricou-personalizat-cu-tematica-franceza-pentru-copii-mici","status":"publish","type":"product","link":"https:\/\/www.customywear.com\/ro\/custom-french-themed-tshirt-toddlers\/","title":{"rendered":"Tricou personalizat cu tematic\u0103 francez\u0103 pentru copii mici \u2013 Tricou personalizat cu personaj foto"},"content":{"rendered":"<p>Transform\u0103-\u021bi copilul mic \u00eentr-un mic cet\u0103\u021bean francez fermec\u0103tor cu tricoul nostru personalizat! Acest articol unic prezint\u0103 o imagine digital\u0103 a copilului t\u0103u \u00eembr\u0103cat \u00een culorile vibrante ale drapelului francez, pe un fundal artistic \u0219i colorat, inspirat de Fran\u021ba. Fabricat din bumbac moale 100%, acest tricou de calitate premium asigur\u0103 confort, \u00een timp ce imprimarea noastr\u0103 DTG de \u00eenalt\u0103 calitate garanteaz\u0103 durabilitatea designului vibrant. Perfect ca un cadou atent pentru iubitorii de cultur\u0103 francez\u0103, aspiran\u021bii la c\u0103l\u0103torie sau pentru s\u0103rb\u0103torirea ocaziilor speciale precum zile de na\u0219tere, Cr\u0103ciunul sau nun\u021bile, acest tricou personalizat este o modalitate \u00eenc\u00e2nt\u0103toare de a etala individualitatea copilului t\u0103u \u0219i dragostea sa pentru Fran\u021ba.<\/p>","protected":false},"excerpt":{"rendered":"<p>\u00cembr\u0103ca\u021bi copiii cu stil cu un tricou personalizat cu tematic\u0103 francez\u0103 pentru copii mici. Tricourile personalizate cu personaje foto transform\u0103 orice fotografie \u00eentr-un tricou juc\u0103u\u0219, unic.<\/p>","protected":false},"featured_media":129259,"comment_status":"open","ping_status":"closed","template":"","meta":{"_acf_changed":false},"product_brand":[],"product_cat":[6209,6320,6412,6428],"product_tag":[6433,6439,6221],"class_list":{"0":"post-129062","1":"product","2":"type-product","3":"status-publish","4":"has-post-thumbnail","6":"product_cat-toddler-boy-t-shirts","7":"product_cat-custom-gifts-french-culture","8":"product_cat-photo-to-tees","9":"product_cat-translate-products","10":"product_tag-ai-artwork","11":"product_tag-ai-kids-artwork","12":"product_tag-custom-t-shirts-near-me","14":"first","15":"instock","16":"taxable","17":"shipping-taxable","18":"purchasable","19":"product-type-simple"},"acf":[],"wcpa_form_fields":null,"_links":{"self":[{"href":"https:\/\/www.customywear.com\/ro\/wp-json\/wp\/v2\/product\/129062","targetHints":{"allow":["GET"]}}],"collection":[{"href":"https:\/\/www.customywear.com\/ro\/wp-json\/wp\/v2\/product"}],"about":[{"href":"https:\/\/www.customywear.com\/ro\/wp-json\/wp\/v2\/types\/product"}],"replies":[{"embeddable":true,"href":"https:\/\/www.customywear.com\/ro\/wp-json\/wp\/v2\/comments?post=129062"}],"wp:featuredmedia":[{"embeddable":true,"href":"https:\/\/www.customywear.com\/ro\/wp-json\/wp\/v2\/media\/129259"}],"wp:attachment":[{"href":"https:\/\/www.customywear.com\/ro\/wp-json\/wp\/v2\/media?parent=129062"}],"wp:term":[{"taxonomy":"product_brand","embeddable":true,"href":"https:\/\/www.customywear.com\/ro\/wp-json\/wp\/v2\/product_brand?post=129062"},{"taxonomy":"product_cat","embeddable":true,"href":"https:\/\/www.customywear.com\/ro\/wp-json\/wp\/v2\/product_cat?post=129062"},{"taxonomy":"product_tag","embeddable":true,"href":"https:\/\/www.customywear.com\/ro\/wp-json\/wp\/v2\/product_tag?post=129062"}],"curies":[{"name":"wp","href":"https:\/\/api.w.org\/{rel}","templated":true}]}}