{"id":129109,"date":"2025-03-29T13:55:42","date_gmt":"2025-03-29T13:55:42","guid":{"rendered":"https:\/\/www.customywear.com\/?post_type=product&#038;p=129109"},"modified":"2026-05-05T20:23:26","modified_gmt":"2026-05-05T20:23:26","slug":"tricou-personalizat-pentru-femei-cu-tematica-franceza","status":"publish","type":"product","link":"https:\/\/www.customywear.com\/ro\/custom-french-themed-tshirt-women\/","title":{"rendered":"Personalizat francez\u0103 Tematice-Tricou pentru Femei \u2013 Foto Personalizate Caracter Tee"},"content":{"rendered":"<p>\u00cembr\u0103\u021bi\u0219eaz\u0103 farmecul Fran\u021bei cu tricoul nostru personalizat cu tematic\u0103 francez\u0103 pentru femei! Transform\u0103-\u021bi fotografia preferat\u0103 \u00eentr-un personaj vibrant \u0219i personalizat, \u00eembr\u0103cat \u00een culorile drapelului francez, totul pe fundalul unui loc de joac\u0103 francez fantezist. Fabricat din bumbac moale 100%, acest tricou de calitate premium prezint\u0103 imprimare DTG de \u00eenalt\u0103 calitate pentru modele vibrante \u0219i durabile, care reflect\u0103 stilul t\u0103u unic. Perfect ca un cadou atent pentru zile de na\u0219tere, Cr\u0103ciun, nun\u021bi sau pur \u0219i simplu pentru cei care pre\u021buiesc cultura francez\u0103 \u0219i viseaz\u0103 s\u0103 c\u0103l\u0103toreasc\u0103 \u00een Fran\u021ba.<\/p>","protected":false},"excerpt":{"rendered":"<p>Ridica\u021bi moda cu un tricou personalizat cu tematic\u0103 francez\u0103 pentru femei. Tricourile personalizate cu personaje foto transform\u0103 orice fotografie \u00eentr-un tricou elegant, unic.<\/p>","protected":false},"featured_media":129196,"comment_status":"open","ping_status":"closed","template":"","meta":{"_acf_changed":false},"product_brand":[],"product_cat":[6191,6320,6412,6428,75,6358,6355],"product_tag":[6214,6433,6328,229,6215],"class_list":{"0":"post-129109","1":"product","2":"type-product","3":"status-publish","4":"has-post-thumbnail","6":"product_cat-t-shirts-women","7":"product_cat-custom-gifts-french-culture","8":"product_cat-photo-to-tees","9":"product_cat-translate-products","10":"product_cat-women","11":"product_cat-womens-anniversary-t-shirts","12":"product_cat-womens-culture-country-t-shirts","13":"product_tag-affordable-custom-t-shirts","14":"product_tag-ai-artwork","15":"product_tag-custom-image-t-shirt-for-women","16":"product_tag-custom-tee-shirts","17":"product_tag-screen-printing-near-me","19":"first","20":"instock","21":"taxable","22":"shipping-taxable","23":"purchasable","24":"product-type-simple"},"acf":[],"wcpa_form_fields":null,"_links":{"self":[{"href":"https:\/\/www.customywear.com\/ro\/wp-json\/wp\/v2\/product\/129109","targetHints":{"allow":["GET"]}}],"collection":[{"href":"https:\/\/www.customywear.com\/ro\/wp-json\/wp\/v2\/product"}],"about":[{"href":"https:\/\/www.customywear.com\/ro\/wp-json\/wp\/v2\/types\/product"}],"replies":[{"embeddable":true,"href":"https:\/\/www.customywear.com\/ro\/wp-json\/wp\/v2\/comments?post=129109"}],"wp:featuredmedia":[{"embeddable":true,"href":"https:\/\/www.customywear.com\/ro\/wp-json\/wp\/v2\/media\/129196"}],"wp:attachment":[{"href":"https:\/\/www.customywear.com\/ro\/wp-json\/wp\/v2\/media?parent=129109"}],"wp:term":[{"taxonomy":"product_brand","embeddable":true,"href":"https:\/\/www.customywear.com\/ro\/wp-json\/wp\/v2\/product_brand?post=129109"},{"taxonomy":"product_cat","embeddable":true,"href":"https:\/\/www.customywear.com\/ro\/wp-json\/wp\/v2\/product_cat?post=129109"},{"taxonomy":"product_tag","embeddable":true,"href":"https:\/\/www.customywear.com\/ro\/wp-json\/wp\/v2\/product_tag?post=129109"}],"curies":[{"name":"wp","href":"https:\/\/api.w.org\/{rel}","templated":true}]}}