{"id":129666,"date":"2025-04-11T12:47:14","date_gmt":"2025-04-11T12:47:14","guid":{"rendered":"https:\/\/www.customywear.com\/?post_type=product&#038;p=129666"},"modified":"2026-05-07T15:29:31","modified_gmt":"2026-05-07T15:29:31","slug":"tricou-personalizat-portret-de-soldat-copii-mici","status":"publish","type":"product","link":"https:\/\/www.customywear.com\/ro\/custom-soldier-portrait-tshirt-toddlers\/","title":{"rendered":"Tricou personalizat cu portret de soldat pentru copii mici \u2013 Tricou cadou personalizat cu fotografie militar\u0103, design cu tematic\u0103 militar\u0103 pentru b\u0103ie\u021bi"},"content":{"rendered":"<p>Aprinde imagina\u021bia b\u0103ie\u021belului t\u0103u cu tricoul nostru personalizat cu portret de soldat, \u00een care fotografia copilului t\u0103u este transformat\u0103 \u00eentr-un erou militar unic, \u00een echipament complet de lupt\u0103. Acest design personalizat \u00eel prezint\u0103 pe micu\u021bul t\u0103u \u00eentr-o uniform\u0103 militar\u0103 pe fundalul dinamic al unui c\u00e2mp de lupt\u0103, fiind cadoul perfect pentru zile de na\u0219tere, absolviri sau distrac\u021bie \u00een timpul jocului. Fabricate din bumbac 100% ultra-moale \u0219i imprimate cu tehnologie DTG de \u00eenalt\u0103 calitate, aceste tricouri combin\u0103 confortul, durabilitatea \u0219i detaliile vizuale uimitoare. S\u0103rb\u0103tore\u0219te spiritul aventuros al copilului t\u0103u cu un tricou personalizat, la fel de \u00eendr\u0103zne\u021b \u0219i special ca el.<\/p>","protected":false},"excerpt":{"rendered":"<p>Proteja\u021bi cu m\u00e2ndrie un tricou cu portret personalizat pentru copii mici. Tricourile personalizate cu cadouri foto ale armatei transform\u0103 orice fotografie \u00eentr-un tricou juc\u0103u\u0219, unic.<\/p>","protected":false},"featured_media":129835,"comment_status":"open","ping_status":"closed","template":"","meta":{"_acf_changed":false},"product_brand":[],"product_cat":[6209,6324,6412,6428],"product_tag":[6433,6439,6221],"class_list":{"0":"post-129666","1":"product","2":"type-product","3":"status-publish","4":"has-post-thumbnail","6":"product_cat-toddler-boy-t-shirts","7":"product_cat-custom-gifts-ai-army","8":"product_cat-photo-to-tees","9":"product_cat-translate-products","10":"product_tag-ai-artwork","11":"product_tag-ai-kids-artwork","12":"product_tag-custom-t-shirts-near-me","14":"first","15":"instock","16":"taxable","17":"shipping-taxable","18":"purchasable","19":"product-type-simple"},"acf":[],"wcpa_form_fields":null,"_links":{"self":[{"href":"https:\/\/www.customywear.com\/ro\/wp-json\/wp\/v2\/product\/129666","targetHints":{"allow":["GET"]}}],"collection":[{"href":"https:\/\/www.customywear.com\/ro\/wp-json\/wp\/v2\/product"}],"about":[{"href":"https:\/\/www.customywear.com\/ro\/wp-json\/wp\/v2\/types\/product"}],"replies":[{"embeddable":true,"href":"https:\/\/www.customywear.com\/ro\/wp-json\/wp\/v2\/comments?post=129666"}],"wp:featuredmedia":[{"embeddable":true,"href":"https:\/\/www.customywear.com\/ro\/wp-json\/wp\/v2\/media\/129835"}],"wp:attachment":[{"href":"https:\/\/www.customywear.com\/ro\/wp-json\/wp\/v2\/media?parent=129666"}],"wp:term":[{"taxonomy":"product_brand","embeddable":true,"href":"https:\/\/www.customywear.com\/ro\/wp-json\/wp\/v2\/product_brand?post=129666"},{"taxonomy":"product_cat","embeddable":true,"href":"https:\/\/www.customywear.com\/ro\/wp-json\/wp\/v2\/product_cat?post=129666"},{"taxonomy":"product_tag","embeddable":true,"href":"https:\/\/www.customywear.com\/ro\/wp-json\/wp\/v2\/product_tag?post=129666"}],"curies":[{"name":"wp","href":"https:\/\/api.w.org\/{rel}","templated":true}]}}