{"id":129677,"date":"2025-04-11T12:47:15","date_gmt":"2025-04-11T12:47:15","guid":{"rendered":"https:\/\/www.customywear.com\/?post_type=product&#038;p=129677"},"modified":"2026-05-05T20:23:26","modified_gmt":"2026-05-05T20:23:26","slug":"tricou-femei-personaj-armata-personalizat","status":"publish","type":"product","link":"https:\/\/www.customywear.com\/ro\/personalized-army-character-tshirt-women\/","title":{"rendered":"Personalizate Armata Caracter T-Shirt pentru Femei \u2013 Personalizat Militare Cadou cu Fotografie Ilustrare, Unic Scena de Lupta Design Tee"},"content":{"rendered":"<p>Arat\u0103-\u021bi m\u00e2ndria militar\u0103 cu stil cu tricoul nostru personalizat pentru femei cu personaj militar, cadoul perfect pentru femei soldat, veterane \u0219i pasionate de armat\u0103. \u00cencarc\u0103 fotografia ta preferat\u0103, iar noi o vom transforma \u00eentr-un personaj dinamic al armatei \u00een echipament complet, pe fundalul unui c\u00e2mp de lupt\u0103 impresionant. Fabricat din bumbac 100% ultra-moale \u0219i imprimat folosind tehnologia DTG premium, acest tricou ofer\u0103 confort, durabilitate \u0219i detalii vii. Fie c\u0103 este vorba de o zi de na\u0219tere, o absolvire sau pur \u0219i simplu pentru a-\u021bi onora dragostea pentru armat\u0103, acest tricou personalizat este o modalitate puternic\u0103 \u0219i personal\u0103 de a o exprima.<\/p>","protected":false},"excerpt":{"rendered":"<p>S\u0103rb\u0103tore\u0219te femeile \u00een serviciu cu un tricou personalizat cu caractere armatei pentru femei. Tricourile cu cadouri militare personalizate transform\u0103 orice fotografie \u00eentr-un tricou \u00eendr\u0103zne\u021b \u0219i unic.<\/p>","protected":false},"featured_media":129760,"comment_status":"open","ping_status":"closed","template":"","meta":{"_acf_changed":false},"product_brand":[],"product_cat":[6191,6324,6412,6428,75,6354],"product_tag":[6214,6433,6328,229,6215],"class_list":{"0":"post-129677","1":"product","2":"type-product","3":"status-publish","4":"has-post-thumbnail","6":"product_cat-t-shirts-women","7":"product_cat-custom-gifts-ai-army","8":"product_cat-photo-to-tees","9":"product_cat-translate-products","10":"product_cat-women","11":"product_cat-womens-profession-t-shirts","12":"product_tag-affordable-custom-t-shirts","13":"product_tag-ai-artwork","14":"product_tag-custom-image-t-shirt-for-women","15":"product_tag-custom-tee-shirts","16":"product_tag-screen-printing-near-me","18":"first","19":"instock","20":"taxable","21":"shipping-taxable","22":"purchasable","23":"product-type-simple"},"acf":[],"wcpa_form_fields":null,"_links":{"self":[{"href":"https:\/\/www.customywear.com\/ro\/wp-json\/wp\/v2\/product\/129677","targetHints":{"allow":["GET"]}}],"collection":[{"href":"https:\/\/www.customywear.com\/ro\/wp-json\/wp\/v2\/product"}],"about":[{"href":"https:\/\/www.customywear.com\/ro\/wp-json\/wp\/v2\/types\/product"}],"replies":[{"embeddable":true,"href":"https:\/\/www.customywear.com\/ro\/wp-json\/wp\/v2\/comments?post=129677"}],"wp:featuredmedia":[{"embeddable":true,"href":"https:\/\/www.customywear.com\/ro\/wp-json\/wp\/v2\/media\/129760"}],"wp:attachment":[{"href":"https:\/\/www.customywear.com\/ro\/wp-json\/wp\/v2\/media?parent=129677"}],"wp:term":[{"taxonomy":"product_brand","embeddable":true,"href":"https:\/\/www.customywear.com\/ro\/wp-json\/wp\/v2\/product_brand?post=129677"},{"taxonomy":"product_cat","embeddable":true,"href":"https:\/\/www.customywear.com\/ro\/wp-json\/wp\/v2\/product_cat?post=129677"},{"taxonomy":"product_tag","embeddable":true,"href":"https:\/\/www.customywear.com\/ro\/wp-json\/wp\/v2\/product_tag?post=129677"}],"curies":[{"name":"wp","href":"https:\/\/api.w.org\/{rel}","templated":true}]}}