{"id":133495,"date":"2025-05-16T12:39:35","date_gmt":"2025-05-16T12:39:35","guid":{"rendered":"https:\/\/www.customywear.com\/?post_type=product&#038;p=133495"},"modified":"2026-05-07T15:29:31","modified_gmt":"2026-05-07T15:29:31","slug":"tricou-personalizat-pentru-baieti-mici-cu-tematica-de-cultura-danemarca","status":"publish","type":"product","link":"https:\/\/www.customywear.com\/ro\/toddler-boys-denmark-culture-custom-tshirt\/","title":{"rendered":"Tricou cu imagine personalizat\u0103 pentru b\u0103ie\u021bi, cu tematic\u0103 de cultur\u0103 danez\u0103 \u2013 portret foto personalizat \u00een \u021binut\u0103 cu steagul danez | Cadou de suvenir pentru copii, inspirat din patrimoniul cultural"},"content":{"rendered":"<p>Transform\u0103 fotografia b\u0103ie\u021belului t\u0103u \u00eentr-un personaj fermec\u0103tor cu steagul danez cu tricoul nostru personalizat cu imaginea culturii daneze. Fabricat din bumbac 100% moale \u0219i imprimat folosind tehnologia DTG premium, acest tricou personalizat ofer\u0103 modele vibrante, rezistente la sp\u0103lare, care celebreaz\u0103 bogata mo\u0219tenire a Danemarcei. Perfect pentru zile de na\u0219tere, c\u0103l\u0103torii \u00een familie sau ca un suvenir emo\u021bionant, fiecare tricou este o oper\u0103 de art\u0103 unic\u0103, conceput\u0103 de arti\u0219ti pricepu\u021bi. Asigur\u0103-te c\u0103 micu\u021bul t\u0103u iese \u00een eviden\u021b\u0103 \u0219i pre\u021buie\u0219te acest suvenir cultural unic.<\/p>","protected":false},"excerpt":{"rendered":"<p>Ar\u0103ta\u021bi m\u00e2ndria danez\u0103 cu tricoul personalizat al unui copil b\u0103ie\u021bel din Danemarca. Portretele foto personalizate \u00een \u021binut\u0103 de steag danez transform\u0103 orice fotografie \u00eentr-un tricou Heritage Keepsake.<\/p>","protected":false},"featured_media":133625,"comment_status":"open","ping_status":"closed","template":"","meta":{"_acf_changed":false},"product_brand":[],"product_cat":[6209,6379,6412,6428],"product_tag":[6433,6439,6221],"class_list":{"0":"post-133495","1":"product","2":"type-product","3":"status-publish","4":"has-post-thumbnail","6":"product_cat-toddler-boy-t-shirts","7":"product_cat-custom-gifts-denmark-culture","8":"product_cat-photo-to-tees","9":"product_cat-translate-products","10":"product_tag-ai-artwork","11":"product_tag-ai-kids-artwork","12":"product_tag-custom-t-shirts-near-me","14":"first","15":"instock","16":"taxable","17":"shipping-taxable","18":"purchasable","19":"product-type-simple"},"acf":[],"wcpa_form_fields":null,"_links":{"self":[{"href":"https:\/\/www.customywear.com\/ro\/wp-json\/wp\/v2\/product\/133495","targetHints":{"allow":["GET"]}}],"collection":[{"href":"https:\/\/www.customywear.com\/ro\/wp-json\/wp\/v2\/product"}],"about":[{"href":"https:\/\/www.customywear.com\/ro\/wp-json\/wp\/v2\/types\/product"}],"replies":[{"embeddable":true,"href":"https:\/\/www.customywear.com\/ro\/wp-json\/wp\/v2\/comments?post=133495"}],"wp:featuredmedia":[{"embeddable":true,"href":"https:\/\/www.customywear.com\/ro\/wp-json\/wp\/v2\/media\/133625"}],"wp:attachment":[{"href":"https:\/\/www.customywear.com\/ro\/wp-json\/wp\/v2\/media?parent=133495"}],"wp:term":[{"taxonomy":"product_brand","embeddable":true,"href":"https:\/\/www.customywear.com\/ro\/wp-json\/wp\/v2\/product_brand?post=133495"},{"taxonomy":"product_cat","embeddable":true,"href":"https:\/\/www.customywear.com\/ro\/wp-json\/wp\/v2\/product_cat?post=133495"},{"taxonomy":"product_tag","embeddable":true,"href":"https:\/\/www.customywear.com\/ro\/wp-json\/wp\/v2\/product_tag?post=133495"}],"curies":[{"name":"wp","href":"https:\/\/api.w.org\/{rel}","templated":true}]}}