{"id":133515,"date":"2025-05-16T12:39:35","date_gmt":"2025-05-16T12:39:35","guid":{"rendered":"https:\/\/www.customywear.com\/?post_type=product&#038;p=133515"},"modified":"2026-05-05T20:24:06","modified_gmt":"2026-05-05T20:24:06","slug":"tricou-barbat-steag-danez-personalizat","status":"publish","type":"product","link":"https:\/\/www.customywear.com\/ro\/custom-mens-danish-flag-tshirt\/","title":{"rendered":"Tricou personalizat pentru b\u0103rba\u021bi cu steagul danez pentru iubitorii de Danemarca \u2013 Design foto personalizat care celebreaz\u0103 mo\u0219tenirea \u0219i cultura danez\u0103, cadoul perfect"},"content":{"rendered":"Ar\u0103ta\u021bi-v\u0103 m\u00e2ndria cu acest tricou personalizat pentru b\u0103rba\u021bi cu steagul danez, personalizat cu fotografia dumneavoastr\u0103 preferat\u0103 pe un fundal vibrant ro\u0219u \u0219i alb al steagului emblematic al Danemarcei. Fabricat din bumbac moale 100% \u0219i imprimat prin tehnologia premium Direct-To-Garment (DTG), ofer\u0103 confort imbatabil \u0219i durabilitate, de culoare rezistent\u0103. Ideal at\u00e2t pentru pasiona\u021bii de Danemarca, c\u00e2t \u0219i pentru c\u0103l\u0103tori, este un cadou emo\u021bionant de ziua de na\u0219tere, nunt\u0103 sau aniversare - \u0219i poate fi folosit \u0219i ca subiect de conversa\u021bie la orice s\u0103rb\u0103toare cultural\u0103.\r\n\r\n<!-- \/wp:post-content -->","protected":false},"excerpt":{"rendered":"<p>Arat\u0103 spiritului danez cu un tricou danez personalizat pentru b\u0103rba\u021bi. Modelele foto personalizate celebreaz\u0103 mo\u0219tenirea \u0219i cultura danez\u0103 \u00eentr-un tricou unic.<\/p>","protected":false},"featured_media":133520,"comment_status":"open","ping_status":"closed","template":"","meta":{"_acf_changed":false},"product_brand":[],"product_cat":[6195,6379,186,6345,6412,6428],"product_tag":[6433,6327,6216],"class_list":{"0":"post-133515","1":"product","2":"type-product","3":"status-publish","4":"has-post-thumbnail","6":"product_cat-t-shirts-men","7":"product_cat-custom-gifts-denmark-culture","8":"product_cat-men","9":"product_cat-mens-country-culture-t-shirts","10":"product_cat-photo-to-tees","11":"product_cat-translate-products","12":"product_tag-ai-artwork","13":"product_tag-custom-photo-t-shirt-for-men","14":"product_tag-mens-custom-t-shirts","16":"first","17":"instock","18":"taxable","19":"shipping-taxable","20":"purchasable","21":"product-type-simple"},"acf":[],"wcpa_form_fields":null,"_links":{"self":[{"href":"https:\/\/www.customywear.com\/ro\/wp-json\/wp\/v2\/product\/133515","targetHints":{"allow":["GET"]}}],"collection":[{"href":"https:\/\/www.customywear.com\/ro\/wp-json\/wp\/v2\/product"}],"about":[{"href":"https:\/\/www.customywear.com\/ro\/wp-json\/wp\/v2\/types\/product"}],"replies":[{"embeddable":true,"href":"https:\/\/www.customywear.com\/ro\/wp-json\/wp\/v2\/comments?post=133515"}],"wp:featuredmedia":[{"embeddable":true,"href":"https:\/\/www.customywear.com\/ro\/wp-json\/wp\/v2\/media\/133520"}],"wp:attachment":[{"href":"https:\/\/www.customywear.com\/ro\/wp-json\/wp\/v2\/media?parent=133515"}],"wp:term":[{"taxonomy":"product_brand","embeddable":true,"href":"https:\/\/www.customywear.com\/ro\/wp-json\/wp\/v2\/product_brand?post=133515"},{"taxonomy":"product_cat","embeddable":true,"href":"https:\/\/www.customywear.com\/ro\/wp-json\/wp\/v2\/product_cat?post=133515"},{"taxonomy":"product_tag","embeddable":true,"href":"https:\/\/www.customywear.com\/ro\/wp-json\/wp\/v2\/product_tag?post=133515"}],"curies":[{"name":"wp","href":"https:\/\/api.w.org\/{rel}","templated":true}]}}