{"id":133700,"date":"2025-05-17T14:53:19","date_gmt":"2025-05-17T14:53:19","guid":{"rendered":"https:\/\/www.customywear.com\/?post_type=product&#038;p=133700"},"modified":"2026-05-07T15:29:31","modified_gmt":"2026-05-07T15:29:31","slug":"tricou-copil-inspiratie-doctor","status":"publish","type":"product","link":"https:\/\/www.customywear.com\/ro\/doctor-inspiration-tshirt-child\/","title":{"rendered":"Custom Doctor Inspiration T-Shirt for Toddler Boys\u202f- Cotton DTG Personalized Photo Gift to Inspire Future Healthcare Heroes"},"content":{"rendered":"<p>Transform\u0103 imagina\u021bia micu\u021bului t\u0103u \u00een realitate cu tricoul nostru personalizat Doctor Inspiration pentru copii mici. Fabricat din bumbac premium moale, respirabil \u0219i imprimat cu tehnologia DTG vibrant\u0103 \u0219i durabil\u0103, fiecare tricou prezint\u0103 fotografia copilului t\u0103u transformat\u0103 \u00eentr-o oper\u0103 de art\u0103 digital\u0103 fermec\u0103toare a acestuia ca medic \u00een uniform\u0103 complet\u0103. Suficient de rezistent pentru joaca de zi cu zi, acest tricou personalizat este un cadou de neuitat pentru zile de na\u0219tere, s\u0103rb\u0103tori sau pur \u0219i simplu pentru a-i \u00eencuraja pasiunea \u00een devenire de a-i ajuta pe ceilal\u021bi.<\/p>","protected":false},"excerpt":{"rendered":"<p>\u00cemputernice\u0219te-i pe micii eroi din domeniul s\u0103n\u0103t\u0103\u021bii cu un tricou personalizat de inspira\u021bie pentru copii pentru b\u0103ie\u021bi. Tricourile personalizate DTG din bumbac premium fac din orice fotografie un tricou juc\u0103u\u0219 \u0219i inspirator.<\/p>","protected":false},"featured_media":133838,"comment_status":"open","ping_status":"closed","template":"","meta":{"_acf_changed":false},"product_brand":[],"product_cat":[6209,6380,6412,6428],"product_tag":[6433,6439,6221,6381],"class_list":{"0":"post-133700","1":"product","2":"type-product","3":"status-publish","4":"has-post-thumbnail","6":"product_cat-toddler-boy-t-shirts","7":"product_cat-custom-gifts-doctor-tees","8":"product_cat-photo-to-tees","9":"product_cat-translate-products","10":"product_tag-ai-artwork","11":"product_tag-ai-kids-artwork","12":"product_tag-custom-t-shirts-near-me","13":"product_tag-personalized-gifts-doctor-tees","15":"first","16":"instock","17":"taxable","18":"shipping-taxable","19":"purchasable","20":"product-type-simple"},"acf":[],"wcpa_form_fields":null,"_links":{"self":[{"href":"https:\/\/www.customywear.com\/ro\/wp-json\/wp\/v2\/product\/133700","targetHints":{"allow":["GET"]}}],"collection":[{"href":"https:\/\/www.customywear.com\/ro\/wp-json\/wp\/v2\/product"}],"about":[{"href":"https:\/\/www.customywear.com\/ro\/wp-json\/wp\/v2\/types\/product"}],"replies":[{"embeddable":true,"href":"https:\/\/www.customywear.com\/ro\/wp-json\/wp\/v2\/comments?post=133700"}],"wp:featuredmedia":[{"embeddable":true,"href":"https:\/\/www.customywear.com\/ro\/wp-json\/wp\/v2\/media\/133838"}],"wp:attachment":[{"href":"https:\/\/www.customywear.com\/ro\/wp-json\/wp\/v2\/media?parent=133700"}],"wp:term":[{"taxonomy":"product_brand","embeddable":true,"href":"https:\/\/www.customywear.com\/ro\/wp-json\/wp\/v2\/product_brand?post=133700"},{"taxonomy":"product_cat","embeddable":true,"href":"https:\/\/www.customywear.com\/ro\/wp-json\/wp\/v2\/product_cat?post=133700"},{"taxonomy":"product_tag","embeddable":true,"href":"https:\/\/www.customywear.com\/ro\/wp-json\/wp\/v2\/product_tag?post=133700"}],"curies":[{"name":"wp","href":"https:\/\/api.w.org\/{rel}","templated":true}]}}