{"id":133715,"date":"2025-05-17T14:53:20","date_gmt":"2025-05-17T14:53:20","guid":{"rendered":"https:\/\/www.customywear.com\/?post_type=product&#038;p=133715"},"modified":"2026-05-05T20:23:26","modified_gmt":"2026-05-05T20:23:26","slug":"tricou-foto-arta-femei-doctori-personalizat","status":"publish","type":"product","link":"https:\/\/www.customywear.com\/ro\/custom-photo-art-tshirt-women-doctors\/","title":{"rendered":"Tricouri personalizate din fotografii transformate \u00een art\u0103 pentru doctori\u021be \u0219i eroine din domeniul s\u0103n\u0103t\u0103\u021bii \u2013 cadou personalizat 100% bumbac pentru asistente medicale \u0219i studen\u021bi la medicin\u0103"},"content":{"rendered":"<p>S\u0103rb\u0103tori\u021bi femeile care sunt lideri \u00een domeniul s\u0103n\u0103t\u0103\u021bii cu tricourile noastre personalizate Photo-to-Art pentru femei doctori\u021be. Pur \u0219i simplu \u00eenc\u0103rca\u021bi o fotografie, iar arti\u0219tii no\u0219tri pricepu\u021bi o vor transforma \u00eentr-o oper\u0103 de art\u0103 digital\u0103 vibrant\u0103, reprezent\u00e2nd o femeie doctor \u00een uniform\u0103 pe fundalul unui spital. Fabricat din bumbac 100% premium \u0219i imprimat cu cerneluri DTG durabile, acest tricou personalizat ofer\u0103 confort pe tot parcursul zilei, calitate de lung\u0103 durat\u0103 \u0219i o reten\u021bie str\u0103lucitoare a culorilor. Perfect pentru a fi oferit cadou medicilor, asistentelor medicale, studen\u021bilor la medicin\u0103 \u0219i educatorilor cu ocazia zilelor de na\u0219tere, absolvirilor, promov\u0103rilor sau a oric\u0103rei ocazii speciale care le onoreaz\u0103 dedicarea.<\/p>","protected":false},"excerpt":{"rendered":"<p>Onoreaz\u0103 femeile \u00een asisten\u021ba medical\u0103 cu tricouri personalizate foto-to-art pentru femei, doctori \u0219i asistente. Tricourile personalizate din bumbac transform\u0103 orice fotografie \u00eentr-un cadou unic.<\/p>","protected":false},"featured_media":133746,"comment_status":"open","ping_status":"closed","template":"","meta":{"_acf_changed":false},"product_brand":[],"product_cat":[6191,6380,6412,6428,75,6354],"product_tag":[6214,6433,6328,229,6381,6215],"class_list":{"0":"post-133715","1":"product","2":"type-product","3":"status-publish","4":"has-post-thumbnail","6":"product_cat-t-shirts-women","7":"product_cat-custom-gifts-doctor-tees","8":"product_cat-photo-to-tees","9":"product_cat-translate-products","10":"product_cat-women","11":"product_cat-womens-profession-t-shirts","12":"product_tag-affordable-custom-t-shirts","13":"product_tag-ai-artwork","14":"product_tag-custom-image-t-shirt-for-women","15":"product_tag-custom-tee-shirts","16":"product_tag-personalized-gifts-doctor-tees","17":"product_tag-screen-printing-near-me","19":"first","20":"instock","21":"taxable","22":"shipping-taxable","23":"purchasable","24":"product-type-simple"},"acf":[],"wcpa_form_fields":null,"_links":{"self":[{"href":"https:\/\/www.customywear.com\/ro\/wp-json\/wp\/v2\/product\/133715","targetHints":{"allow":["GET"]}}],"collection":[{"href":"https:\/\/www.customywear.com\/ro\/wp-json\/wp\/v2\/product"}],"about":[{"href":"https:\/\/www.customywear.com\/ro\/wp-json\/wp\/v2\/types\/product"}],"replies":[{"embeddable":true,"href":"https:\/\/www.customywear.com\/ro\/wp-json\/wp\/v2\/comments?post=133715"}],"wp:featuredmedia":[{"embeddable":true,"href":"https:\/\/www.customywear.com\/ro\/wp-json\/wp\/v2\/media\/133746"}],"wp:attachment":[{"href":"https:\/\/www.customywear.com\/ro\/wp-json\/wp\/v2\/media?parent=133715"}],"wp:term":[{"taxonomy":"product_brand","embeddable":true,"href":"https:\/\/www.customywear.com\/ro\/wp-json\/wp\/v2\/product_brand?post=133715"},{"taxonomy":"product_cat","embeddable":true,"href":"https:\/\/www.customywear.com\/ro\/wp-json\/wp\/v2\/product_cat?post=133715"},{"taxonomy":"product_tag","embeddable":true,"href":"https:\/\/www.customywear.com\/ro\/wp-json\/wp\/v2\/product_tag?post=133715"}],"curies":[{"name":"wp","href":"https:\/\/api.w.org\/{rel}","templated":true}]}}